{"id":1247,"date":"2024-09-10T14:21:42","date_gmt":"2024-09-10T14:21:42","guid":{"rendered":"https:\/\/www.in4nova.com\/?page_id=1247"},"modified":"2024-10-09T08:20:39","modified_gmt":"2024-10-09T08:20:39","slug":"in-house-development","status":"publish","type":"page","link":"https:\/\/www.in4nova.com\/sr\/in-house-development\/","title":{"rendered":"Interni razvoj"},"content":{"rendered":"<div data-elementor-type=\"wp-page\" data-elementor-id=\"1247\" class=\"elementor elementor-1247\" data-elementor-settings=\"{&quot;element_pack_global_tooltip_width&quot;:{&quot;unit&quot;:&quot;px&quot;,&quot;size&quot;:&quot;&quot;,&quot;sizes&quot;:[]},&quot;element_pack_global_tooltip_width_tablet&quot;:{&quot;unit&quot;:&quot;px&quot;,&quot;size&quot;:&quot;&quot;,&quot;sizes&quot;:[]},&quot;element_pack_global_tooltip_width_mobile&quot;:{&quot;unit&quot;:&quot;px&quot;,&quot;size&quot;:&quot;&quot;,&quot;sizes&quot;:[]},&quot;element_pack_global_tooltip_padding&quot;:{&quot;unit&quot;:&quot;px&quot;,&quot;top&quot;:&quot;&quot;,&quot;right&quot;:&quot;&quot;,&quot;bottom&quot;:&quot;&quot;,&quot;left&quot;:&quot;&quot;,&quot;isLinked&quot;:true},&quot;element_pack_global_tooltip_padding_tablet&quot;:{&quot;unit&quot;:&quot;px&quot;,&quot;top&quot;:&quot;&quot;,&quot;right&quot;:&quot;&quot;,&quot;bottom&quot;:&quot;&quot;,&quot;left&quot;:&quot;&quot;,&quot;isLinked&quot;:true},&quot;element_pack_global_tooltip_padding_mobile&quot;:{&quot;unit&quot;:&quot;px&quot;,&quot;top&quot;:&quot;&quot;,&quot;right&quot;:&quot;&quot;,&quot;bottom&quot;:&quot;&quot;,&quot;left&quot;:&quot;&quot;,&quot;isLinked&quot;:true},&quot;element_pack_global_tooltip_border_radius&quot;:{&quot;unit&quot;:&quot;px&quot;,&quot;top&quot;:&quot;&quot;,&quot;right&quot;:&quot;&quot;,&quot;bottom&quot;:&quot;&quot;,&quot;left&quot;:&quot;&quot;,&quot;isLinked&quot;:true},&quot;element_pack_global_tooltip_border_radius_tablet&quot;:{&quot;unit&quot;:&quot;px&quot;,&quot;top&quot;:&quot;&quot;,&quot;right&quot;:&quot;&quot;,&quot;bottom&quot;:&quot;&quot;,&quot;left&quot;:&quot;&quot;,&quot;isLinked&quot;:true},&quot;element_pack_global_tooltip_border_radius_mobile&quot;:{&quot;unit&quot;:&quot;px&quot;,&quot;top&quot;:&quot;&quot;,&quot;right&quot;:&quot;&quot;,&quot;bottom&quot;:&quot;&quot;,&quot;left&quot;:&quot;&quot;,&quot;isLinked&quot;:true}}\" data-elementor-post-type=\"page\">\n\t\t\t\t<div class=\"elementor-element elementor-element-6937bfda e-flex e-con-boxed e-con e-parent\" data-id=\"6937bfda\" data-element_type=\"container\" data-e-type=\"container\" data-settings=\"{&quot;background_background&quot;:&quot;gradient&quot;}\">\n\t\t\t\t\t<div class=\"e-con-inner\">\n\t\t<div class=\"elementor-element elementor-element-bfa5869 e-flex e-con-boxed e-con e-child\" data-id=\"bfa5869\" data-element_type=\"container\" data-e-type=\"container\" data-settings=\"{&quot;background_background&quot;:&quot;classic&quot;}\">\n\t\t\t\t\t<div class=\"e-con-inner\">\n\t\t\t\t<div class=\"elementor-element elementor-element-0dc3121 elementor-widget__width-auto elementor-invisible elementor-widget elementor-widget-heading\" data-id=\"0dc3121\" data-element_type=\"widget\" data-e-type=\"widget\" data-settings=\"{&quot;_animation&quot;:&quot;fadeInUp&quot;}\" data-widget_type=\"heading.default\">\n\t\t\t\t<div class=\"elementor-widget-container\">\n\t\t\t\t\t<h6 class=\"elementor-heading-title elementor-size-default\"><a href=\"https:\/\/www.in4nova.com\/sr\/software-development\/\">Razvoj softvera i in\u017eenjering<\/a><\/h6>\t\t\t\t<\/div>\n\t\t\t\t<\/div>\n\t\t\t\t<div class=\"elementor-element elementor-element-656249a9  ui-split-animate ui-e-a-animate ui-splitby-chars elementor-invisible elementor-widget elementor-widget-highlighted-text\" data-id=\"656249a9\" data-element_type=\"widget\" data-e-type=\"widget\" data-settings=\"{&quot;_animation&quot;:&quot;fadeInUp&quot;,&quot;_animation_delay&quot;:&quot;160&quot;,&quot;ui_animate_split&quot;:&quot;ui-split-animate&quot;,&quot;ui_animate_split_by&quot;:&quot;chars&quot;,&quot;ui_animate_split_style&quot;:&quot;fadeInUp&quot;}\" data-widget_type=\"highlighted-text.default\">\n\t\t\t\t<div class=\"elementor-widget-container\">\n\t\t\t\t\t\t\t<h1 class=\"ui-e--highlighted-text\" >\n        <span class=\"ui-e-headline-text elementor-repeater-item-b2af7db\">Interni razvoj<\/span>        <\/h1>\n        \t\t\t\t<\/div>\n\t\t\t\t<\/div>\n\t\t\t\t<div class=\"elementor-element elementor-element-262c41b5 elementor-widget__width-initial elementor-widget-tablet__width-initial elementor-widget-mobile__width-inherit elementor-invisible elementor-widget elementor-widget-text-editor\" data-id=\"262c41b5\" data-element_type=\"widget\" data-e-type=\"widget\" data-settings=\"{&quot;_animation&quot;:&quot;fadeInUp&quot;,&quot;_animation_delay&quot;:&quot;200&quot;}\" data-widget_type=\"text-editor.default\">\n\t\t\t\t<div class=\"elementor-widget-container\">\n\t\t\t\t\t\t\t\t\t<p>Maksimizacija uspeha projekta uz razvoj u ku\u0107i.<\/p><p>Kori\u0161\u0107enje interne razvijenosti unutar na\u0161e kompanije nudi posebne prednosti koje direktno doprinose uspehu va\u0161ih projekata. Na\u0161i timovi su potpuno integrisani u va\u0161e poslovno okru\u017eenje, pru\u017eaju\u0107i duboko razumevanje va\u0161ih specifi\u010dnih potreba i ciljeva. Ova blizina osigurava da su na\u0161a re\u0161enja savr\u0161eno uskla\u0111ena sa va\u0161im ciljevima, omogu\u0107avaju\u0107i brze prilagodbe i visoke nivoe saradnje.<\/p>\t\t\t\t\t\t\t\t<\/div>\n\t\t\t\t<\/div>\n\t\t\t\t\t<\/div>\n\t\t\t\t<\/div>\n\t\t<div class=\"elementor-element elementor-element-2bbc1077 e-con-full e-flex e-con e-child\" data-id=\"2bbc1077\" data-element_type=\"container\" data-e-type=\"container\" data-settings=\"{&quot;background_background&quot;:&quot;classic&quot;}\">\n\t\t\t\t<div class=\"elementor-element elementor-element-6f957715 elementor-invisible elementor-widget elementor-widget-image\" data-id=\"6f957715\" data-element_type=\"widget\" data-e-type=\"widget\" data-settings=\"{&quot;_animation&quot;:&quot;fadeInRight&quot;}\" data-widget_type=\"image.default\">\n\t\t\t\t<div class=\"elementor-widget-container\">\n\t\t\t\t\t\t\t\t\t\t\t\t\t\t\t<img fetchpriority=\"high\" decoding=\"async\" width=\"1200\" height=\"675\" src=\"https:\/\/www.in4nova.com\/wp-content\/uploads\/2024\/09\/In-House-Development-Image.jpeg\" class=\"attachment-full size-full wp-image-1256\" alt=\"\" srcset=\"https:\/\/www.in4nova.com\/wp-content\/uploads\/2024\/09\/In-House-Development-Image.jpeg 1200w, https:\/\/www.in4nova.com\/wp-content\/uploads\/2024\/09\/In-House-Development-Image-300x169.jpeg 300w, https:\/\/www.in4nova.com\/wp-content\/uploads\/2024\/09\/In-House-Development-Image-1024x576.jpeg 1024w, https:\/\/www.in4nova.com\/wp-content\/uploads\/2024\/09\/In-House-Development-Image-768x432.jpeg 768w, https:\/\/www.in4nova.com\/wp-content\/uploads\/2024\/09\/In-House-Development-Image-18x10.jpeg 18w, https:\/\/www.in4nova.com\/wp-content\/uploads\/2024\/09\/In-House-Development-Image-650x366.jpeg 650w\" sizes=\"(max-width: 1200px) 100vw, 1200px\" \/>\t\t\t\t\t\t\t\t\t\t\t\t\t\t\t<\/div>\n\t\t\t\t<\/div>\n\t\t\t\t<\/div>\n\t\t\t\t\t<\/div>\n\t\t\t\t<\/div>\n\t\t<div class=\"elementor-element elementor-element-bcf080f e-flex e-con-boxed e-con e-parent\" data-id=\"bcf080f\" data-element_type=\"container\" data-e-type=\"container\">\n\t\t\t\t\t<div class=\"e-con-inner\">\n\t\t<div class=\"elementor-element elementor-element-90edda5 e-con-full e-flex e-con e-child\" data-id=\"90edda5\" data-element_type=\"container\" data-e-type=\"container\">\n\t\t\t\t<div class=\"elementor-element elementor-element-2854b46 elementor-widget elementor-widget-heading\" data-id=\"2854b46\" data-element_type=\"widget\" data-e-type=\"widget\" data-widget_type=\"heading.default\">\n\t\t\t\t<div class=\"elementor-widget-container\">\n\t\t\t\t\t<h2 class=\"elementor-heading-title elementor-size-default\">Jedna od klju\u010dnih prednosti na\u0161e interne razvijenosti je besprekorno omogu\u0107avanje komunikacije.<\/h2>\t\t\t\t<\/div>\n\t\t\t\t<\/div>\n\t\t\t\t<div class=\"elementor-element elementor-element-6db8404 elementor-widget elementor-widget-text-editor\" data-id=\"6db8404\" data-element_type=\"widget\" data-e-type=\"widget\" data-widget_type=\"text-editor.default\">\n\t\t\t\t<div class=\"elementor-widget-container\">\n\t\t\t\t\t\t\t\t\t<p>Na\u0161i timovi rade direktno sa va\u0161im klju\u010dnim osobama, omogu\u0107avaju\u0107i povratne informacije u realnom vremenu i brzu iteraciju. Ovaj blizak pristup pobolj\u0161ava kvalitet kona\u010dnog proizvoda, jer mo\u017eemo doneti informisane odluke brzo i efikasno.<\/p>\t\t\t\t\t\t\t\t<\/div>\n\t\t\t\t<\/div>\n\t\t\t\t<\/div>\n\t\t<div class=\"elementor-element elementor-element-12255a8 e-con-full e-flex e-con e-child\" data-id=\"12255a8\" data-element_type=\"container\" data-e-type=\"container\">\n\t\t\t\t<div class=\"elementor-element elementor-element-5e4957f elementor-widget elementor-widget-text-editor\" data-id=\"5e4957f\" data-element_type=\"widget\" data-e-type=\"widget\" data-widget_type=\"text-editor.default\">\n\t\t\t\t<div class=\"elementor-widget-container\">\n\t\t\t\t\t\t\t\t\t<p>Na\u0161i programeri su stru\u010dnjaci ne samo u svojim tehni\u010dkim oblastima, ve\u0107 i u razumevanju jedinstvenih izazova va\u0161e industrije. Ova kombinacija tehni\u010dkih ve\u0161tina i poslovne perspektive omogu\u0107ava nam da pru\u017eimo re\u0161enja koja su inovativna i prakti\u010dna, prilago\u0111ena za unapre\u0111enje va\u0161eg poslovanja.<\/p><p>Pored toga, na\u0161e posve\u0107enost dugoro\u010dnim partnerstvima zna\u010di da smo investirani u va\u0161 uspeh i nakon po\u010detnog projekta. Nudimo kontinuiranu podr\u0161ku i stalna unapre\u0111enja, osiguravaju\u0107i da va\u0161 softver ostane najsavremeniji i da odgovara va\u0161im rastu\u0107im potrebama.<\/p><p>\u00a0<\/p>\t\t\t\t\t\t\t\t<\/div>\n\t\t\t\t<\/div>\n\t\t\t\t<\/div>\n\t\t\t\t\t<\/div>\n\t\t\t\t<\/div>\n\t\t\t\t<section class=\"elementor-section elementor-top-section elementor-element elementor-element-1bb405cc elementor-section-boxed elementor-section-height-default elementor-section-height-default\" data-id=\"1bb405cc\" data-element_type=\"section\" data-e-type=\"section\" data-settings=\"{&quot;background_background&quot;:&quot;classic&quot;}\">\n\t\t\t\t\t\t<div class=\"elementor-container elementor-column-gap-default\">\n\t\t\t\t\t<div class=\"elementor-column elementor-col-100 elementor-top-column elementor-element elementor-element-6e3143c6\" data-id=\"6e3143c6\" data-element_type=\"column\" data-e-type=\"column\" data-settings=\"{&quot;background_background&quot;:&quot;classic&quot;}\">\n\t\t\t<div class=\"elementor-widget-wrap elementor-element-populated\">\n\t\t\t\t\t<div class=\"elementor-background-overlay\"><\/div>\n\t\t\t\t\t\t<div class=\"elementor-element elementor-element-5540f1ca elementor-widget__width-inherit elementor-widget-mobile__width-inherit elementor-invisible elementor-widget elementor-widget-text-editor\" data-id=\"5540f1ca\" data-element_type=\"widget\" data-e-type=\"widget\" data-settings=\"{&quot;_animation&quot;:&quot;fadeInDown&quot;,&quot;_animation_delay&quot;:450}\" data-widget_type=\"text-editor.default\">\n\t\t\t\t<div class=\"elementor-widget-container\">\n\t\t\t\t\t\t\t\t\t<p>Odabirom na\u0161ih internih razvojnih usluga, birate partnera koji stavlja va\u0161 uspeh na prvo mesto, pru\u017ea vrhunska re\u0161enja i blisko sara\u0111uje sa va\u0161im timom kako bi postigao najbolje mogu\u0107e rezultate. Ovaj pristup ne samo da optimizuje va\u0161e trenutne projekte, ve\u0107 postavlja temelje za dugoro\u010dan rast i inovacije.<\/p>\t\t\t\t\t\t\t\t<\/div>\n\t\t\t\t<\/div>\n\t\t\t\t\t<\/div>\n\t\t<\/div>\n\t\t\t\t\t<\/div>\n\t\t<\/section>\n\t\t\t\t<\/div>","protected":false},"excerpt":{"rendered":"<p>Software Development &amp; Engineering In house development Maximizing Project Success with In-House Development Leveraging in-house development within our company offers distinct advantages [&hellip;]<\/p>","protected":false},"author":1,"featured_media":0,"parent":0,"menu_order":0,"comment_status":"closed","ping_status":"closed","template":"","meta":{"footnotes":""},"class_list":["post-1247","page","type-page","status-publish","hentry"],"_links":{"self":[{"href":"https:\/\/www.in4nova.com\/sr\/wp-json\/wp\/v2\/pages\/1247","targetHints":{"allow":["GET"]}}],"collection":[{"href":"https:\/\/www.in4nova.com\/sr\/wp-json\/wp\/v2\/pages"}],"about":[{"href":"https:\/\/www.in4nova.com\/sr\/wp-json\/wp\/v2\/types\/page"}],"author":[{"embeddable":true,"href":"https:\/\/www.in4nova.com\/sr\/wp-json\/wp\/v2\/users\/1"}],"replies":[{"embeddable":true,"href":"https:\/\/www.in4nova.com\/sr\/wp-json\/wp\/v2\/comments?post=1247"}],"version-history":[{"count":31,"href":"https:\/\/www.in4nova.com\/sr\/wp-json\/wp\/v2\/pages\/1247\/revisions"}],"predecessor-version":[{"id":1712,"href":"https:\/\/www.in4nova.com\/sr\/wp-json\/wp\/v2\/pages\/1247\/revisions\/1712"}],"wp:attachment":[{"href":"https:\/\/www.in4nova.com\/sr\/wp-json\/wp\/v2\/media?parent=1247"}],"curies":[{"name":"wp","href":"https:\/\/api.w.org\/{rel}","templated":true}]}}