{"id":1286,"date":"2024-09-10T14:52:07","date_gmt":"2024-09-10T14:52:07","guid":{"rendered":"https:\/\/www.in4nova.com\/?page_id=1286"},"modified":"2024-10-04T10:40:15","modified_gmt":"2024-10-04T10:40:15","slug":"artificial-intelligence","status":"publish","type":"page","link":"https:\/\/www.in4nova.com\/sr\/artificial-intelligence\/","title":{"rendered":"Ve\u0161ta\u010dka inteligencija"},"content":{"rendered":"<div data-elementor-type=\"wp-page\" data-elementor-id=\"1286\" class=\"elementor elementor-1286\" data-elementor-settings=\"{&quot;element_pack_global_tooltip_width&quot;:{&quot;unit&quot;:&quot;px&quot;,&quot;size&quot;:&quot;&quot;,&quot;sizes&quot;:[]},&quot;element_pack_global_tooltip_width_tablet&quot;:{&quot;unit&quot;:&quot;px&quot;,&quot;size&quot;:&quot;&quot;,&quot;sizes&quot;:[]},&quot;element_pack_global_tooltip_width_mobile&quot;:{&quot;unit&quot;:&quot;px&quot;,&quot;size&quot;:&quot;&quot;,&quot;sizes&quot;:[]},&quot;element_pack_global_tooltip_padding&quot;:{&quot;unit&quot;:&quot;px&quot;,&quot;top&quot;:&quot;&quot;,&quot;right&quot;:&quot;&quot;,&quot;bottom&quot;:&quot;&quot;,&quot;left&quot;:&quot;&quot;,&quot;isLinked&quot;:true},&quot;element_pack_global_tooltip_padding_tablet&quot;:{&quot;unit&quot;:&quot;px&quot;,&quot;top&quot;:&quot;&quot;,&quot;right&quot;:&quot;&quot;,&quot;bottom&quot;:&quot;&quot;,&quot;left&quot;:&quot;&quot;,&quot;isLinked&quot;:true},&quot;element_pack_global_tooltip_padding_mobile&quot;:{&quot;unit&quot;:&quot;px&quot;,&quot;top&quot;:&quot;&quot;,&quot;right&quot;:&quot;&quot;,&quot;bottom&quot;:&quot;&quot;,&quot;left&quot;:&quot;&quot;,&quot;isLinked&quot;:true},&quot;element_pack_global_tooltip_border_radius&quot;:{&quot;unit&quot;:&quot;px&quot;,&quot;top&quot;:&quot;&quot;,&quot;right&quot;:&quot;&quot;,&quot;bottom&quot;:&quot;&quot;,&quot;left&quot;:&quot;&quot;,&quot;isLinked&quot;:true},&quot;element_pack_global_tooltip_border_radius_tablet&quot;:{&quot;unit&quot;:&quot;px&quot;,&quot;top&quot;:&quot;&quot;,&quot;right&quot;:&quot;&quot;,&quot;bottom&quot;:&quot;&quot;,&quot;left&quot;:&quot;&quot;,&quot;isLinked&quot;:true},&quot;element_pack_global_tooltip_border_radius_mobile&quot;:{&quot;unit&quot;:&quot;px&quot;,&quot;top&quot;:&quot;&quot;,&quot;right&quot;:&quot;&quot;,&quot;bottom&quot;:&quot;&quot;,&quot;left&quot;:&quot;&quot;,&quot;isLinked&quot;:true}}\" data-elementor-post-type=\"page\">\n\t\t\t\t<div class=\"elementor-element elementor-element-6d2fa06e e-flex e-con-boxed e-con e-parent\" data-id=\"6d2fa06e\" data-element_type=\"container\" data-e-type=\"container\" data-settings=\"{&quot;background_background&quot;:&quot;gradient&quot;}\">\n\t\t\t\t\t<div class=\"e-con-inner\">\n\t\t<div class=\"elementor-element elementor-element-4912681c e-flex e-con-boxed e-con e-child\" data-id=\"4912681c\" data-element_type=\"container\" data-e-type=\"container\" data-settings=\"{&quot;background_background&quot;:&quot;classic&quot;}\">\n\t\t\t\t\t<div class=\"e-con-inner\">\n\t\t\t\t<div class=\"elementor-element elementor-element-6088c98b elementor-widget__width-auto elementor-invisible elementor-widget elementor-widget-heading\" data-id=\"6088c98b\" data-element_type=\"widget\" data-e-type=\"widget\" data-settings=\"{&quot;_animation&quot;:&quot;fadeInUp&quot;}\" data-widget_type=\"heading.default\">\n\t\t\t\t<div class=\"elementor-widget-container\">\n\t\t\t\t\t<h6 class=\"elementor-heading-title elementor-size-default\"><a href=\"https:\/\/www.in4nova.com\/sr\/software-development\/\">Razvoj softvera i in\u017eenjering<\/a><\/h6>\t\t\t\t<\/div>\n\t\t\t\t<\/div>\n\t\t\t\t<div class=\"elementor-element elementor-element-79b8f132  ui-split-animate ui-e-a-animate ui-splitby-chars elementor-invisible elementor-widget elementor-widget-highlighted-text\" data-id=\"79b8f132\" data-element_type=\"widget\" data-e-type=\"widget\" data-settings=\"{&quot;_animation&quot;:&quot;fadeInUp&quot;,&quot;_animation_delay&quot;:&quot;160&quot;,&quot;ui_animate_split&quot;:&quot;ui-split-animate&quot;,&quot;ui_animate_split_by&quot;:&quot;chars&quot;,&quot;ui_animate_split_style&quot;:&quot;fadeInUp&quot;}\" data-widget_type=\"highlighted-text.default\">\n\t\t\t\t<div class=\"elementor-widget-container\">\n\t\t\t\t\t\t\t<h1 class=\"ui-e--highlighted-text\" >\n        <span class=\"ui-e-headline-text elementor-repeater-item-b2af7db\">Ve\u0161ta\u010dka inteligencija<\/span>        <\/h1>\n        \t\t\t\t<\/div>\n\t\t\t\t<\/div>\n\t\t\t\t<div class=\"elementor-element elementor-element-13cf63a0 elementor-widget__width-initial elementor-widget-tablet__width-initial elementor-widget-mobile__width-inherit elementor-invisible elementor-widget elementor-widget-text-editor\" data-id=\"13cf63a0\" data-element_type=\"widget\" data-e-type=\"widget\" data-settings=\"{&quot;_animation&quot;:&quot;fadeInUp&quot;,&quot;_animation_delay&quot;:&quot;200&quot;}\" data-widget_type=\"text-editor.default\">\n\t\t\t\t<div class=\"elementor-widget-container\">\n\t\t\t\t\t\t\t\t\t<p>Pokretanje inovacija uz integraciju ve\u0161ta\u010dke inteligencije.<\/p><p>Integracija ve\u0161ta\u010dke inteligencije (AI) u va\u0161e poslovne procese mo\u017ee revolucionisati na\u010din na koji poslujete, podsti\u010du\u0107i inovacije i omogu\u0107avaju\u0107i pametnije dono\u0161enje odluka. AI re\u0161enja pru\u017eaju mogu\u0107nost brzog analizira velikih koli\u010dina podataka, otkrivaju\u0107i uvide koji bi bili te\u0161ki ili nemogu\u0107i za otkrivanje ru\u010dno. Automatizacijom rutinskih zadataka i optimizacijom slo\u017eenih procesa, AI osloba\u0111a dragoceno vreme va\u0161em timu da se fokusira na strate\u0161ke aktivnosti.<\/p>\t\t\t\t\t\t\t\t<\/div>\n\t\t\t\t<\/div>\n\t\t\t\t\t<\/div>\n\t\t\t\t<\/div>\n\t\t<div class=\"elementor-element elementor-element-7847f88d e-con-full e-flex e-con e-child\" data-id=\"7847f88d\" data-element_type=\"container\" data-e-type=\"container\" data-settings=\"{&quot;background_background&quot;:&quot;classic&quot;}\">\n\t\t\t\t<div class=\"elementor-element elementor-element-7b0e3040 elementor-invisible elementor-widget elementor-widget-image\" data-id=\"7b0e3040\" data-element_type=\"widget\" data-e-type=\"widget\" data-settings=\"{&quot;_animation&quot;:&quot;fadeInRight&quot;}\" data-widget_type=\"image.default\">\n\t\t\t\t<div class=\"elementor-widget-container\">\n\t\t\t\t\t\t\t\t\t\t\t\t\t\t\t<img fetchpriority=\"high\" decoding=\"async\" width=\"1920\" height=\"1080\" src=\"https:\/\/www.in4nova.com\/wp-content\/uploads\/2024\/09\/AI-from-NewsNationNow-scaled.webp\" class=\"attachment-full size-full wp-image-1296\" alt=\"\" srcset=\"https:\/\/www.in4nova.com\/wp-content\/uploads\/2024\/09\/AI-from-NewsNationNow-scaled.webp 1920w, https:\/\/www.in4nova.com\/wp-content\/uploads\/2024\/09\/AI-from-NewsNationNow-300x169.webp 300w, https:\/\/www.in4nova.com\/wp-content\/uploads\/2024\/09\/AI-from-NewsNationNow-1024x576.webp 1024w, https:\/\/www.in4nova.com\/wp-content\/uploads\/2024\/09\/AI-from-NewsNationNow-768x432.webp 768w, https:\/\/www.in4nova.com\/wp-content\/uploads\/2024\/09\/AI-from-NewsNationNow-1536x864.webp 1536w, https:\/\/www.in4nova.com\/wp-content\/uploads\/2024\/09\/AI-from-NewsNationNow-2048x1152.webp 2048w, https:\/\/www.in4nova.com\/wp-content\/uploads\/2024\/09\/AI-from-NewsNationNow-18x10.webp 18w, https:\/\/www.in4nova.com\/wp-content\/uploads\/2024\/09\/AI-from-NewsNationNow-650x366.webp 650w\" sizes=\"(max-width: 1920px) 100vw, 1920px\" \/>\t\t\t\t\t\t\t\t\t\t\t\t\t\t\t<\/div>\n\t\t\t\t<\/div>\n\t\t\t\t<\/div>\n\t\t\t\t\t<\/div>\n\t\t\t\t<\/div>\n\t\t<div class=\"elementor-element elementor-element-33d2dfd0 e-flex e-con-boxed e-con e-parent\" data-id=\"33d2dfd0\" data-element_type=\"container\" data-e-type=\"container\">\n\t\t\t\t\t<div class=\"e-con-inner\">\n\t\t<div class=\"elementor-element elementor-element-679c4538 e-con-full e-flex e-con e-child\" data-id=\"679c4538\" data-element_type=\"container\" data-e-type=\"container\">\n\t\t\t\t<div class=\"elementor-element elementor-element-1b48fbbe elementor-widget elementor-widget-heading\" data-id=\"1b48fbbe\" data-element_type=\"widget\" data-e-type=\"widget\" data-widget_type=\"heading.default\">\n\t\t\t\t<div class=\"elementor-widget-container\">\n\t\t\t\t\t<h2 class=\"elementor-heading-title elementor-size-default\">Na\u0161 pristup integraciji ve\u0161ta\u010dke inteligencije zasniva se na razumevanju va\u0161ih jedinstvenih poslovnih potreba i izazova.<\/h2>\t\t\t\t<\/div>\n\t\t\t\t<\/div>\n\t\t\t\t<div class=\"elementor-element elementor-element-2dc118b3 elementor-widget elementor-widget-text-editor\" data-id=\"2dc118b3\" data-element_type=\"widget\" data-e-type=\"widget\" data-widget_type=\"text-editor.default\">\n\t\t\t\t<div class=\"elementor-widget-container\">\n\t\t\t\t\t\t\t\t\t<p>Prilago\u0111avamo AI re\u0161enja va\u0161im specifi\u010dnim ciljevima, bilo da je re\u010d o pobolj\u0161anju korisni\u010dkog iskustva, pove\u0107anju operativne efikasnosti ili razvoju novih proizvoda i usluga. Uz AI, mo\u017eete donositi odluke zasnovane na podacima br\u017ee, smanjuju\u0107i gre\u0161ke i pove\u0107avaju\u0107i ta\u010dnost u predikcijama i rezultatima.<\/p>\t\t\t\t\t\t\t\t<\/div>\n\t\t\t\t<\/div>\n\t\t\t\t<\/div>\n\t\t<div class=\"elementor-element elementor-element-5419afd8 e-con-full e-flex e-con e-child\" data-id=\"5419afd8\" data-element_type=\"container\" data-e-type=\"container\">\n\t\t\t\t<div class=\"elementor-element elementor-element-1889de1b elementor-widget elementor-widget-text-editor\" data-id=\"1889de1b\" data-element_type=\"widget\" data-e-type=\"widget\" data-widget_type=\"text-editor.default\">\n\t\t\t\t<div class=\"elementor-widget-container\">\n\t\t\t\t\t\t\t\t\t<p>Pored toga, AI poma\u017ee u personalizaciji interakcija sa korisnicima, predvi\u0111anju tr\u017ei\u0161nih trendova, pa \u010dak i otkrivanju anomalija pre nego \u0161to postanu kriti\u010dni problemi. Ovaj proaktivan pristup ne samo da pove\u0107ava agilnost va\u0161e kompanije, ve\u0107 vas i postavlja ispred konkurencije, omogu\u0107avaju\u0107i vam da efikasnije reagujete na promene na tr\u017ei\u0161tu.<br \/>Na\u0161a stru\u010dnost u oblasti ve\u0161ta\u010dke inteligencije obuhvata razli\u010dite industrije, omogu\u0107avaju\u0107i nam da pru\u017eimo re\u0161enja koja nisu samo tehni\u010dki napredna, ve\u0107 i prakti\u010dna i uskla\u0111ena sa va\u0161om poslovnom strategijom. Integracijom AI u va\u0161e operacije, mo\u017eete otklju\u010dati nove mogu\u0107nosti za rast, optimizovati radne procese i unaprediti celokupan proces dono\u0161enja odluka.<\/p>\t\t\t\t\t\t\t\t<\/div>\n\t\t\t\t<\/div>\n\t\t\t\t<\/div>\n\t\t\t\t\t<\/div>\n\t\t\t\t<\/div>\n\t\t\t\t<section class=\"elementor-section elementor-top-section elementor-element elementor-element-56f0fd65 elementor-section-boxed elementor-section-height-default elementor-section-height-default\" data-id=\"56f0fd65\" data-element_type=\"section\" data-e-type=\"section\" data-settings=\"{&quot;background_background&quot;:&quot;classic&quot;}\">\n\t\t\t\t\t\t<div class=\"elementor-container elementor-column-gap-default\">\n\t\t\t\t\t<div class=\"elementor-column elementor-col-100 elementor-top-column elementor-element elementor-element-5a82d3a\" data-id=\"5a82d3a\" data-element_type=\"column\" data-e-type=\"column\" data-settings=\"{&quot;background_background&quot;:&quot;classic&quot;}\">\n\t\t\t<div class=\"elementor-widget-wrap elementor-element-populated\">\n\t\t\t\t\t<div class=\"elementor-background-overlay\"><\/div>\n\t\t\t\t\t\t<div class=\"elementor-element elementor-element-5c146273 elementor-widget__width-inherit elementor-widget-mobile__width-inherit elementor-invisible elementor-widget elementor-widget-text-editor\" data-id=\"5c146273\" data-element_type=\"widget\" data-e-type=\"widget\" data-settings=\"{&quot;_animation&quot;:&quot;fadeInDown&quot;,&quot;_animation_delay&quot;:450}\" data-widget_type=\"text-editor.default\">\n\t\t\t\t<div class=\"elementor-widget-container\">\n\t\t\t\t\t\t\t\t\t<p>Ukratko, integracija ve\u0161ta\u010dke inteligencije je mo\u0107an alat za podsticanje inovacija i dono\u0161enje pametnijih, podacima zasnovanih odluka. Iskori\u0161\u0107avanjem potencijala AI, va\u0161e poslovanje mo\u017ee posti\u0107i ve\u0107u efikasnost, preciznost i agilnost, otvaraju\u0107i put ka dugoro\u010dnom uspehu na tr\u017ei\u0161tu koje se brzo menja.<\/p>\t\t\t\t\t\t\t\t<\/div>\n\t\t\t\t<\/div>\n\t\t\t\t\t<\/div>\n\t\t<\/div>\n\t\t\t\t\t<\/div>\n\t\t<\/section>\n\t\t\t\t<\/div>","protected":false},"excerpt":{"rendered":"<p>Software Development &amp; Engineering Artificial intelligence Driving Innovation with AI Integration Integrating artificial intelligence (AI) into your business processes can revolutionize the [&hellip;]<\/p>","protected":false},"author":1,"featured_media":0,"parent":0,"menu_order":0,"comment_status":"closed","ping_status":"closed","template":"","meta":{"footnotes":""},"class_list":["post-1286","page","type-page","status-publish","hentry"],"_links":{"self":[{"href":"https:\/\/www.in4nova.com\/sr\/wp-json\/wp\/v2\/pages\/1286","targetHints":{"allow":["GET"]}}],"collection":[{"href":"https:\/\/www.in4nova.com\/sr\/wp-json\/wp\/v2\/pages"}],"about":[{"href":"https:\/\/www.in4nova.com\/sr\/wp-json\/wp\/v2\/types\/page"}],"author":[{"embeddable":true,"href":"https:\/\/www.in4nova.com\/sr\/wp-json\/wp\/v2\/users\/1"}],"replies":[{"embeddable":true,"href":"https:\/\/www.in4nova.com\/sr\/wp-json\/wp\/v2\/comments?post=1286"}],"version-history":[{"count":25,"href":"https:\/\/www.in4nova.com\/sr\/wp-json\/wp\/v2\/pages\/1286\/revisions"}],"predecessor-version":[{"id":1650,"href":"https:\/\/www.in4nova.com\/sr\/wp-json\/wp\/v2\/pages\/1286\/revisions\/1650"}],"wp:attachment":[{"href":"https:\/\/www.in4nova.com\/sr\/wp-json\/wp\/v2\/media?parent=1286"}],"curies":[{"name":"wp","href":"https:\/\/api.w.org\/{rel}","templated":true}]}}