{"id":1300,"date":"2024-09-10T14:56:44","date_gmt":"2024-09-10T14:56:44","guid":{"rendered":"https:\/\/www.in4nova.com\/?page_id=1300"},"modified":"2024-10-04T10:39:13","modified_gmt":"2024-10-04T10:39:13","slug":"cloud-development","status":"publish","type":"page","link":"https:\/\/www.in4nova.com\/sr\/cloud-development\/","title":{"rendered":"Razvoj u oblaku"},"content":{"rendered":"<div data-elementor-type=\"wp-page\" data-elementor-id=\"1300\" class=\"elementor elementor-1300\" data-elementor-settings=\"{&quot;element_pack_global_tooltip_width&quot;:{&quot;unit&quot;:&quot;px&quot;,&quot;size&quot;:&quot;&quot;,&quot;sizes&quot;:[]},&quot;element_pack_global_tooltip_width_tablet&quot;:{&quot;unit&quot;:&quot;px&quot;,&quot;size&quot;:&quot;&quot;,&quot;sizes&quot;:[]},&quot;element_pack_global_tooltip_width_mobile&quot;:{&quot;unit&quot;:&quot;px&quot;,&quot;size&quot;:&quot;&quot;,&quot;sizes&quot;:[]},&quot;element_pack_global_tooltip_padding&quot;:{&quot;unit&quot;:&quot;px&quot;,&quot;top&quot;:&quot;&quot;,&quot;right&quot;:&quot;&quot;,&quot;bottom&quot;:&quot;&quot;,&quot;left&quot;:&quot;&quot;,&quot;isLinked&quot;:true},&quot;element_pack_global_tooltip_padding_tablet&quot;:{&quot;unit&quot;:&quot;px&quot;,&quot;top&quot;:&quot;&quot;,&quot;right&quot;:&quot;&quot;,&quot;bottom&quot;:&quot;&quot;,&quot;left&quot;:&quot;&quot;,&quot;isLinked&quot;:true},&quot;element_pack_global_tooltip_padding_mobile&quot;:{&quot;unit&quot;:&quot;px&quot;,&quot;top&quot;:&quot;&quot;,&quot;right&quot;:&quot;&quot;,&quot;bottom&quot;:&quot;&quot;,&quot;left&quot;:&quot;&quot;,&quot;isLinked&quot;:true},&quot;element_pack_global_tooltip_border_radius&quot;:{&quot;unit&quot;:&quot;px&quot;,&quot;top&quot;:&quot;&quot;,&quot;right&quot;:&quot;&quot;,&quot;bottom&quot;:&quot;&quot;,&quot;left&quot;:&quot;&quot;,&quot;isLinked&quot;:true},&quot;element_pack_global_tooltip_border_radius_tablet&quot;:{&quot;unit&quot;:&quot;px&quot;,&quot;top&quot;:&quot;&quot;,&quot;right&quot;:&quot;&quot;,&quot;bottom&quot;:&quot;&quot;,&quot;left&quot;:&quot;&quot;,&quot;isLinked&quot;:true},&quot;element_pack_global_tooltip_border_radius_mobile&quot;:{&quot;unit&quot;:&quot;px&quot;,&quot;top&quot;:&quot;&quot;,&quot;right&quot;:&quot;&quot;,&quot;bottom&quot;:&quot;&quot;,&quot;left&quot;:&quot;&quot;,&quot;isLinked&quot;:true}}\" data-elementor-post-type=\"page\">\n\t\t\t\t<div class=\"elementor-element elementor-element-6cb87ba e-flex e-con-boxed e-con e-parent\" data-id=\"6cb87ba\" data-element_type=\"container\" data-e-type=\"container\" data-settings=\"{&quot;background_background&quot;:&quot;gradient&quot;}\">\n\t\t\t\t\t<div class=\"e-con-inner\">\n\t\t<div class=\"elementor-element elementor-element-d6c53d4 e-flex e-con-boxed e-con e-child\" data-id=\"d6c53d4\" data-element_type=\"container\" data-e-type=\"container\" data-settings=\"{&quot;background_background&quot;:&quot;classic&quot;}\">\n\t\t\t\t\t<div class=\"e-con-inner\">\n\t\t\t\t<div class=\"elementor-element elementor-element-61bd09f4 elementor-widget__width-auto elementor-invisible elementor-widget elementor-widget-heading\" data-id=\"61bd09f4\" data-element_type=\"widget\" data-e-type=\"widget\" data-settings=\"{&quot;_animation&quot;:&quot;fadeInUp&quot;}\" data-widget_type=\"heading.default\">\n\t\t\t\t<div class=\"elementor-widget-container\">\n\t\t\t\t\t<h6 class=\"elementor-heading-title elementor-size-default\"><a href=\"https:\/\/www.in4nova.com\/sr\/software-development\/\">Razvoj softvera i in\u017eenjering<\/a><\/h6>\t\t\t\t<\/div>\n\t\t\t\t<\/div>\n\t\t\t\t<div class=\"elementor-element elementor-element-39042394  ui-split-animate ui-e-a-animate ui-splitby-chars elementor-invisible elementor-widget elementor-widget-highlighted-text\" data-id=\"39042394\" data-element_type=\"widget\" data-e-type=\"widget\" data-settings=\"{&quot;_animation&quot;:&quot;fadeInUp&quot;,&quot;_animation_delay&quot;:&quot;160&quot;,&quot;ui_animate_split&quot;:&quot;ui-split-animate&quot;,&quot;ui_animate_split_by&quot;:&quot;chars&quot;,&quot;ui_animate_split_style&quot;:&quot;fadeInUp&quot;}\" data-widget_type=\"highlighted-text.default\">\n\t\t\t\t<div class=\"elementor-widget-container\">\n\t\t\t\t\t\t\t<h1 class=\"ui-e--highlighted-text\" >\n        <span class=\"ui-e-headline-text elementor-repeater-item-b2af7db\">Razvoj u oblaku<\/span>        <\/h1>\n        \t\t\t\t<\/div>\n\t\t\t\t<\/div>\n\t\t\t\t<div class=\"elementor-element elementor-element-5e3ea79 elementor-widget__width-initial elementor-widget-tablet__width-initial elementor-widget-mobile__width-inherit elementor-invisible elementor-widget elementor-widget-text-editor\" data-id=\"5e3ea79\" data-element_type=\"widget\" data-e-type=\"widget\" data-settings=\"{&quot;_animation&quot;:&quot;fadeInUp&quot;,&quot;_animation_delay&quot;:&quot;200&quot;}\" data-widget_type=\"text-editor.default\">\n\t\t\t\t<div class=\"elementor-widget-container\">\n\t\t\t\t\t\t\t\t\t<p>Osna\u017eite svoje poslovanje uz skalabilne usluge razvoja u oblaku.<\/p><p>Razvoj u oblaku omogu\u0107ava preduze\u0107ima da neometano skaliraju svoje operacije, uz obezbe\u0111ivanje vrhunskog nivoa sigurnosti. Kori\u0161\u0107enjem vode\u0107ih provajdera cloud usluga poput Amazon Web Services (AWS), Microsoft Azure i Google Cloud, pru\u017eamo robusna, skalabilna re\u0161enja prilago\u0111ena va\u0161im specifi\u010dnim potrebama. Ove platforme omogu\u0107avaju fleksibilnost u \u0161irenju ili smanjenju resursa prema potrebi, optimizuju\u0107i tro\u0161kove i pobolj\u0161avaju\u0107i efikasnost.<\/p>\t\t\t\t\t\t\t\t<\/div>\n\t\t\t\t<\/div>\n\t\t\t\t\t<\/div>\n\t\t\t\t<\/div>\n\t\t<div class=\"elementor-element elementor-element-16f3b11b e-con-full e-flex e-con e-child\" data-id=\"16f3b11b\" data-element_type=\"container\" data-e-type=\"container\" data-settings=\"{&quot;background_background&quot;:&quot;classic&quot;}\">\n\t\t\t\t<div class=\"elementor-element elementor-element-4a62ddbb elementor-invisible elementor-widget elementor-widget-image\" data-id=\"4a62ddbb\" data-element_type=\"widget\" data-e-type=\"widget\" data-settings=\"{&quot;_animation&quot;:&quot;fadeInRight&quot;}\" data-widget_type=\"image.default\">\n\t\t\t\t<div class=\"elementor-widget-container\">\n\t\t\t\t\t\t\t\t\t\t\t\t\t\t\t<img fetchpriority=\"high\" decoding=\"async\" width=\"1920\" height=\"1080\" src=\"https:\/\/www.in4nova.com\/wp-content\/uploads\/2024\/09\/Cloud-Development-iStock-scaled.jpg\" class=\"attachment-full size-full wp-image-1303\" alt=\"\" srcset=\"https:\/\/www.in4nova.com\/wp-content\/uploads\/2024\/09\/Cloud-Development-iStock-scaled.jpg 1920w, https:\/\/www.in4nova.com\/wp-content\/uploads\/2024\/09\/Cloud-Development-iStock-300x169.jpg 300w, https:\/\/www.in4nova.com\/wp-content\/uploads\/2024\/09\/Cloud-Development-iStock-1024x576.jpg 1024w, https:\/\/www.in4nova.com\/wp-content\/uploads\/2024\/09\/Cloud-Development-iStock-768x432.jpg 768w, https:\/\/www.in4nova.com\/wp-content\/uploads\/2024\/09\/Cloud-Development-iStock-1536x864.jpg 1536w, https:\/\/www.in4nova.com\/wp-content\/uploads\/2024\/09\/Cloud-Development-iStock-2048x1152.jpg 2048w, https:\/\/www.in4nova.com\/wp-content\/uploads\/2024\/09\/Cloud-Development-iStock-18x10.jpg 18w, https:\/\/www.in4nova.com\/wp-content\/uploads\/2024\/09\/Cloud-Development-iStock-650x366.jpg 650w\" sizes=\"(max-width: 1920px) 100vw, 1920px\" \/>\t\t\t\t\t\t\t\t\t\t\t\t\t\t\t<\/div>\n\t\t\t\t<\/div>\n\t\t\t\t<\/div>\n\t\t\t\t\t<\/div>\n\t\t\t\t<\/div>\n\t\t<div class=\"elementor-element elementor-element-6eecb7a6 e-flex e-con-boxed e-con e-parent\" data-id=\"6eecb7a6\" data-element_type=\"container\" data-e-type=\"container\">\n\t\t\t\t\t<div class=\"e-con-inner\">\n\t\t<div class=\"elementor-element elementor-element-190529b2 e-con-full e-flex e-con e-child\" data-id=\"190529b2\" data-element_type=\"container\" data-e-type=\"container\">\n\t\t\t\t<div class=\"elementor-element elementor-element-2c883761 elementor-widget elementor-widget-heading\" data-id=\"2c883761\" data-element_type=\"widget\" data-e-type=\"widget\" data-widget_type=\"heading.default\">\n\t\t\t\t<div class=\"elementor-widget-container\">\n\t\t\t\t\t<h2 class=\"elementor-heading-title elementor-size-default\">Na\u0161e usluge razvoja u oblaku osiguravaju da su va\u0161e aplikacije bezbedne, uskla\u0111ene sa propisima i lako dostupne.<\/h2>\t\t\t\t<\/div>\n\t\t\t\t<\/div>\n\t\t\t\t<\/div>\n\t\t<div class=\"elementor-element elementor-element-3c944382 e-con-full e-flex e-con e-child\" data-id=\"3c944382\" data-element_type=\"container\" data-e-type=\"container\">\n\t\t\t\t<div class=\"elementor-element elementor-element-6da00a84 elementor-widget elementor-widget-text-editor\" data-id=\"6da00a84\" data-element_type=\"widget\" data-e-type=\"widget\" data-widget_type=\"text-editor.default\">\n\t\t\t\t<div class=\"elementor-widget-container\">\n\t\t\t\t\t\t\t\t\t<p>Ovo omogu\u0107ava br\u017eu implementaciju novih funkcionalnosti i pobolj\u0161ava saradnju me\u0111u timovima, pru\u017eaju\u0107i va\u0161em poslovanju konkurentsku prednost.<\/p><p>Od po\u010detne strategije i arhitekture do implementacije i stalnog upravljanja, vodimo vas kroz ceo proces prelaska na cloud. Iskori\u0161\u0107avanjem mo\u0107i AWS-a, Azure-a i Google Cloud-a, va\u0161e poslovanje mo\u017ee posti\u0107i ve\u0107u agilnost, inovacije i uspeh u dana\u0161njem digitalnom okru\u017eenju.<\/p>\t\t\t\t\t\t\t\t<\/div>\n\t\t\t\t<\/div>\n\t\t\t\t<\/div>\n\t\t\t\t\t<\/div>\n\t\t\t\t<\/div>\n\t\t\t\t<\/div>","protected":false},"excerpt":{"rendered":"<p>Software Development &amp; Engineering Cloud development Empower Your Business with Scalable Cloud Development Services Cloud development offers businesses the ability to scale [&hellip;]<\/p>","protected":false},"author":1,"featured_media":0,"parent":0,"menu_order":0,"comment_status":"closed","ping_status":"closed","template":"","meta":{"footnotes":""},"class_list":["post-1300","page","type-page","status-publish","hentry"],"_links":{"self":[{"href":"https:\/\/www.in4nova.com\/sr\/wp-json\/wp\/v2\/pages\/1300","targetHints":{"allow":["GET"]}}],"collection":[{"href":"https:\/\/www.in4nova.com\/sr\/wp-json\/wp\/v2\/pages"}],"about":[{"href":"https:\/\/www.in4nova.com\/sr\/wp-json\/wp\/v2\/types\/page"}],"author":[{"embeddable":true,"href":"https:\/\/www.in4nova.com\/sr\/wp-json\/wp\/v2\/users\/1"}],"replies":[{"embeddable":true,"href":"https:\/\/www.in4nova.com\/sr\/wp-json\/wp\/v2\/comments?post=1300"}],"version-history":[{"count":19,"href":"https:\/\/www.in4nova.com\/sr\/wp-json\/wp\/v2\/pages\/1300\/revisions"}],"predecessor-version":[{"id":1646,"href":"https:\/\/www.in4nova.com\/sr\/wp-json\/wp\/v2\/pages\/1300\/revisions\/1646"}],"wp:attachment":[{"href":"https:\/\/www.in4nova.com\/sr\/wp-json\/wp\/v2\/media?parent=1300"}],"curies":[{"name":"wp","href":"https:\/\/api.w.org\/{rel}","templated":true}]}}