{"id":3,"date":"2024-07-18T07:00:51","date_gmt":"2024-07-18T07:00:51","guid":{"rendered":"https:\/\/www.in4nova.com\/?page_id=3"},"modified":"2024-09-11T09:38:31","modified_gmt":"2024-09-11T09:38:31","slug":"privacy-policy","status":"publish","type":"page","link":"https:\/\/www.in4nova.com\/sr\/privacy-policy\/","title":{"rendered":"Politika privatnosti"},"content":{"rendered":"<h3 class=\"wp-block-heading\" id=\"h-1-data-privacy\">1. Privatnost li\u010dnih podataka<\/h3>\n\n\n\n<p>Obavezne informacije o obradi va\u0161ih podataka u skladu sa \u010dlanom 13. Evropske op\u0161te uredbe o za\u0161titi podataka (EU GDPR)<\/p>\n\n\n\n<p>Pozivanja na zakonske zahteve odnose se na Op\u0161tu uredbu o za\u0161titi podataka (GDPR), kao i na verziju nema\u010dkog Saveznog zakona o za\u0161titi podataka (BDSG) koji se primenjuje od 25.05.2018.<\/p>\n\n\n\n<p><strong>Opseg:<\/strong><\/p>\n\n\n\n<p>Ova izjava o privatnosti podataka odnosi se na online prisustvo IN4NOVA (www.IN4NOVA.com) i na li\u010dne podatke prikupjene putem ovog websajta. Za sajtove kojima upravljaju tre\u0107a ica (druge firme), kao \u0161to su npr. sajtovi kojima se pristupa putem linkova, mi ne odgovaramo i molimo vas da njihove izjave o privatnosti podataka pro\u010ditate na tim sajtovima.<\/p>\n\n\n\n<p><strong>Kompanija:<\/strong><\/p>\n\n\n\n<p>IN4NOVA D.O.O.<br>Drinska 20<br>15307 Loznica<br>Phone: +49-841-22052560<br>E-mail: info@IN4NOVA.com<\/p>\n\n\n\n<p><strong>Za\u0161tita podataka<\/strong><\/p>\n\n\n\n<p>Kada koristite veb lokaciju, mi postupamo sa poverljivo\u0161c\u0301u va\u0161ih li\u010dnih podataka iu skladu sa Op\u0161tom uredbom o za\u0161titi podataka (GDPR).<\/p>\n\n\n\n<p>Za\u0161tita li\u010dnih podataka je relevantna i va\u017ena za nas.<\/p>\n\n\n\n<p>Moguc\u0301e je koristiti na\u0161u veb stranicu bez davanja li\u010dnih podataka.<\/p>\n\n\n\n<p>IN4NOVA obra\u0111uje va\u0161e li\u010dne podatke u skladu sa zakonskim okvirima i \u2013 tamo gde je to neophodno \u2013 va\u0161om dozvolom\/odobrenjem. Primarni pravni osnov za to od 25.08.2018 je EU General Data Protection Regulation (EU GDPR).&nbsp;<a href=\"https:\/\/eur-lex.europa.eu\/legal-content\/DE\/TXT\/HTML\/?uri=CELEX:32016R0679&amp;from=DE\">EU General Data Protection Regulation<\/a>&nbsp;(EU GDPR).<\/p>\n\n\n\n<p>Prikuljeni podaci ne\u0107e biti prosle\u0111ivani tre\u0107im licima bez va\u0161eg izri\u010ditog pristanka. U slede\u0107oj izjavi \u017eelimo da Vam pru\u017eimo informacije o na\u010dinu obrade va\u0161ih li\u010dnih podataka kada posetite na\u0161 sajt www.IN4NOVA.com<\/p>\n\n\n\n<h3 class=\"wp-block-heading\" id=\"h-2-establishing-connection-to-the-website-www-in4nova-com\">2. Povezivanje na websajt www.IN4NOVA.com<\/h3>\n\n\n\n<p>Kada posetite na\u0161u veb lokaciju, va\u0161 pretra\u017eiva\u010d kontaktira na\u0161 veb server da bi pozvao veb lokacije kojima \u017eelite da pristupite. U su\u0161tini, ne morate da se registrujete ili identifikujete da biste koristili ovu funkciju. Me\u0111utim, upiti i povratne informacije na\u0161eg servera se dodeljuju na osnovu va\u0161e IP adrese, koja se koristi za uspostavljanje veze sa va\u0161im identitetom, prema potrebi. Detaljno, li\u010dni podaci, kao \u0161to je va\u0161a IP adresa, se prenose na na\u0161 veb server u okviru HTTP\/S preuzimanja. Ove podatke o vezi obra\u0111uje na\u0161 veb server da bi se omoguc\u0301io pristup veb lokaciji.<\/p>\n\n\n\n<p>Pored toga, odgovarajuc\u0301i HTTP\/S pozivi se evidentiraju u datoteci evidencije. Koristimo ovo za pronala\u017eenje tehni\u010dkih gre\u0161aka i da bismo mogli da spre\u010dimo i razjasnimo napade na na\u0161e sisteme. Pored toga, koristimo vec\u0301 uskladi\u0161tene datoteke evidencije za kreiranje evaluacija koje koristimo za optimizaciju na\u0161e veb lokacije. Evaluacija se kao takva odvija u anonimnom obliku, odnosno kombinovanjem podataka o pozivima, tako da rezultati vi\u0161e nemaju nikakvu li\u010dnu referencu.<\/p>\n\n\n\n<p>\u0160tavi\u0161e, po pravilu se podaci obra\u0111uju na osnovu na\u0161ih legitimnih interesa u skladu sa. do \u010dl. 6(1) Ta\u010dka (f) GDPR. Na\u0161 legitimni interes je da vodimo veb stranicu za op\u0161te informacije i komunikacije i da predstavimo na\u0161u kompaniju.<\/p>\n\n\n\n<p>Po pravilu, fajlovi evidencije se obra\u0111uju na pravnoj osnovi na\u0161ih legitimnih interesa u skladu sa. do \u010dl. 6 (1) Ta\u010dka (f) GDPR. Na\u0161 legitimni interes je da za\u0161titimo na\u0161e objekte i sisteme od napada i, ako je potrebno, da preduzmemo pravne mere protiv napada\u010da i da dalje razvijamo na\u0161e veb stranice u komercijalne svrhe.<\/p>\n\n\n\n<p>U osnovi, podatke potpuno automatski obra\u0111uje na\u0161 veb host 1&amp;1 IONOS SE, Elgendorfer Str. 57, 56410 Montabaur, Nema\u010dka.<\/p>\n\n\n\n<p>Podaci iz datoteke evidencije se \u010duvaju 14 dana. Svi ostali podaci c\u0301e biti izbrisani odmah nakon implementacije HTTP\/S prikaza.<\/p>\n\n\n\n<h3 class=\"wp-block-heading\" id=\"h-3-communication-by-e-mail-or-telephone\">3. Komunikacija putem e-po\u0161te ili telefona<\/h3>\n\n\n\n<p>Na\u0161a veb stranica vam pru\u017ea moguc\u0301nost da nas kontaktirate putem e-po\u0161te ili telefona. U ovom slu\u010daju, informacije koje ste dali \u010duvaju se u svrhu obrade zahteva za kontakt i za eventualna pitanja. Ako nas kontaktirate sa odre\u0111enom zabrinuto\u0161c\u0301u ili ako vas kontaktiramo, mi naravno obra\u0111ujemo i va\u0161e li\u010dne podatke, npr. ime, adresu, adresu e-po\u0161te, broj telefona i komunikacioni sadr\u017eaj za sprovo\u0111enje razmene informacija sa vama.<\/p>\n\n\n\n<p>U okviru e-mail ili telefonske komunikacije, va\u0161i podaci se obra\u0111uju na osnovu \u010dl. 6(1) Ta\u010dka (b) GDPR, pod uslovom da je takva razmena povezana sa pokretanjem ili ispunjenjem ugovora sa vama. Za ostalo, pravni osnov zavisi od specifi\u010dne svrhe razmene. U vec\u0301ini slu\u010dajeva, \u010dl. 6(1) Ta\u010dka (f) GDPR (na\u0161 legitimni interes da vodimo poslovnu korespondenciju ili, na primer, da odgovorimo na upite o za\u0161titi podataka) c\u0301e biti relevantna.<\/p>\n\n\n\n<p>Niste u obavezi da date svoje podatke. Me\u0111utim, nije moguc\u0301e komunicirati putem e-po\u0161te ili telefona bez obrade va\u0161ih li\u010dnih podataka.<\/p>\n\n\n\n<p>Interno, va\u0161e podatke prosle\u0111ujemo samo odgovarajuc\u0301em telu odgovornom za va\u0161u zabrinutost.<\/p>\n\n\n\n<p>Va\u0161i li\u010dni podaci c\u0301e biti izbrisani kada vi\u0161e ne budu potrebni za bilo kakvu razmenu sa vama. Po potrebi podaci se \u010duvaju du\u017ee na osnovu \u010dl. 6(1) Ta\u010dka (c) GDPR i.c.v. relevantne zakonske periode zadr\u017eavanja (posebno prema komercijalnim, kao i poreskim i fiskalnim zakonima). Poslovna korespondencija se obi\u010dno \u010duva deset godina nakon isteka godine u kojoj je primljena.<\/p>\n\n\n\n<h3 class=\"wp-block-heading\" id=\"h-4-cookies\">4. Kola\u010dic\u0301i<\/h3>\n\n\n\n<p>Internet stranice koriste takozvane kola\u010dic\u0301e i sli\u010dne tehnologije. Kola\u010dic\u0301 je mala tekstualna datoteka koja se sastoji od slova i brojeva i \u010duva se na va\u0161em ure\u0111aju ako posetite veb lokaciju. Koristimo kola\u010dic\u0301 sesije na na\u0161oj veb stranici. Ovaj kola\u010dic\u0301 sadr\u017ei informacije koje se \u010duvaju na va\u0161em ra\u010dunaru ili mobilnom terminalu za vreme va\u0161e posete kada posetite ovu veb lokaciju. Kada pregledate veb lokaciju, na\u0161 sistem ili \u010dak bilo koja druga veb lokacija koja prepoznaje navedeni kola\u010dic\u0301 mo\u017ee da ga preuzme. Ovo omoguc\u0301ava da se va\u0161 ure\u0111aj razlikuje od ure\u0111aja drugih korisnika kada pretra\u017eujete veb lokaciju. Kola\u010dic\u0301 sesije koji koristimo je neophodan da bi se obezbedila funkcionalnost veb stranice; bez kori\u0161c\u0301enja takvog kola\u010dic\u0301a, nije moguc\u0301e raditi na veb lokaciji.<\/p>\n\n\n\n<h3 class=\"wp-block-heading\" id=\"h-5-google-analytics\">5. Google Analytics<\/h3>\n\n\n\n<p>Zbog na\u0161ih legitimnih interesa, ovaj sajt koristi za optimizaciju i analizu na\u0161e onlajn ponude u smislu \u010dl. 6 st. 1 lit. f. DSGVO usluga \u201eGoogle Analitics\u201c koju nudi Google Ireland Ltd. (4 Barrov St, Dablin, D04 E5V5, Irska). Usluga (Google analitika) koristi \u201ekola\u010dic\u0301e\u201c \u2013 tekstualne datoteke koje se \u010duvaju na va\u0161em ure\u0111aju. Informacije koje prikupljaju kola\u010dic\u0301i obi\u010dno se \u0161alju na Google server u SAD i tamo se \u010duvaju. Google LLC je u skladu sa evropskim zakonom o za\u0161titi podataka i sertifikovan je u skladu sa Ugovorom o za\u0161titi privatnosti: https:\/\/vvv.privacishield.gov\/participant?id=a2zt000000001L5AAI&amp;status=Active. Ova veb lokacija pristupa anonimizaciji IP-a. IP adresa korisnika se skrac\u0301uje u zemljama \u010dlanicama EU i Evropskog ekonomskog prostora i u drugim dr\u017eavama ugovornicama sporazuma. O Samo u pojedina\u010dnim slu\u010dajevima IP adresa se prvobitno prenosi na Google server i tamo skrac\u0301uje. Ovo smanjenje elimini\u0161e li\u010dnu referencu va\u0161e IP adrese. IP adresa korisnika koju pru\u017ea pregleda\u010d nec\u0301e biti kombinovana sa drugim podacima koje \u010duva Google.<\/p>\n\n\n\n<p>U skladu sa uslovima Ugovora o podacima o porud\u017ebini, koji smo uspostavili kao operater veb stranice sa Google Ireland Ltd., Kompanija koristi prikupljene informacije da sastavi procenu kori\u0161c\u0301enja veb stranice i aktivnosti veb stranice i pru\u017ea usluge vezane za Internet. Podaci koje Google prikupi u na\u0161e ime koristic\u0301e se za procenu kori\u0161c\u0301enja na\u0161e onlajn ponude od strane pojedina\u010dnih korisnika, kao \u0161to su: Na primer, za generisanje izve\u0161taja o aktivnostima na veb lokaciji kako bismo pobolj\u0161ali na\u0161u onlajn ponudu.<\/p>\n\n\n\n<p>Imate opciju da spre\u010dite skladi\u0161tenje kola\u010dic\u0301a na svom ure\u0111aju tako \u0161to c\u0301ete izvr\u0161iti odgovarajuc\u0301a pode\u0161avanja u svom pretra\u017eiva\u010du. Ne postoji garancija da c\u0301ete moc\u0301i da pristupite svim funkcijama ove veb stranice bez ograni\u010denja ako va\u0161 pretra\u017eiva\u010d ne dozvoljava kola\u010dic\u0301e.<\/p>\n\n\n\n<p>\u0160tavi\u0161e, mo\u017eete da koristite dodatak za pregleda\u010d da spre\u010dite da se informacije koje prikupljaju kola\u010dic\u0301i (uklju\u010dujuc\u0301i va\u0161u IP adresu) \u0161alju Google Ireland Ltd. i koristi ih Google Ireland Ltd. Sledec\u0301i link vas vodi do odgovarajuc\u0301e dodatne komponente: https: \/\/tools.google.com\/dlpage\/gaoptout?hl=de.<\/p>\n\n\n\n<p>Evo vi\u0161e informacija o kori\u0161c\u0301enju podataka od strane Google Ireland Ltd.:<\/p>\n\n\n\n<ul class=\"wp-block-list\">\n<li><a href=\"https:\/\/policies.google.com\/privacy\/partners?hl=en\">https:\/\/policies.google.com\/privacy\/partners?hl=en<\/a> (data collected by Google partners)<\/li>\n\n\n\n<li><a href=\"https:\/\/adssettings.google.de\/authenticated\">https:\/\/adssettings.google.de\/authenticated<\/a> (settings about ads you see)<\/li>\n\n\n\n<li><a href=\"https:\/\/policies.google.com\/technologies\/ads?hl=en\">https:\/\/policies.google.com\/technologies\/ads?hl=en<\/a> (use of cookies in ads)<\/li>\n<\/ul>\n\n\n\n<p>Pravni osnov za obradu je \u00a7 15 Aps. 3 TMG ili \u010dl. 6 Abs. 1 lit. f) GDPR. U poslednjem slu\u010daju, obrada slu\u017ei legitimnom interesu na\u0161ih korisnika da dobiju najbolje moguc\u0301e korisni\u010dko iskustvo. Tako\u0111e slu\u017ei na\u0161im legitimnim poslovnim interesima u optimizaciji na\u0161e veb stranice, pobolj\u0161anju njenog dosega, upotrebljivosti i sadr\u017eaja, \u0161to na kraju poma\u017ee u razvoju na\u0161eg poslovanja.<\/p>\n\n\n\n<h3 class=\"wp-block-heading\" id=\"h-6-use-of-google-maps\">6. Kori\u0161c\u0301enje Google mapa<\/h3>\n\n\n\n<p>Koristimo uslugu mapiranja \u201eGoogle Maps\u201c na na\u0161oj veb stranici. Ozna\u010dili smo lokaciju KSIT-a na Google mapama i ugradili ovu mapu u na\u0161u veb stranicu pod \u201eKontakt\u201c. Kontrolor za\u0161tite podataka je kompanija Google LLC (1600 Amphitheatre Parkvai, Mountain Viev, CA 94043, SAD). Nemamo pristup podacima koje prikuplja Google u okviru usluge mapiranja. Svaku obradu podataka odre\u0111uje sam Google. Ipak, da bismo obezbedili najbolji moguc\u0301i nivo transparentnosti, \u017eelimo da vam pru\u017eimo neke informacije o obradi podataka u vezi sa uslugom mapiranja Google mapa. Dodatne informacije mo\u017eete pronac\u0301i u Google politici privatnosti (dostupnoj na policis.google.com\/privaci).<\/p>\n\n\n\n<p>Iz perspektive IN4NOVA, obrada va\u0161ih li\u010dnih podataka u vezi sa uslugom mapiranja Google Maps slu\u017ei legitimnim interesima u skladu sa. do \u010dl. 6(1) Ta\u010dka (f) GDPR. Na\u0161 legitimni interes je da unapredimo na\u0161u veb stranicu kako bismo promovisali na\u0161e poslovne svrhe i omoguc\u0301ili posetiocima da brzo prona\u0111u lokacije IN4NOVA. Dodatne informacije o pravnom osnovu za obradu va\u0161ih li\u010dnih podataka mo\u017eete pronac\u0301i u politici privatnosti Google-a kao kontrolora (dostupno na policis.google.com\/privacy).<\/p>\n\n\n\n<p>Niste u obavezi da date svoje li\u010dne podatke. Me\u0111utim, nec\u0301e biti moguc\u0301e koristiti na\u0161u veb lokaciju vvv.k-sit.de i uslugu mapiranja Google Maps ugra\u0111enu u veb lokaciju bez obrade va\u0161ih li\u010dnih podataka.<\/p>\n\n\n\n<p>Nemamo nikakav pristup va\u0161im li\u010dnim podacima u vezi sa uslugom mapiranja Google mapa i ne delimo nikakve informacije sa trec\u0301im licima. Dodatne informacije o \u0161irenju va\u0161ih li\u010dnih podataka od strane Google-a kao kontrolora mogu se nac\u0301i u Google politici privatnosti (dostupnoj na policis.google.com\/privacy).<\/p>\n\n\n\n<p>Nemamo nikakav pristup va\u0161im li\u010dnim podacima u vezi sa uslugom mapiranja Google mapa i ne delimo nikakve informacije sa trec\u0301im licima. Dodatne informacije o \u0161irenju va\u0161ih li\u010dnih podataka od strane Google-a kao kontrolora mogu se nac\u0301i u Google politici privatnosti (dostupnoj na policis.google.com\/privacy).<\/p>\n\n\n\n<p>Nemamo pristup va\u0161im li\u010dne podatke u vezi sa uslugom mapiranja Google Maps i uradite ne deli nikakve informacije sa trec\u0301im licima. Dodatne informacije o \u0161irenje va\u0161ih li\u010dnih podataka od strane Google-a kao kontrolora mo\u017ee biti nalazi u Google politici privatnosti (dostupno na policy.google.com\/privacy).<\/p>\n\n\n\n<h3 class=\"wp-block-heading\" id=\"h-7-applications\">7. Prijave za posao<\/h3>\n\n\n\n<p>Na\u0161 websajt vam pru\u017ea mogu\u0107nost da se prijavite za otvorena radna mesta putem emaila carrier@IN4NOVA.com. Li\u010dni podaci koje nam po\u0161aljete u okviru va\u0161e prijave tretiraju se poverljivo i isklju\u010divo se koriste za obradu prijave, i ako je potrebno, u narednim koracima u procesu stupanja u radni odnos. Li\u010dne podatke koristimo u cilju procene va\u0161ih kvalifikacija za relevantnu poziciju, za rukovanje samom prijavom, kao i da bismo bili u mogu\u0107nosti da vas kontaktiramo i identifikujemo.<\/p>\n\n\n\n<p>U okviru procedure prijave, va\u0161i li\u010dni podaci se obra\u0111uju na osnovu \u010dl. 6(1) Ta\u010dka (b) GDPR (zapo\u010dinjanje i\/ili izvr\u0161enje ugovora) i \u010dlan 26(1) S. 1 BDSG (Nema\u010dki savezni zakon o za\u0161titi podataka).<\/p>\n\n\n\n<p>Napominjemo da niste u obavezi da date svoje podatke u okviru procedure prijave. Me\u0111utim, nije moguc\u0301e obraditi prijavu i zasnovati radni odnos bez obrade va\u0161ih podataka; kao rezultat toga, va\u0161a aplikacija mo\u017eda nec\u0301e biti uzeta u obzir bez davanja takvih podataka.<\/p>\n\n\n\n<p>Va\u0161im li\u010dnim podatcima rukuju samo i isklju\u010divo zaposleni unutar IN4NOVA kompanije, koji su deo procesa selekcije i zapo\u0161ljavanja novih kadrova.<\/p>\n\n\n\n<p>Va\u0161i li\u010dni podaci c\u0301e biti izbrisani kada vi\u0161e ne budu potrebni za proceduru prijave (npr. u slu\u010daju bilo kakvog odbijanja ili negativne odluke o va\u0161oj prijavi). Davanjem posebne izjave, mo\u017eete se slo\u017eiti da mo\u017eemo dodati bilo koju neuspe\u0161nu prijavu u na\u0161 skup prijava nakon \u0161to se odgovarajuc\u0301i postupak prijave zavr\u0161i. U tom slu\u010daju postoji moguc\u0301nost da vas ponovo kontaktiramo za odgovarajuc\u0301e oglase za posao koji odgovaraju va\u0161em profilu. Va\u0161a prijava c\u0301e biti ostavljena u grupi kandidata na period od maksimalno 24 meseca; nakon toga c\u0301emo automatski izbrisati va\u0161e podatke. Ako nakon Va\u0161e prijave sledi zaklju\u010divanje ugovora, Va\u0161i podaci se i dalje \u010duvaju i koriste za uobi\u010dajeni proces organizacije i administracije i za sprovo\u0111enje radnog odnosa uz po\u0161tovanje relevantnih zakonskih propisa.<\/p>\n\n\n\n<h3 class=\"wp-block-heading\" id=\"h-8-your-rights\">8. Va\u0161a prava<\/h3>\n\n\n\n<p>Kada je na\u0161a kompanija obra\u0111ivala podatke o va\u0161em identitetu, imate sledec\u0301a prava u okviru odgovarajuc\u0301ih granica zakonskih propisa:<\/p>\n\n\n\n<ul class=\"wp-block-list\">\n<li><strong>Pravo pristupa<\/strong>, posebno na podatke zadr\u017eane kod kontrolora i svrhe njihove obrade (\u010dl. 15 GDPR);<\/li>\n\n\n\n<li><strong>Pravo na ispravku<\/strong>\u00a0neta\u010dnih i\/ili popunjavanja nepotpunih podataka (\u010dl. 16 GDPR);<\/li>\n\n\n\n<li><strong>Pravo na brisanje<\/strong>, na primer. podaci koji se nezakonito obra\u0111uju ili vi\u0161e nisu potrebni (\u010dl. 17 GDPR);<\/li>\n\n\n\n<li><strong>Pravo na ograni\u010denje<\/strong>\u00a0obrade (\u010dl. 18 GDPR);<\/li>\n\n\n\n<li><strong>Pravo na prigovor<\/strong>\u00a0na obradu, posebno ako se podaci obra\u0111uju radi za\u0161tite legitimnih interesa kontrolora (\u010dl. 21 GDPR); i<\/li>\n\n\n\n<li><strong>Pravo na prenosivost podataka<\/strong>, gde se obrada zasniva na saglasnosti ili se sprovodi radi sprovo\u0111enja ugovora ili automatizovanim sredstvima (\u010dl. 20 GDPR).<\/li>\n<\/ul>\n\n\n\n<p>Kada se bilo koja obrada zasniva na pristanku koji ste dali (\u010dl. 6(1) ta\u010dka (a) GDPR ili \u010dlan 9(2) ta\u010dka (a) GDPR)), imate pravo da povu\u010dete svoju saglasnost u bilo kom trenutku. Ovo ne uti\u010de na zakonitost bilo koje obrade izvr\u0161ene na osnovu pristanka do va\u0161eg povla\u010denja. \u0160tavi\u0161e, mo\u017eete nam uputiti sve nedoumice&nbsp;<strong>slu\u017ebenik za za\u0161titu podataka (data protection officer)<\/strong>, dsb@IN4NOVA.com, ili na adresu&nbsp;<strong>nadzornih organa.<\/strong>&nbsp;Za IN4NOVA, ovo je Bavarian State Office for Data Protection Supervision (Postal address: Postfach 1349, 91504 Ansbach, Germany, e-mail: poststelle@lda.bayern.de)<\/p>\n\n\n\n<h4 class=\"wp-block-heading\" id=\"h-updated-december-2022\"><strong><em>A\u017eurirano: Decembar 2022<\/em><\/strong><\/h4>","protected":false},"excerpt":{"rendered":"<p>1. Data Privacy Obligatory information on the processing of your data in accordance with article 13 of the European General Data Protection [&hellip;]<\/p>","protected":false},"author":1,"featured_media":0,"parent":0,"menu_order":0,"comment_status":"closed","ping_status":"open","template":"","meta":{"footnotes":""},"class_list":["post-3","page","type-page","status-publish","hentry"],"_links":{"self":[{"href":"https:\/\/www.in4nova.com\/sr\/wp-json\/wp\/v2\/pages\/3","targetHints":{"allow":["GET"]}}],"collection":[{"href":"https:\/\/www.in4nova.com\/sr\/wp-json\/wp\/v2\/pages"}],"about":[{"href":"https:\/\/www.in4nova.com\/sr\/wp-json\/wp\/v2\/types\/page"}],"author":[{"embeddable":true,"href":"https:\/\/www.in4nova.com\/sr\/wp-json\/wp\/v2\/users\/1"}],"replies":[{"embeddable":true,"href":"https:\/\/www.in4nova.com\/sr\/wp-json\/wp\/v2\/comments?post=3"}],"version-history":[{"count":1,"href":"https:\/\/www.in4nova.com\/sr\/wp-json\/wp\/v2\/pages\/3\/revisions"}],"predecessor-version":[{"id":637,"href":"https:\/\/www.in4nova.com\/sr\/wp-json\/wp\/v2\/pages\/3\/revisions\/637"}],"wp:attachment":[{"href":"https:\/\/www.in4nova.com\/sr\/wp-json\/wp\/v2\/media?parent=3"}],"curies":[{"name":"wp","href":"https:\/\/api.w.org\/{rel}","templated":true}]}}