{"id":514,"date":"2024-08-03T23:51:20","date_gmt":"2024-08-03T23:51:20","guid":{"rendered":"https:\/\/www.in4nova.com\/?page_id=514"},"modified":"2024-10-09T08:17:22","modified_gmt":"2024-10-09T08:17:22","slug":"cyber-security","status":"publish","type":"page","link":"https:\/\/www.in4nova.com\/sr\/cyber-security\/","title":{"rendered":"Cyber bezbednost"},"content":{"rendered":"<div data-elementor-type=\"wp-page\" data-elementor-id=\"514\" class=\"elementor elementor-514\" data-elementor-settings=\"{&quot;element_pack_global_tooltip_width&quot;:{&quot;unit&quot;:&quot;px&quot;,&quot;size&quot;:&quot;&quot;,&quot;sizes&quot;:[]},&quot;element_pack_global_tooltip_width_tablet&quot;:{&quot;unit&quot;:&quot;px&quot;,&quot;size&quot;:&quot;&quot;,&quot;sizes&quot;:[]},&quot;element_pack_global_tooltip_width_mobile&quot;:{&quot;unit&quot;:&quot;px&quot;,&quot;size&quot;:&quot;&quot;,&quot;sizes&quot;:[]},&quot;element_pack_global_tooltip_padding&quot;:{&quot;unit&quot;:&quot;px&quot;,&quot;top&quot;:&quot;&quot;,&quot;right&quot;:&quot;&quot;,&quot;bottom&quot;:&quot;&quot;,&quot;left&quot;:&quot;&quot;,&quot;isLinked&quot;:true},&quot;element_pack_global_tooltip_padding_tablet&quot;:{&quot;unit&quot;:&quot;px&quot;,&quot;top&quot;:&quot;&quot;,&quot;right&quot;:&quot;&quot;,&quot;bottom&quot;:&quot;&quot;,&quot;left&quot;:&quot;&quot;,&quot;isLinked&quot;:true},&quot;element_pack_global_tooltip_padding_mobile&quot;:{&quot;unit&quot;:&quot;px&quot;,&quot;top&quot;:&quot;&quot;,&quot;right&quot;:&quot;&quot;,&quot;bottom&quot;:&quot;&quot;,&quot;left&quot;:&quot;&quot;,&quot;isLinked&quot;:true},&quot;element_pack_global_tooltip_border_radius&quot;:{&quot;unit&quot;:&quot;px&quot;,&quot;top&quot;:&quot;&quot;,&quot;right&quot;:&quot;&quot;,&quot;bottom&quot;:&quot;&quot;,&quot;left&quot;:&quot;&quot;,&quot;isLinked&quot;:true},&quot;element_pack_global_tooltip_border_radius_tablet&quot;:{&quot;unit&quot;:&quot;px&quot;,&quot;top&quot;:&quot;&quot;,&quot;right&quot;:&quot;&quot;,&quot;bottom&quot;:&quot;&quot;,&quot;left&quot;:&quot;&quot;,&quot;isLinked&quot;:true},&quot;element_pack_global_tooltip_border_radius_mobile&quot;:{&quot;unit&quot;:&quot;px&quot;,&quot;top&quot;:&quot;&quot;,&quot;right&quot;:&quot;&quot;,&quot;bottom&quot;:&quot;&quot;,&quot;left&quot;:&quot;&quot;,&quot;isLinked&quot;:true}}\" data-elementor-post-type=\"page\">\n\t\t\t\t\t\t<div class=\"elementor-section elementor-top-section elementor-element elementor-element-16ad2ead elementor-section-boxed elementor-section-height-default elementor-section-height-default\" data-id=\"16ad2ead\" data-element_type=\"section\" data-e-type=\"section\">\n\t\t\t\t\t\t<div class=\"elementor-container elementor-column-gap-default\">\n\t\t\t\t\t<div class=\"elementor-column elementor-col-50 elementor-top-column elementor-element elementor-element-271f4ee4\" data-id=\"271f4ee4\" data-element_type=\"column\" data-e-type=\"column\">\n\t\t\t<div class=\"elementor-widget-wrap elementor-element-populated\">\n\t\t\t\t\t\t<div class=\"elementor-element elementor-element-7bf70f48 elementor-widget__width-auto elementor-invisible elementor-widget elementor-widget-heading\" data-id=\"7bf70f48\" data-element_type=\"widget\" data-e-type=\"widget\" data-settings=\"{&quot;_animation&quot;:&quot;fadeInUp&quot;,&quot;_animation_delay&quot;:450}\" data-widget_type=\"heading.default\">\n\t\t\t\t<div class=\"elementor-widget-container\">\n\t\t\t\t\t<h6 class=\"elementor-heading-title elementor-size-default\"><a href=\"https:\/\/www.in4nova.com\/sr\/it-quality-testing\/\">IT Quality Testing\u200b\u200b<\/a><\/h6>\t\t\t\t<\/div>\n\t\t\t\t<\/div>\n\t\t\t\t<div class=\"elementor-element elementor-element-3154ae76  ui-split-animate ui-e-a-animate ui-splitby-chars elementor-invisible elementor-widget elementor-widget-highlighted-text\" data-id=\"3154ae76\" data-element_type=\"widget\" data-e-type=\"widget\" data-settings=\"{&quot;_animation&quot;:&quot;fadeInUp&quot;,&quot;_animation_delay&quot;:500,&quot;ui_animate_split&quot;:&quot;ui-split-animate&quot;,&quot;ui_animate_split_by&quot;:&quot;chars&quot;,&quot;ui_animate_split_style&quot;:&quot;fadeInUp&quot;}\" data-widget_type=\"highlighted-text.default\">\n\t\t\t\t<div class=\"elementor-widget-container\">\n\t\t\t\t\t\t\t<h1 class=\"ui-e--highlighted-text\" >\n        <span class=\"ui-e-headline-text elementor-repeater-item-911f834\">Cyber <\/span><span class=\"ui-e-headline-text elementor-repeater-item-60922a8 ui-e-headline-color\">\n\t\t\t\t\t\t\t\t\t<span class=\"whitespace\"> <\/span><span><span class=\"ui-e-headline-text ui-e-headline-highlighted\">Security<\/span><span class=\"uicore-svg-wrapper\"><svg xmlns=\"http:\/\/www.w3.org\/2000\/svg\" viewbox=\"0 0 500 150\" preserveaspectratio=\"none\"><\/svg><\/span><\/span><span class=\"whitespace\"> <\/span><\/span>        <\/h1>\n        \t\t\t\t<\/div>\n\t\t\t\t<\/div>\n\t\t\t\t<div class=\"elementor-element elementor-element-57e32837 elementor-widget__width-initial elementor-invisible elementor-widget elementor-widget-text-editor\" data-id=\"57e32837\" data-element_type=\"widget\" data-e-type=\"widget\" data-settings=\"{&quot;_animation&quot;:&quot;fadeInUp&quot;,&quot;_animation_delay&quot;:200}\" data-widget_type=\"text-editor.default\">\n\t\t\t\t<div class=\"elementor-widget-container\">\n\t\t\t\t\t\t\t\t\t<h4><strong>Secure Software Secure Business<br \/><\/strong><\/h4><p>Bezbedan softver je klju\u010dni preduslov za uspe\u0161nu digitalizaciju svake kompanije. Bezbednosni zahtevi aplikacija i sistema svakodnevno rastu. Glavni razlozi za to su sve vec\u0301a slo\u017eenost i povezanost poslovno kriti\u010dnih aplikacija, povec\u0301anje kvantiteta, raznovrsnosti i kvaliteta pretnji sa interneta, kao i ubrzanje kori\u0161c\u0301enja novih funkcionalnosti kao rezultat krac\u0301ih ciklusa izdavanja softvera (agilan razvoj softvera). U tom kontekstu, za svaku kompaniju je posebno va\u017eno da pouzdano za\u0161titi kriti\u010dne podatke i poslovne procese od napada putem interneta.<\/p><p>Uz pomoc\u0301 na\u0161ih usluga za testiranje sajber bezbednosti, ispitujemo bezbednost va\u0161ih aplikacija u svim fazama \u017eivotnog ciklusa softvera \u2013 od skeniranja izvornog koda u potrazi za ranjivostima do istra\u017eivanja aplikacije u redovnom radu u uslovima stvarnog \u017eivota do simulacije hakerskih napada. Uz svaku na\u0161u uslugu sajber bezbednosti dobijate detaljnu dokumentaciju o identifikovanim ranjivostima i preporuke za njihovo uspe\u0161no re\u0161avanje.<\/p>\t\t\t\t\t\t\t\t<\/div>\n\t\t\t\t<\/div>\n\t\t\t\t\t<\/div>\n\t\t<\/div>\n\t\t\t\t<div class=\"elementor-column elementor-col-50 elementor-top-column elementor-element elementor-element-c93381b\" data-id=\"c93381b\" data-element_type=\"column\" data-e-type=\"column\">\n\t\t\t<div class=\"elementor-widget-wrap elementor-element-populated\">\n\t\t\t\t\t\t<div class=\"elementor-element elementor-element-c0a0253 elementor-invisible elementor-widget elementor-widget-image\" data-id=\"c0a0253\" data-element_type=\"widget\" data-e-type=\"widget\" data-settings=\"{&quot;_animation&quot;:&quot;fadeInRight&quot;}\" data-widget_type=\"image.default\">\n\t\t\t\t<div class=\"elementor-widget-container\">\n\t\t\t\t\t\t\t\t\t\t\t\t\t\t\t<img fetchpriority=\"high\" decoding=\"async\" width=\"683\" height=\"1024\" src=\"https:\/\/www.in4nova.com\/wp-content\/uploads\/2024\/08\/Cyber-Security-Digital-Art-683x1024.jpg\" class=\"attachment-large size-large wp-image-629\" alt=\"\" srcset=\"\" sizes=\"(max-width: 683px) 100vw, 683px\" data-srcset=\"\" \/>\t\t\t\t\t\t\t\t\t\t\t\t\t\t\t<\/div>\n\t\t\t\t<\/div>\n\t\t\t\t\t<\/div>\n\t\t<\/div>\n\t\t\t\t\t<\/div>\n\t\t<\/div>\n\t\t<div class=\"elementor-element elementor-element-55977f6 e-flex e-con-boxed e-con e-parent\" data-id=\"55977f6\" data-element_type=\"container\" data-e-type=\"container\">\n\t\t\t\t\t<div class=\"e-con-inner\">\n\t\t\t\t<div class=\"elementor-element elementor-element-713a5b9a elementor-widget__width-inherit ui-e-tabs-mobile elementor-widget elementor-widget-uicore-tabs\" data-id=\"713a5b9a\" data-element_type=\"widget\" data-e-type=\"widget\" data-widget_type=\"uicore-tabs.default\">\n\t\t\t\t<div class=\"elementor-widget-container\">\n\t\t\t\t\t\t\t<div class=\"ui-e-tabs\" data-widget-number=\"189\" aria-label=\"Tabs. Open items with Enter or Space, close with Escape and navigate using the Arrow keys.\">\n\t\t\t<div class=\"ui-e-tabs-heading\" role=\"tablist\">\n\t\t\t\t\t\t\t<button id=\"ui-e-tab-title-1891\" class=\"ui-e-tab-title\" aria-selected=\"true\" data-tab-index=\"1\" role=\"tab\" tabindex=\"0\" aria-controls=\"ui-e-tab-content-1891\" style=\"--ui-e-tabs-order: 1;\">\n\t\t\t\t\t\t\t\t<div class=\"ui-e-tab-texts\">\n\n\t\t\t\t\t\t\t\t\t\t\t<span> Stati\u010dko testiranje bezbednosti aplikacija (SAST) <\/span>\n\t\t\t\t\t\n\t\t\t\t\t\n\t\t\t\t<\/div>\n\t\t\t<\/button>\n\t\t\t\t\t<button id=\"ui-e-tab-title-1892\" class=\"ui-e-tab-title\" aria-selected=\"false\" data-tab-index=\"2\" role=\"tab\" tabindex=\"-1\" aria-controls=\"ui-e-tab-content-1892\" style=\"--ui-e-tabs-order: 2;\">\n\t\t\t\t\t\t\t\t<div class=\"ui-e-tab-texts\">\n\n\t\t\t\t\t\t\t\t\t\t\t<span> Dinami\u010dko testiranje bezbednosti aplikacija (DAST) <\/span>\n\t\t\t\t\t\n\t\t\t\t\t\n\t\t\t\t<\/div>\n\t\t\t<\/button>\n\t\t\t\t\t<button id=\"ui-e-tab-title-1893\" class=\"ui-e-tab-title\" aria-selected=\"false\" data-tab-index=\"3\" role=\"tab\" tabindex=\"-1\" aria-controls=\"ui-e-tab-content-1893\" style=\"--ui-e-tabs-order: 3;\">\n\t\t\t\t\t\t\t\t<div class=\"ui-e-tab-texts\">\n\n\t\t\t\t\t\t\t\t\t\t\t<span> Testiranje penetracije <\/span>\n\t\t\t\t\t\n\t\t\t\t\t\n\t\t\t\t<\/div>\n\t\t\t<\/button>\n\t\t\t\t\t<\/div>\n\t\t\t<div class=\"ui-e-tabs-content\">\n\t\t\t\t<div id=\"ui-e-tab-content-1891\" role=\"tabpanel\" aria-labelledby=\"ui-e-tab-title-1891\" data-tab-index=\"1\" style=\"--ui-e-tabs-order: 1;\" class=\"e-active elementor-element elementor-element-177845eb e-con-full e-flex e-con e-child\" data-id=\"177845eb\" data-element_type=\"container\" data-e-type=\"container\">\n\t\t\t\t<div class=\"elementor-element elementor-element-2d3a4bee elementor-widget elementor-widget-heading\" data-id=\"2d3a4bee\" data-element_type=\"widget\" data-e-type=\"widget\" data-widget_type=\"heading.default\">\n\t\t\t\t<div class=\"elementor-widget-container\">\n\t\t\t\t\t<h2 class=\"elementor-heading-title elementor-size-default\">Stati\u010dko testiranje bezbednosti aplikacija (SAST)<\/h2>\t\t\t\t<\/div>\n\t\t\t\t<\/div>\n\t\t\t\t<div class=\"elementor-element elementor-element-55cc47 elementor-widget elementor-widget-text-editor\" data-id=\"55cc47\" data-element_type=\"widget\" data-e-type=\"widget\" data-widget_type=\"text-editor.default\">\n\t\t\t\t<div class=\"elementor-widget-container\">\n\t\t\t\t\t\t\t\t\t<p>The security of your applications begins with the first line of the source code. Using automated procedures, we localize security vulnerabilities and provide your development teams with the information necessary to resolve them early on in the development process. We minimize the rate of false positives and save on time-consuming error analysis.<\/p><p>Na\u0161i testovi se bave bezbednosnim aspektima koji uklju\u010duju sledec\u0301e:<\/p><ul><li>Autentifikacija i autorizacija<\/li><li>SQL injekcija<\/li><li>Nesigurna serijalizacija<\/li><li>Cross-site skriptovanje<\/li><li>Validacija ulaza i izlaza<\/li><\/ul><div class=\"tab_div\"><p>Bilo da je re\u010d o Javi, JavaScriptu, Pythonu, C++, PHP-u \u2013 QSIT pokriva vi\u0161e od 20 programskih jezika naj\u010de\u0161\u0107e kori\u0161\u0107enih za web aplikacije. Nakon detaljne analize, obezbe\u0111ujemo Vam dokumentaciju o vrsti i ozbiljnosti bezbednosnih ranjivosti koje otkrijemo, kao i preporuke za njihovo re\u0161avanje. Nudimo opcionalnu uslugu savetovanja o integraciji stati\u010dkog testiranja sigurnosti aplikacija u va\u0161 proces razvoja softvera (DevSecOps) i implementira\u0107emo je ukoliko je potrebno.<\/p><\/div><div class=\"tab_div\"><p><strong><strong>Va\u0161i benefiti:<\/strong><\/strong><\/p><ul><li>Autentifikacija i autorizacija<\/li><li>SQL injekcija<\/li><li>Nesigurna serijalizacija<\/li><li>Cross-site skriptovanje<\/li><li>Validacija ulaza i izlaza<\/li><\/ul><div class=\"tab_div\">\u00a0<\/div><\/div><div>\u00a0<\/div>\t\t\t\t\t\t\t\t<\/div>\n\t\t\t\t<\/div>\n\t\t\t\t<\/div>\n\t\t<div id=\"ui-e-tab-content-1892\" role=\"tabpanel\" aria-labelledby=\"ui-e-tab-title-1892\" data-tab-index=\"2\" style=\"--ui-e-tabs-order: 2;\" class=\"elementor-element elementor-element-b709ab6 e-con-full e-flex e-con e-child\" data-id=\"b709ab6\" data-element_type=\"container\" data-e-type=\"container\">\n\t\t\t\t<div class=\"elementor-element elementor-element-20b311cd elementor-widget elementor-widget-heading\" data-id=\"20b311cd\" data-element_type=\"widget\" data-e-type=\"widget\" data-widget_type=\"heading.default\">\n\t\t\t\t<div class=\"elementor-widget-container\">\n\t\t\t\t\t<h2 class=\"elementor-heading-title elementor-size-default\">Dinami\u010dko testiranje bezbednosti aplikacija (DAST)<\/h2>\t\t\t\t<\/div>\n\t\t\t\t<\/div>\n\t\t\t\t<div class=\"elementor-element elementor-element-1052cff elementor-widget elementor-widget-text-editor\" data-id=\"1052cff\" data-element_type=\"widget\" data-e-type=\"widget\" data-widget_type=\"text-editor.default\">\n\t\t\t\t<div class=\"elementor-widget-container\">\n\t\t\t\t\t\t\t\t\t<div class=\"tab_div\">Koristimo DAST da identifikujemo bezbednosne probleme u va\u0161im web aplikacijama tokom tekuc\u0301ih operacija. Ovo tako\u0111e identifikuje bezbednosne propuste koji su rezultat neispravnih konfiguracija u okru\u017eenju aplikacije. U uslovima stvarnog \u017eivota, skeniramo va\u0161e web aplikacije pomoc\u0301u specijalnih alata i proveravamo uskla\u0111enost sa najnovijim bezbednosnim standardima.<\/div><div class=\"tab_div\"><br \/>Na\u0161i testovi nam omoguc\u0301avaju da minimiziramo stopu la\u017enih pozitivnih rezultata i po\u0161tedimo va\u0161e razvojne timove dugotrajne analize gre\u0161aka. Ako je potrebno, koristic\u0301emo i automatsko zakazivanje da bismo izvr\u0161ili testove u vreme koje je najpogodnije za va\u0161u organizaciju. Rezultate testiranja i na\u0161e preporuke sastavljamo u detaljan izve\u0161taj.<\/div><div class=\"tab_div\"><strong><br \/>Va\u0161i benefiti:<\/strong><\/div><div class=\"tab_div\"><ul><li>Identifikujte bezbednosne propuste u tekuc\u0301im operacijama<\/li><li>Smanjite la\u017ene pozitivne rezultate<\/li><li>Ready-to-act izve\u0161taj<\/li><li>Saveti za sprovo\u0111enje ispravki<\/li><\/ul><\/div><div>\u00a0<\/div>\t\t\t\t\t\t\t\t<\/div>\n\t\t\t\t<\/div>\n\t\t\t\t<\/div>\n\t\t<div id=\"ui-e-tab-content-1893\" role=\"tabpanel\" aria-labelledby=\"ui-e-tab-title-1893\" data-tab-index=\"3\" style=\"--ui-e-tabs-order: 3;\" class=\"elementor-element elementor-element-169da3c2 e-con-full e-flex e-con e-child\" data-id=\"169da3c2\" data-element_type=\"container\" data-e-type=\"container\">\n\t\t\t\t<div class=\"elementor-element elementor-element-112a7e2e elementor-widget elementor-widget-heading\" data-id=\"112a7e2e\" data-element_type=\"widget\" data-e-type=\"widget\" data-widget_type=\"heading.default\">\n\t\t\t\t<div class=\"elementor-widget-container\">\n\t\t\t\t\t<h2 class=\"elementor-heading-title elementor-size-default\">Testiranje penetracije<\/h2>\t\t\t\t<\/div>\n\t\t\t\t<\/div>\n\t\t\t\t<div class=\"elementor-element elementor-element-7f0c3d5 elementor-widget elementor-widget-text-editor\" data-id=\"7f0c3d5\" data-element_type=\"widget\" data-e-type=\"widget\" data-widget_type=\"text-editor.default\">\n\t\t\t\t<div class=\"elementor-widget-container\">\n\t\t\t\t\t\t\t\t\t<p>Da bismo osigurali da je ceo va\u0161 softver za\u0161tic\u0301en od sajber napada, nudimo testove penetracije prilago\u0111ene va\u0161im specifi\u010dnim zahtevima i va\u0161em individualnom sistemskom okru\u017eenju. Proveravamo bezbednost aplikacija i sistemskih komponenti u va\u0161em produktivnom mre\u017enom okru\u017eenju, primenjujuc\u0301i iste metode koje bi hakeri koristili za napad na va\u0161e sisteme.<\/p><p>Unapred blisko sara\u0111ujemo sa va\u0161im timom za bezbednost kako bismo optimizovali testove za okru\u017eenje va\u0161eg sistema. Za test penetracije crne kutije, dostavite nam URL za aplikaciju koju treba testirati. Koristec\u0301i ru\u010dne i automatizovane procese, mi zatim ispitujemo va\u0161u aplikaciju koja radi na bezbednosne propuste. Za test penetracije bele kutije potrebne su nam dodatne informacije o mapiranom poslovnom procesu. Koristimo ovo da identifikujemo ranjivosti specifi\u010dne za aplikaciju. Nakon detaljne analize, dobijate dokumentaciju o vrsti i ozbiljnosti otkrivenih bezbednosnih propusta, kao i preporuke za njihovo re\u0161avanje.<\/p><p><b>Va\u0161i benefiti:<\/b><\/p><ul><li>Blisku koordinaciju sa va\u0161im bezbednosnim timom<\/li><li>Ciljani test dizajn za va\u0161e individualno sistemsko okru\u017eenje<\/li><li>Ready-to-act izve\u0161taj<\/li><li>Minimalan rizik od sajber napada<\/li><\/ul>\t\t\t\t\t\t\t\t<\/div>\n\t\t\t\t<\/div>\n\t\t\t\t<\/div>\n\t\t\t\t\t<\/div>\n\t\t<\/div>\n\t\t\t\t\t\t<\/div>\n\t\t\t\t<\/div>\n\t\t\t\t\t<\/div>\n\t\t\t\t<\/div>\n\t\t\t\t<\/div>","protected":false},"excerpt":{"rendered":"<p>IT Quality Testing\u200b\u200b Cyber Security Secure Software Secure Business Secure software is a key prerequisite for the successful digitalization of every company. [&hellip;]<\/p>","protected":false},"author":1,"featured_media":0,"parent":0,"menu_order":0,"comment_status":"closed","ping_status":"closed","template":"","meta":{"footnotes":""},"class_list":["post-514","page","type-page","status-publish","hentry"],"_links":{"self":[{"href":"https:\/\/www.in4nova.com\/sr\/wp-json\/wp\/v2\/pages\/514","targetHints":{"allow":["GET"]}}],"collection":[{"href":"https:\/\/www.in4nova.com\/sr\/wp-json\/wp\/v2\/pages"}],"about":[{"href":"https:\/\/www.in4nova.com\/sr\/wp-json\/wp\/v2\/types\/page"}],"author":[{"embeddable":true,"href":"https:\/\/www.in4nova.com\/sr\/wp-json\/wp\/v2\/users\/1"}],"replies":[{"embeddable":true,"href":"https:\/\/www.in4nova.com\/sr\/wp-json\/wp\/v2\/comments?post=514"}],"version-history":[{"count":53,"href":"https:\/\/www.in4nova.com\/sr\/wp-json\/wp\/v2\/pages\/514\/revisions"}],"predecessor-version":[{"id":1707,"href":"https:\/\/www.in4nova.com\/sr\/wp-json\/wp\/v2\/pages\/514\/revisions\/1707"}],"wp:attachment":[{"href":"https:\/\/www.in4nova.com\/sr\/wp-json\/wp\/v2\/media?parent=514"}],"curies":[{"name":"wp","href":"https:\/\/api.w.org\/{rel}","templated":true}]}}