{"id":530,"date":"2024-08-05T00:00:05","date_gmt":"2024-08-05T00:00:05","guid":{"rendered":"https:\/\/www.in4nova.com\/?page_id=530"},"modified":"2024-10-09T08:21:20","modified_gmt":"2024-10-09T08:21:20","slug":"it-load-tests","status":"publish","type":"page","link":"https:\/\/www.in4nova.com\/sr\/it-load-tests\/","title":{"rendered":"IT Testovi optere\u0107enja"},"content":{"rendered":"<div data-elementor-type=\"wp-page\" data-elementor-id=\"530\" class=\"elementor elementor-530\" data-elementor-settings=\"{&quot;element_pack_global_tooltip_width&quot;:{&quot;unit&quot;:&quot;px&quot;,&quot;size&quot;:&quot;&quot;,&quot;sizes&quot;:[]},&quot;element_pack_global_tooltip_width_tablet&quot;:{&quot;unit&quot;:&quot;px&quot;,&quot;size&quot;:&quot;&quot;,&quot;sizes&quot;:[]},&quot;element_pack_global_tooltip_width_mobile&quot;:{&quot;unit&quot;:&quot;px&quot;,&quot;size&quot;:&quot;&quot;,&quot;sizes&quot;:[]},&quot;element_pack_global_tooltip_padding&quot;:{&quot;unit&quot;:&quot;px&quot;,&quot;top&quot;:&quot;&quot;,&quot;right&quot;:&quot;&quot;,&quot;bottom&quot;:&quot;&quot;,&quot;left&quot;:&quot;&quot;,&quot;isLinked&quot;:true},&quot;element_pack_global_tooltip_padding_tablet&quot;:{&quot;unit&quot;:&quot;px&quot;,&quot;top&quot;:&quot;&quot;,&quot;right&quot;:&quot;&quot;,&quot;bottom&quot;:&quot;&quot;,&quot;left&quot;:&quot;&quot;,&quot;isLinked&quot;:true},&quot;element_pack_global_tooltip_padding_mobile&quot;:{&quot;unit&quot;:&quot;px&quot;,&quot;top&quot;:&quot;&quot;,&quot;right&quot;:&quot;&quot;,&quot;bottom&quot;:&quot;&quot;,&quot;left&quot;:&quot;&quot;,&quot;isLinked&quot;:true},&quot;element_pack_global_tooltip_border_radius&quot;:{&quot;unit&quot;:&quot;px&quot;,&quot;top&quot;:&quot;&quot;,&quot;right&quot;:&quot;&quot;,&quot;bottom&quot;:&quot;&quot;,&quot;left&quot;:&quot;&quot;,&quot;isLinked&quot;:true},&quot;element_pack_global_tooltip_border_radius_tablet&quot;:{&quot;unit&quot;:&quot;px&quot;,&quot;top&quot;:&quot;&quot;,&quot;right&quot;:&quot;&quot;,&quot;bottom&quot;:&quot;&quot;,&quot;left&quot;:&quot;&quot;,&quot;isLinked&quot;:true},&quot;element_pack_global_tooltip_border_radius_mobile&quot;:{&quot;unit&quot;:&quot;px&quot;,&quot;top&quot;:&quot;&quot;,&quot;right&quot;:&quot;&quot;,&quot;bottom&quot;:&quot;&quot;,&quot;left&quot;:&quot;&quot;,&quot;isLinked&quot;:true}}\" data-elementor-post-type=\"page\">\n\t\t\t\t\t\t<div class=\"elementor-section elementor-top-section elementor-element elementor-element-eba6b2a elementor-section-boxed elementor-section-height-default elementor-section-height-default\" data-id=\"eba6b2a\" data-element_type=\"section\">\n\t\t\t\t\t\t<div class=\"elementor-container elementor-column-gap-default\">\n\t\t\t\t\t<div class=\"elementor-column elementor-col-50 elementor-top-column elementor-element elementor-element-a4f35e6\" data-id=\"a4f35e6\" data-element_type=\"column\">\n\t\t\t<div class=\"elementor-widget-wrap elementor-element-populated\">\n\t\t\t\t\t\t<div class=\"elementor-element elementor-element-f3ee760 elementor-widget__width-auto elementor-invisible elementor-widget elementor-widget-heading\" data-id=\"f3ee760\" data-element_type=\"widget\" data-settings=\"{&quot;_animation&quot;:&quot;rotateInUpLeft&quot;,&quot;_animation_delay&quot;:450}\" data-widget_type=\"heading.default\">\n\t\t\t\t<div class=\"elementor-widget-container\">\n\t\t\t\t\t<h6 class=\"elementor-heading-title elementor-size-default\"><a href=\"https:\/\/www.in4nova.com\/sr\/it-quality-testing\/\">IT Osiguranje Kvaliteta<\/a><\/h6>\t\t\t\t<\/div>\n\t\t\t\t<\/div>\n\t\t\t\t<div class=\"elementor-element elementor-element-6c8f7d2  ui-split-animate ui-e-a-animate ui-splitby-chars elementor-widget elementor-widget-highlighted-text\" data-id=\"6c8f7d2\" data-element_type=\"widget\" data-settings=\"{&quot;_animation&quot;:&quot;none&quot;,&quot;_animation_delay&quot;:500,&quot;ui_animate_split&quot;:&quot;ui-split-animate&quot;,&quot;ui_animate_split_by&quot;:&quot;chars&quot;,&quot;ui_animate_split_style&quot;:&quot;fadeInUp&quot;}\" data-widget_type=\"highlighted-text.default\">\n\t\t\t\t<div class=\"elementor-widget-container\">\n\t\t\t\t\t\t\t<h1 class=\"ui-e--highlighted-text\" >\n        <span class=\"ui-e-headline-text elementor-repeater-item-911f834\">IT<\/span><span class=\"ui-e-headline-text elementor-repeater-item-60922a8 ui-e-headline-color\">\n\t\t\t\t\t\t\t\t\t<span class=\"whitespace\"> <\/span><span><span class=\"ui-e-headline-text ui-e-headline-highlighted\">Load Tests<\/span><span class=\"uicore-svg-wrapper\"><svg xmlns=\"http:\/\/www.w3.org\/2000\/svg\" viewbox=\"0 0 500 150\" preserveaspectratio=\"none\"><\/svg><\/span><\/span><span class=\"whitespace\"> <\/span><\/span>        <\/h1>\n        \t\t\t\t<\/div>\n\t\t\t\t<\/div>\n\t\t\t\t<div class=\"elementor-element elementor-element-6023f5d5 elementor-widget__width-initial elementor-invisible elementor-widget elementor-widget-text-editor\" data-id=\"6023f5d5\" data-element_type=\"widget\" data-settings=\"{&quot;_animation&quot;:&quot;fadeInUp&quot;,&quot;_animation_delay&quot;:500}\" data-widget_type=\"text-editor.default\">\n\t\t\t\t<div class=\"elementor-widget-container\">\n\t\t\t\t\t\t\t\t\t<p>Testovi opterec\u0301enja i testovi performansi analiziraju pona\u0161anje IT sistema pod razli\u010ditim scenarijima opterec\u0301enja i obezbe\u0111uju stabilnost i dostupnost aplikacija. <br \/><br \/>Na\u0161i stru\u010dnjaci koriste svoje bogato iskustvo iz razli\u010ditih IT projekata i sektora kako bi sastavili test paket koji ta\u010dno odgovara va\u0161im zahtevima<\/p>\t\t\t\t\t\t\t\t<\/div>\n\t\t\t\t<\/div>\n\t\t\t\t\t<\/div>\n\t\t<\/div>\n\t\t\t\t<div class=\"elementor-column elementor-col-50 elementor-top-column elementor-element elementor-element-1f7a718\" data-id=\"1f7a718\" data-element_type=\"column\">\n\t\t\t<div class=\"elementor-widget-wrap elementor-element-populated\">\n\t\t\t\t\t\t<div class=\"elementor-element elementor-element-2afc419 animated-slow elementor-invisible elementor-widget elementor-widget-image\" data-id=\"2afc419\" data-element_type=\"widget\" data-settings=\"{&quot;_animation&quot;:&quot;fadeInRight&quot;}\" data-widget_type=\"image.default\">\n\t\t\t\t<div class=\"elementor-widget-container\">\n\t\t\t\t\t\t\t\t\t\t\t\t\t\t\t<img fetchpriority=\"high\" decoding=\"async\" width=\"1000\" height=\"842\" src=\"https:\/\/www.in4nova.com\/wp-content\/uploads\/2024\/08\/Screenshot-2024-08-16-at-00.04.04-1024x862.png\" class=\"attachment-large size-large wp-image-976\" alt=\"\" srcset=\"https:\/\/www.in4nova.com\/wp-content\/uploads\/2024\/08\/Screenshot-2024-08-16-at-00.04.04-1024x862.png 1024w, https:\/\/www.in4nova.com\/wp-content\/uploads\/2024\/08\/Screenshot-2024-08-16-at-00.04.04-300x253.png 300w, https:\/\/www.in4nova.com\/wp-content\/uploads\/2024\/08\/Screenshot-2024-08-16-at-00.04.04-768x647.png 768w, https:\/\/www.in4nova.com\/wp-content\/uploads\/2024\/08\/Screenshot-2024-08-16-at-00.04.04-14x12.png 14w, https:\/\/www.in4nova.com\/wp-content\/uploads\/2024\/08\/Screenshot-2024-08-16-at-00.04.04-650x547.png 650w, https:\/\/www.in4nova.com\/wp-content\/uploads\/2024\/08\/Screenshot-2024-08-16-at-00.04.04.png 1482w\" sizes=\"(max-width: 1000px) 100vw, 1000px\" \/>\t\t\t\t\t\t\t\t\t\t\t\t\t\t\t<\/div>\n\t\t\t\t<\/div>\n\t\t\t\t\t<\/div>\n\t\t<\/div>\n\t\t\t\t\t<\/div>\n\t\t<\/div>\n\t\t<div class=\"elementor-element elementor-element-537ec729 e-flex e-con-boxed e-con e-parent\" data-id=\"537ec729\" data-element_type=\"container\">\n\t\t\t\t\t<div class=\"e-con-inner\">\n\t\t\t\t<div class=\"elementor-element elementor-element-7014e951 elementor-widget__width-inherit ui-e-tabs-mobile elementor-widget elementor-widget-uicore-tabs\" data-id=\"7014e951\" data-element_type=\"widget\" data-widget_type=\"uicore-tabs.default\">\n\t\t\t\t<div class=\"elementor-widget-container\">\n\t\t\t\t\t\t\t<div class=\"ui-e-tabs\" data-widget-number=\"188\" aria-label=\"Tabs. Open items with Enter or Space, close with Escape and navigate using the Arrow keys.\">\n\t\t\t<div class=\"ui-e-tabs-heading\" role=\"tablist\">\n\t\t\t\t\t\t\t<button id=\"ui-e-tab-title-1881\" class=\"ui-e-tab-title\" aria-selected=\"true\" data-tab-index=\"1\" role=\"tab\" tabindex=\"0\" aria-controls=\"ui-e-tab-content-1881\" style=\"--ui-e-tabs-order: 1;\">\n\t\t\t\t\t\t\t\t<div class=\"ui-e-tab-texts\">\n\n\t\t\t\t\t\t\t\t\t\t\t<span> IT testovi optere\u0107enja &amp; Test performansi <\/span>\n\t\t\t\t\t\n\t\t\t\t\t\n\t\t\t\t<\/div>\n\t\t\t<\/button>\n\t\t\t\t\t<button id=\"ui-e-tab-title-1882\" class=\"ui-e-tab-title\" aria-selected=\"false\" data-tab-index=\"2\" role=\"tab\" tabindex=\"-1\" aria-controls=\"ui-e-tab-content-1882\" style=\"--ui-e-tabs-order: 2;\">\n\t\t\t\t\t\t\t\t<div class=\"ui-e-tab-texts\">\n\n\t\t\t\t\t\t\t\t\t\t\t<span> Testiranje opterec\u0301enja kao usluga <\/span>\n\t\t\t\t\t\n\t\t\t\t\t\n\t\t\t\t<\/div>\n\t\t\t<\/button>\n\t\t\t\t\t<button id=\"ui-e-tab-title-1883\" class=\"ui-e-tab-title\" aria-selected=\"false\" data-tab-index=\"3\" role=\"tab\" tabindex=\"-1\" aria-controls=\"ui-e-tab-content-1883\" style=\"--ui-e-tabs-order: 3;\">\n\t\t\t\t\t\t\t\t<div class=\"ui-e-tab-texts\">\n\n\t\t\t\t\t\t\t\t\t\t\t<span> Upravljanje performansama aplikacije i pode\u0161avanja <\/span>\n\t\t\t\t\t\n\t\t\t\t\t\n\t\t\t\t<\/div>\n\t\t\t<\/button>\n\t\t\t\t\t<\/div>\n\t\t\t<div class=\"ui-e-tabs-content\">\n\t\t\t\t<div id=\"ui-e-tab-content-1881\" role=\"tabpanel\" aria-labelledby=\"ui-e-tab-title-1881\" data-tab-index=\"1\" style=\"--ui-e-tabs-order: 1;\" class=\"e-active elementor-element elementor-element-545deac9 e-con-full e-flex e-con e-child\" data-id=\"545deac9\" data-element_type=\"container\">\n\t\t\t\t<div class=\"elementor-element elementor-element-59e5225e elementor-widget elementor-widget-heading\" data-id=\"59e5225e\" data-element_type=\"widget\" data-widget_type=\"heading.default\">\n\t\t\t\t<div class=\"elementor-widget-container\">\n\t\t\t\t\t<h2 class=\"elementor-heading-title elementor-size-default\">IT testovi optere\u0107enja &amp; Test performansi<\/h2>\t\t\t\t<\/div>\n\t\t\t\t<\/div>\n\t\t\t\t<div class=\"elementor-element elementor-element-29af831 elementor-widget elementor-widget-text-editor\" data-id=\"29af831\" data-element_type=\"widget\" data-widget_type=\"text-editor.default\">\n\t\t\t\t<div class=\"elementor-widget-container\">\n\t\t\t\t\t\t\t\t\t<p>Testovi IT opterec\u0301enja i performansi analiziraju pona\u0161anje IT sistema pod razli\u010ditim scenarijima opterec\u0301enja i poma\u017eu da se garantuje stabilnost i dostupnost aplikacija \u010dak i pod najvec\u0301im opterec\u0301enjem. Na\u0161i softverski testovi su automatizovani. To zna\u010di da mo\u017eemo da generi\u0161emo definisano opterec\u0301enje sistema kori\u0161c\u0301enjem automatizovanih procesa \u2013 na primer, povec\u0301anjem parametara opterec\u0301enja kao \u0161to su broj paralelnih korisnika, stope klikova ili poruka. Istovremeno, merimo pona\u0161anje indikatora performansi (npr. vreme odziva, kori\u0161c\u0301enje CPU-a i memorije, I\/O ili propusni opseg). Koristimo korelaciju da bismo utvrdili uzroke uskih grla u performansama i pokazali vam mere za njihovo otklanjanje.<br \/><br \/>Na\u0161i stru\u010dnjaci koriste svoju opse\u017enu ekspertizu, kao i svoje dugogodi\u0161nje iskustvo u ovom sektoru, kako bi sastavili paket za testiranje koji ta\u010dno odgovara va\u0161im zahtevima.<br \/><br \/>IN4NOVA nudi implementaciju slede\u0107ih testova optere\u0107enja i testova performansi:<\/p><ul><li>IT testovi opterec\u0301enja za proveru stabilnosti sistema pod operativnim opterec\u0301enjem<\/li><li>Testovi IT performansi za odre\u0111ivanje vremena odgovora i brzine obrade<\/li><li>IT stres testovi za odre\u0111ivanje pona\u0161anja sistema u slu\u010daju preopterec\u0301enja<\/li><li>Testovi izdr\u017eljivosti za generisanje transparentnosti u odnosu na zahteve za resursima, vreme odziva i stabilnost tokom du\u017eeg perioda; pru\u017ea dokaze o kumulativnim efektima opterec\u0301enja<\/li><li>Test skalabilnosti; Donosi zaklju\u010dke o tome u kojoj meri je sistem u stanju da obradi dalje opterec\u0301enje preko dodatnog hardvera<\/li><li>Spike test za validaciju stabilnosti sistema pod kratkoro\u010dnim vr\u0161nim opterec\u0301enjem, kao i oporavka sistema nakon prevelikog opterec\u0301enja<\/li><\/ul><p><strong>Pojedina\u010dne usluge:<br \/><\/strong><\/p><ul><li>Defini\u0161ite parametre opterec\u0301enja i izvr\u0161avamo dokaz koncepta<\/li><li>Carry out proof of concept<\/li><li>Razvijamo scenarije testiranja opterec\u0301enja<\/li><li>Defini\u0161emo procedure testiranja i iteracije<\/li><li>Automatizujemo proces testiranja<\/li><li>Izvra\u0161avamo testiranje<\/li><li>Analiziramo rezultate merenja<\/li><li>Pripremamo zavrsni report<\/li><li>Organizujemo radionicu za usaglasavanje mera optimizacije<\/li><\/ul><p><strong>Va\u0161i benefiti:<br \/><\/strong><\/p><ul><li>Pouzdana identifikacija uskih grla u performansama na svim nivoima sistema (hardver, mre\u017ea, aplikacija)<\/li><li>Izvo\u0111enje ciljanih mera za podizanje u\u010dinka<\/li><li>Za\u0161tita va\u0161ih investicija<\/li><\/ul>\t\t\t\t\t\t\t\t<\/div>\n\t\t\t\t<\/div>\n\t\t\t\t<\/div>\n\t\t<div id=\"ui-e-tab-content-1882\" role=\"tabpanel\" aria-labelledby=\"ui-e-tab-title-1882\" data-tab-index=\"2\" style=\"--ui-e-tabs-order: 2;\" class=\"elementor-element elementor-element-1ef6477b e-con-full e-flex e-con e-child\" data-id=\"1ef6477b\" data-element_type=\"container\">\n\t\t\t\t<div class=\"elementor-element elementor-element-37f7c3dd elementor-widget elementor-widget-heading\" data-id=\"37f7c3dd\" data-element_type=\"widget\" data-widget_type=\"heading.default\">\n\t\t\t\t<div class=\"elementor-widget-container\">\n\t\t\t\t\t<h2 class=\"elementor-heading-title elementor-size-default\">Testiranje opterec\u0301enja kao usluga<\/h2>\t\t\t\t<\/div>\n\t\t\t\t<\/div>\n\t\t\t\t<div class=\"elementor-element elementor-element-767ae0be elementor-widget elementor-widget-text-editor\" data-id=\"767ae0be\" data-element_type=\"widget\" data-widget_type=\"text-editor.default\">\n\t\t\t\t<div class=\"elementor-widget-container\">\n\t\t\t\t\t\t\t\t\t<p>Za klijente koji nemaju interno okru\u017eenje za testiranje opterec\u0301enja, sastavili smo posebno atraktivan paket usluga: testiranje opterec\u0301enja kao usluga. Za vreme trajanja testa obezbe\u0111ujemo hardver i softver neophodan za generisanje opterec\u0301enja i procenu testa, \u0161to zna\u010di da nema dodatnih tro\u0161kova hardvera ili licenciranja.<\/p><p>Paket uklju\u010duje sledec\u0301e usluge:<\/p><ul><li>Obezbe\u0111uje mobilnu infrastrukturu za testiranje (hardver, alati, licence)<\/li><li>Analiziramo aplikaciju i arhitekturu sistema<\/li><li>Defini\u0161emo parametre opterec\u0301enja i kompajliramo strukture koli\u010dine<\/li><li>Carry out proof of concept<\/li><li>Razvijamo scenarije testiranja opterec\u0301enja<\/li><li>Defini\u0161emo procedure testiranja i iteracije<\/li><li>Automatizujemo proces testiranja<\/li><li>Izvra\u0161avamo testiranje<\/li><li>Analiziramo rezultate merenja<\/li><li>Pripremamo zavrsni report<\/li><li>Organizujemo radionicu za usaglasavanje mera optimizacije<\/li><\/ul><p><strong>Va\u0161i benefiti:<br \/><\/strong><\/p><ul><li>Pouzdano identifikujte uska grla u performansama na svim nivoima sistema (hardver, mre\u017ea, OS, aplikacija)<\/li><li>Izvedite ciljane mere za povec\u0301anje u\u010dinka<\/li><li>Za\u0161titite va\u0161u investiciju<\/li><li>Bez dodatnih tro\u0161kova za hardver potreban za testiranje, licence...<\/li><\/ul>\t\t\t\t\t\t\t\t<\/div>\n\t\t\t\t<\/div>\n\t\t\t\t<\/div>\n\t\t<div id=\"ui-e-tab-content-1883\" role=\"tabpanel\" aria-labelledby=\"ui-e-tab-title-1883\" data-tab-index=\"3\" style=\"--ui-e-tabs-order: 3;\" class=\"elementor-element elementor-element-2f739da3 e-con-full e-flex e-con e-child\" data-id=\"2f739da3\" data-element_type=\"container\">\n\t\t\t\t<div class=\"elementor-element elementor-element-1996b7c8 elementor-widget elementor-widget-heading\" data-id=\"1996b7c8\" data-element_type=\"widget\" data-widget_type=\"heading.default\">\n\t\t\t\t<div class=\"elementor-widget-container\">\n\t\t\t\t\t<h2 class=\"elementor-heading-title elementor-size-default\">Upravljanje performansama aplikacije i pode\u0161avanja<\/h2>\t\t\t\t<\/div>\n\t\t\t\t<\/div>\n\t\t\t\t<div class=\"elementor-element elementor-element-60d11380 elementor-widget elementor-widget-text-editor\" data-id=\"60d11380\" data-element_type=\"widget\" data-widget_type=\"text-editor.default\">\n\t\t\t\t<div class=\"elementor-widget-container\">\n\t\t\t\t\t\t\t\t\t<p>Povec\u0301anje koli\u010dine podataka u poslovnim procesima i sve vec\u0301i broj interfejsa mogu dovesti do problema u performansama aplikacija. IN4NOVA usluga upravljanja i pode\u0161avanja performansi aplikacija precizno identifikuje i elimini\u0161e uska grla u va\u0161im aplikacijama. Na\u0161 tim stru\u010dnjaka sistemskim metodama analize performansi utvr\u0111uje uzroke problema, preporu\u010duje i po \u017eelji sprovodi mere za njihovo otklanjanje<\/p><p>Na\u0161e usluge:<\/p><ul><li>Analiziramo aplikaciju i arhitekturu sistema<\/li><li>Pra\u0107enje podataka u toku redovnog rada<\/li><li>Izvr\u0161avamo merenja performansi na nivou komponenti i sistema<\/li><li>Identifikujemo potencijal optimizacije sistema<\/li><li>Preporu\u010dujemo i primenjujemo mere za optimizaciju performansi sistema<\/li><\/ul><p><strong>Va\u0161i benefiti:<br \/><\/strong><\/p><ul><li>Pouzdano identifikujte uska grla u performansama na svim nivoima sistema (hardver, mre\u017ea, OS, aplikacija)<\/li><li>Izvedite ciljane mere za povec\u0301anje u\u010dinka<\/li><li>Pobolj\u0161ajte stabilnost sistema<\/li><li>Skratite vreme odgovora aplikacije i vreme prenosa<\/li><\/ul>\t\t\t\t\t\t\t\t<\/div>\n\t\t\t\t<\/div>\n\t\t\t\t<\/div>\n\t\t\t\t\t<\/div>\n\t\t<\/div>\n\t\t\t\t\t\t<\/div>\n\t\t\t\t<\/div>\n\t\t\t\t\t<\/div>\n\t\t\t\t<\/div>\n\t\t\t\t<\/div>","protected":false},"excerpt":{"rendered":"<p>IT Quality Testing IT Load Tests Load tests and performance tests analyze the behavior of IT systems under different load scenarios and [&hellip;]<\/p>","protected":false},"author":1,"featured_media":0,"parent":0,"menu_order":0,"comment_status":"closed","ping_status":"closed","template":"","meta":{"footnotes":""},"class_list":["post-530","page","type-page","status-publish","hentry"],"_links":{"self":[{"href":"https:\/\/www.in4nova.com\/sr\/wp-json\/wp\/v2\/pages\/530","targetHints":{"allow":["GET"]}}],"collection":[{"href":"https:\/\/www.in4nova.com\/sr\/wp-json\/wp\/v2\/pages"}],"about":[{"href":"https:\/\/www.in4nova.com\/sr\/wp-json\/wp\/v2\/types\/page"}],"author":[{"embeddable":true,"href":"https:\/\/www.in4nova.com\/sr\/wp-json\/wp\/v2\/users\/1"}],"replies":[{"embeddable":true,"href":"https:\/\/www.in4nova.com\/sr\/wp-json\/wp\/v2\/comments?post=530"}],"version-history":[{"count":57,"href":"https:\/\/www.in4nova.com\/sr\/wp-json\/wp\/v2\/pages\/530\/revisions"}],"predecessor-version":[{"id":1713,"href":"https:\/\/www.in4nova.com\/sr\/wp-json\/wp\/v2\/pages\/530\/revisions\/1713"}],"wp:attachment":[{"href":"https:\/\/www.in4nova.com\/sr\/wp-json\/wp\/v2\/media?parent=530"}],"curies":[{"name":"wp","href":"https:\/\/api.w.org\/{rel}","templated":true}]}}