{"id":563,"date":"2024-08-09T16:40:08","date_gmt":"2024-08-09T16:40:08","guid":{"rendered":"https:\/\/www.in4nova.com\/?page_id=563"},"modified":"2024-10-09T08:18:09","modified_gmt":"2024-10-09T08:18:09","slug":"hil-sil-testing","status":"publish","type":"page","link":"https:\/\/www.in4nova.com\/sr\/hil-sil-testing\/","title":{"rendered":"HIL &#8211; SIL Testing"},"content":{"rendered":"<div data-elementor-type=\"wp-page\" data-elementor-id=\"563\" class=\"elementor elementor-563\" data-elementor-settings=\"{&quot;element_pack_global_tooltip_width&quot;:{&quot;unit&quot;:&quot;px&quot;,&quot;size&quot;:&quot;&quot;,&quot;sizes&quot;:[]},&quot;element_pack_global_tooltip_width_tablet&quot;:{&quot;unit&quot;:&quot;px&quot;,&quot;size&quot;:&quot;&quot;,&quot;sizes&quot;:[]},&quot;element_pack_global_tooltip_width_mobile&quot;:{&quot;unit&quot;:&quot;px&quot;,&quot;size&quot;:&quot;&quot;,&quot;sizes&quot;:[]},&quot;element_pack_global_tooltip_padding&quot;:{&quot;unit&quot;:&quot;px&quot;,&quot;top&quot;:&quot;&quot;,&quot;right&quot;:&quot;&quot;,&quot;bottom&quot;:&quot;&quot;,&quot;left&quot;:&quot;&quot;,&quot;isLinked&quot;:true},&quot;element_pack_global_tooltip_padding_tablet&quot;:{&quot;unit&quot;:&quot;px&quot;,&quot;top&quot;:&quot;&quot;,&quot;right&quot;:&quot;&quot;,&quot;bottom&quot;:&quot;&quot;,&quot;left&quot;:&quot;&quot;,&quot;isLinked&quot;:true},&quot;element_pack_global_tooltip_padding_mobile&quot;:{&quot;unit&quot;:&quot;px&quot;,&quot;top&quot;:&quot;&quot;,&quot;right&quot;:&quot;&quot;,&quot;bottom&quot;:&quot;&quot;,&quot;left&quot;:&quot;&quot;,&quot;isLinked&quot;:true},&quot;element_pack_global_tooltip_border_radius&quot;:{&quot;unit&quot;:&quot;px&quot;,&quot;top&quot;:&quot;&quot;,&quot;right&quot;:&quot;&quot;,&quot;bottom&quot;:&quot;&quot;,&quot;left&quot;:&quot;&quot;,&quot;isLinked&quot;:true},&quot;element_pack_global_tooltip_border_radius_tablet&quot;:{&quot;unit&quot;:&quot;px&quot;,&quot;top&quot;:&quot;&quot;,&quot;right&quot;:&quot;&quot;,&quot;bottom&quot;:&quot;&quot;,&quot;left&quot;:&quot;&quot;,&quot;isLinked&quot;:true},&quot;element_pack_global_tooltip_border_radius_mobile&quot;:{&quot;unit&quot;:&quot;px&quot;,&quot;top&quot;:&quot;&quot;,&quot;right&quot;:&quot;&quot;,&quot;bottom&quot;:&quot;&quot;,&quot;left&quot;:&quot;&quot;,&quot;isLinked&quot;:true}}\" data-elementor-post-type=\"page\">\n\t\t\t\t<div class=\"elementor-element elementor-element-263d8093 e-flex e-con-boxed e-con e-parent\" data-id=\"263d8093\" data-element_type=\"container\" id=\"what\" data-settings=\"{&quot;background_background&quot;:&quot;classic&quot;}\">\n\t\t\t\t\t<div class=\"e-con-inner\">\n\t\t<div class=\"elementor-element elementor-element-549b3097 e-con-full e-flex e-con e-child\" data-id=\"549b3097\" data-element_type=\"container\">\n\t\t\t\t<div class=\"elementor-element elementor-element-a91b07d elementor-widget__width-auto animated-slow elementor-invisible elementor-widget elementor-widget-heading\" data-id=\"a91b07d\" data-element_type=\"widget\" data-settings=\"{&quot;_animation&quot;:&quot;fadeInUp&quot;}\" data-widget_type=\"heading.default\">\n\t\t\t\t<div class=\"elementor-widget-container\">\n\t\t\t\t\t<h6 class=\"elementor-heading-title elementor-size-default\"><a href=\"https:\/\/www.in4nova.com\/sr\/it-quality-testing\/\">IT Osiguranje Kvaliteta<\/a><\/h6>\t\t\t\t<\/div>\n\t\t\t\t<\/div>\n\t\t\t\t<div class=\"elementor-element elementor-element-6c5b26cd  ui-split-animate ui-splitby-chars elementor-widget elementor-widget-heading\" data-id=\"6c5b26cd\" data-element_type=\"widget\" data-settings=\"{&quot;_animation&quot;:&quot;none&quot;,&quot;ui_animate_split&quot;:&quot;ui-split-animate&quot;,&quot;ui_animate_split_by&quot;:&quot;chars&quot;,&quot;ui_animate_split_style&quot;:&quot;fadeInUp&quot;}\" data-widget_type=\"heading.default\">\n\t\t\t\t<div class=\"elementor-widget-container\">\n\t\t\t\t\t<h2 class=\"elementor-heading-title elementor-size-default\">HIL testiranje<\/h2>\t\t\t\t<\/div>\n\t\t\t\t<\/div>\n\t\t\t\t<div class=\"elementor-element elementor-element-363dfae1 elementor-invisible elementor-widget elementor-widget-text-editor\" data-id=\"363dfae1\" data-element_type=\"widget\" data-settings=\"{&quot;_animation&quot;:&quot;fadeInUp&quot;,&quot;_animation_delay&quot;:200}\" data-widget_type=\"text-editor.default\">\n\t\t\t\t<div class=\"elementor-widget-container\">\n\t\t\t\t\t\t\t\t\t<p><span class=\"TextRun SCXO210294410 BCX0\" lang=\"DE-DE\" xml:lang=\"DE-DE\" data-contrast=\"none\"><span class=\"NormalTextRun SCXO210294410 BCX0\">Testiranje Hardware-in-the-Loop (HIL) izdvaja se kao klju\u010dna tehnika koja premo\u0161\u0107uje jaz izme\u0111u teorijskih simulacija i implementacije u stvarnom hardveru. Integracijom fizi\u010dkih komponenti sa simuliranim okru\u017eenjima, HIL testiranje pru\u017ea sveobuhvatnu platformu za evaluaciju slo\u017eenih sistema u razli\u010ditim industrijama, od automobilske i aeronauti\u010dke do robotike i energetskih sistema.<\/span><\/span><span class=\"EOP SCXO210294410 BCX0\">\u00a0<\/span><\/p><p><span class=\"TextRun SCXO182717341 BCX0\" lang=\"DE-DE\" xml:lang=\"DE-DE\" data-contrast=\"none\"><span class=\"NormalTextRun SCXO182717341 BCX0\">U svojoj su\u0161tini, HIL testiranje podrazumeva povezivanje fizi\u010dkog hardvera, kao \u0161to su senzori, aktuatori, kontroleri i \u010ditavi sistemi, sa simulacionim okru\u017eenjem. Ovo simulaciono okru\u017eenje, \u010desto pokretano sofisticiranim softverom, imitira stvarne scenarije i uslove, omogu\u0107avaju\u0107i in\u017eenjerima da procene performanse hardvera u razli\u010ditim operativnim uslovima, bez potrebe za skupim prototipovima ili rizikom od o\u0161te\u0107enja stvarne opreme.<\/span><\/span><span class=\"EOP SCXO182717341 BCX0\">\u00a0<\/span><\/p>\t\t\t\t\t\t\t\t<\/div>\n\t\t\t\t<\/div>\n\t\t\t\t<\/div>\n\t\t<div class=\"elementor-element elementor-element-30a290ab e-con-full e-flex e-con e-child\" data-id=\"30a290ab\" data-element_type=\"container\" data-settings=\"{&quot;background_background&quot;:&quot;classic&quot;}\">\n\t\t\t\t<div class=\"elementor-element elementor-element-c5cf1c3 elementor-invisible elementor-widget elementor-widget-image\" data-id=\"c5cf1c3\" data-element_type=\"widget\" data-settings=\"{&quot;_animation&quot;:&quot;fadeInRight&quot;}\" data-widget_type=\"image.default\">\n\t\t\t\t<div class=\"elementor-widget-container\">\n\t\t\t\t\t\t\t\t\t\t\t\t\t\t\t<img fetchpriority=\"high\" decoding=\"async\" width=\"640\" height=\"480\" src=\"https:\/\/www.in4nova.com\/wp-content\/uploads\/2024\/10\/In4nova-HIL-image.jpg\" class=\"attachment-large size-large wp-image-1690\" alt=\"\" srcset=\"https:\/\/www.in4nova.com\/wp-content\/uploads\/2024\/10\/In4nova-HIL-image.jpg 640w, https:\/\/www.in4nova.com\/wp-content\/uploads\/2024\/10\/In4nova-HIL-image-300x225.jpg 300w, https:\/\/www.in4nova.com\/wp-content\/uploads\/2024\/10\/In4nova-HIL-image-16x12.jpg 16w\" sizes=\"(max-width: 640px) 100vw, 640px\" \/>\t\t\t\t\t\t\t\t\t\t\t\t\t\t\t<\/div>\n\t\t\t\t<\/div>\n\t\t\t\t<\/div>\n\t\t\t\t\t<\/div>\n\t\t\t\t<\/div>\n\t\t<div class=\"elementor-element elementor-element-7dfd099 e-flex e-con-boxed e-con e-parent\" data-id=\"7dfd099\" data-element_type=\"container\">\n\t\t\t\t\t<div class=\"e-con-inner\">\n\t\t<div class=\"elementor-element elementor-element-a7c1f95 e-con-full e-flex e-con e-child\" data-id=\"a7c1f95\" data-element_type=\"container\" data-settings=\"{&quot;background_background&quot;:&quot;classic&quot;}\">\n\t\t\t\t<div class=\"elementor-element elementor-element-bb982ef elementor-widget elementor-widget-image\" data-id=\"bb982ef\" data-element_type=\"widget\" data-widget_type=\"image.default\">\n\t\t\t\t<div class=\"elementor-widget-container\">\n\t\t\t\t\t\t\t\t\t\t\t\t\t\t\t<img decoding=\"async\" width=\"1000\" height=\"750\" src=\"https:\/\/www.in4nova.com\/wp-content\/uploads\/2024\/08\/Automotive-Network-1-1024x768.png\" class=\"attachment-large size-large wp-image-786\" alt=\"\" srcset=\"\" sizes=\"(max-width: 1000px) 100vw, 1000px\" data-srcset=\"\" \/>\t\t\t\t\t\t\t\t\t\t\t\t\t\t\t<\/div>\n\t\t\t\t<\/div>\n\t\t\t\t<\/div>\n\t\t<div class=\"elementor-element elementor-element-4946381 e-con-full e-flex e-con e-child\" data-id=\"4946381\" data-element_type=\"container\">\n\t\t\t\t<div class=\"elementor-element elementor-element-6249528 elementor-widget elementor-widget-text-editor\" data-id=\"6249528\" data-element_type=\"widget\" data-widget_type=\"text-editor.default\">\n\t\t\t\t<div class=\"elementor-widget-container\">\n\t\t\t\t\t\t\t\t\t<p><span data-contrast=\"none\">Jedna od glavnih prednosti HIL testiranja je njegova sposobnost da izlo\u017ei hardver \u0161irokom spektru scenarija, uklju\u010duju\u0107i ekstremne uslove i grani\u010dne slu\u010dajeve, koje bi bilo neprakti\u010dno ili opasno replicirati u stvarnom \u017eivotu. Ovo sveobuhvatno testno okru\u017eenje omogu\u0107ava in\u017eenjerima da identifikuju i re\u0161e potencijalne probleme rano u razvoju, smanjuju\u0107i rizik od skupih gre\u0161aka i osiguravaju\u0107i pouzdanost i sigurnost proizvoda<\/span>\u00a0<\/p><p><span data-contrast=\"none\">Pored toga, HIL testiranje olak\u0161ava iterativno usavr\u0161avanje dizajna pru\u017eanjem brzih povratnih informacija. In\u017eenjeri mogu u realnom vremenu menjati parametre, algoritme ili hardverske konfiguracije i posmatrati njihov uticaj u simuliranom okru\u017eenju, \u010dime se ubrzava proces optimizacije i skra\u0107uje vreme izlaska na tr\u017ei\u0161te.<\/span>\u00a0<\/p><p><span data-contrast=\"none\">U automobilskoj industriji, na primer, HIL testiranje igra klju\u010dnu ulogu u razvoju naprednih sistema pomo\u0107i voza\u010du (ADAS), pogonskih sistema za elektri\u010dna vozila (EV) i tehnologija autonomnih vozila. Simulacijom razli\u010ditih scenarija vo\u017enje, uslova na putu i interakcija vozila, in\u017eenjeri mogu proceniti performanse senzora na brodu, kontrolnih algoritama i komunikacionih sistema sa neuporedivom ta\u010dno\u0161\u0107u i efikasno\u0161\u0107u.<\/span>\u00a0<\/p>\t\t\t\t\t\t\t\t<\/div>\n\t\t\t\t<\/div>\n\t\t\t\t<\/div>\n\t\t\t\t\t<\/div>\n\t\t\t\t<\/div>\n\t\t<div class=\"elementor-element elementor-element-488d799 e-flex e-con-boxed e-con e-parent\" data-id=\"488d799\" data-element_type=\"container\" data-settings=\"{&quot;background_background&quot;:&quot;classic&quot;}\">\n\t\t\t\t\t<div class=\"e-con-inner\">\n\t\t<div class=\"elementor-element elementor-element-998f537 e-con-full e-flex e-con e-child\" data-id=\"998f537\" data-element_type=\"container\">\n\t\t\t\t<div class=\"elementor-element elementor-element-ee65947 elementor-widget elementor-widget-heading\" data-id=\"ee65947\" data-element_type=\"widget\" data-widget_type=\"heading.default\">\n\t\t\t\t<div class=\"elementor-widget-container\">\n\t\t\t\t\t<h2 class=\"elementor-heading-title elementor-size-default\">SIL testiranje<\/h2>\t\t\t\t<\/div>\n\t\t\t\t<\/div>\n\t\t\t\t<div class=\"elementor-element elementor-element-7f99261 elementor-widget elementor-widget-text-editor\" data-id=\"7f99261\" data-element_type=\"widget\" data-widget_type=\"text-editor.default\">\n\t\t\t\t<div class=\"elementor-widget-container\">\n\t\t\t\t\t\t\t\t\t<p><span class=\"TextRun SCXO191090667 BCX0\" lang=\"DE-DE\" xml:lang=\"DE-DE\" data-contrast=\"none\"><span class=\"NormalTextRun SCXO191090667 BCX0\">Software-in-the-Loop (SIL) je klju\u010dna komponenta procesa razvoja u automobilskoj industriji, igraju\u0107i centralnu ulogu u verifikaciji i validaciji funkcionalnosti i performansi ugra\u0111enog softvera unutar sistema vozila. SIL testiranje podrazumeva izvr\u0161avanje softverskih algoritama u simuliranom okru\u017eenju, omogu\u0107avaju\u0107i in\u017eenjerima da procene njihovo pona\u0161anje i funkcionalnost bez potrebe za fizi\u010dkim hardverom. Ovaj pristup nudi brojne prednosti, uklju\u010duju\u0107i isplativost, skalabilnost i mogu\u0107nost testiranja pod razli\u010ditim uslovima.<\/span><\/span><span class=\"EOP SCXO191090667 BCX0\">\u00a0<\/span><\/p>\t\t\t\t\t\t\t\t<\/div>\n\t\t\t\t<\/div>\n\t\t\t\t<\/div>\n\t\t<div class=\"elementor-element elementor-element-3085f14 e-con-full e-flex e-con e-child\" data-id=\"3085f14\" data-element_type=\"container\" data-settings=\"{&quot;background_background&quot;:&quot;classic&quot;}\">\n\t\t\t\t<div class=\"elementor-element elementor-element-b5d9abf elementor-widget elementor-widget-image\" data-id=\"b5d9abf\" data-element_type=\"widget\" data-widget_type=\"image.default\">\n\t\t\t\t<div class=\"elementor-widget-container\">\n\t\t\t\t\t\t\t\t\t\t\t\t\t\t\t<img decoding=\"async\" width=\"612\" height=\"344\" src=\"https:\/\/www.in4nova.com\/wp-content\/uploads\/2024\/08\/Network-AI-Illustration.jpg\" class=\"attachment-large size-large wp-image-785\" alt=\"\" srcset=\"https:\/\/www.in4nova.com\/wp-content\/uploads\/2024\/08\/Network-AI-Illustration.jpg 612w, https:\/\/www.in4nova.com\/wp-content\/uploads\/2024\/08\/Network-AI-Illustration-300x169.jpg 300w\" sizes=\"(max-width: 612px) 100vw, 612px\" \/>\t\t\t\t\t\t\t\t\t\t\t\t\t\t\t<\/div>\n\t\t\t\t<\/div>\n\t\t\t\t<\/div>\n\t\t\t\t\t<\/div>\n\t\t\t\t<\/div>\n\t\t<div class=\"elementor-element elementor-element-51e7a34 e-flex e-con-boxed e-con e-parent\" data-id=\"51e7a34\" data-element_type=\"container\" data-settings=\"{&quot;background_background&quot;:&quot;classic&quot;}\">\n\t\t\t\t\t<div class=\"e-con-inner\">\n\t\t<div class=\"elementor-element elementor-element-38e7d8b e-con-full e-flex e-con e-child\" data-id=\"38e7d8b\" data-element_type=\"container\" data-settings=\"{&quot;background_background&quot;:&quot;classic&quot;}\">\n\t\t\t\t<div class=\"elementor-element elementor-element-5afa5a6 elementor-widget elementor-widget-image\" data-id=\"5afa5a6\" data-element_type=\"widget\" data-widget_type=\"image.default\">\n\t\t\t\t<div class=\"elementor-widget-container\">\n\t\t\t\t\t\t\t\t\t\t\t\t\t\t\t<img loading=\"lazy\" decoding=\"async\" width=\"445\" height=\"445\" src=\"https:\/\/www.in4nova.com\/wp-content\/uploads\/2024\/08\/Network-AI-Illustration.png\" class=\"attachment-large size-large wp-image-784\" alt=\"\" srcset=\"https:\/\/www.in4nova.com\/wp-content\/uploads\/2024\/08\/Network-AI-Illustration.png 445w, https:\/\/www.in4nova.com\/wp-content\/uploads\/2024\/08\/Network-AI-Illustration-300x300.png 300w, https:\/\/www.in4nova.com\/wp-content\/uploads\/2024\/08\/Network-AI-Illustration-150x150.png 150w\" sizes=\"(max-width: 445px) 100vw, 445px\" \/>\t\t\t\t\t\t\t\t\t\t\t\t\t\t\t<\/div>\n\t\t\t\t<\/div>\n\t\t\t\t<\/div>\n\t\t<div class=\"elementor-element elementor-element-2f44309 e-con-full e-flex e-con e-child\" data-id=\"2f44309\" data-element_type=\"container\">\n\t\t\t\t<div class=\"elementor-element elementor-element-7fda8a1 elementor-widget elementor-widget-text-editor\" data-id=\"7fda8a1\" data-element_type=\"widget\" data-widget_type=\"text-editor.default\">\n\t\t\t\t<div class=\"elementor-widget-container\">\n\t\t\t\t\t\t\t\t\t<p><span data-contrast=\"none\">Tokom SIL testiranja, in\u017eenjeri izvr\u0161avaju softverske algoritme unutar simuliranog okru\u017eenja i analiziraju njihovu performansu pod razli\u010ditim radnim uslovima, ulaznim signalima i scenarijima. Ovaj proces im omogu\u0107ava da potvrde ta\u010dnost, robusnost i uskla\u0111enost softvera u vezi sa funkcionalnim zahtevima, bezbednosnim standardima i regulatornim specifikacijama.<\/span>\u00a0<\/p><p><span data-contrast=\"none\">Jedna od klju\u010dnih prednosti SIL testiranja u automobilskoj in\u017eenjeringu je njegova sposobnost da ubrza razvojni ciklus omogu\u0107avanjem rane validacije i verifikacije softverskih funkcionalnosti. In\u017eenjeri mogu otkriti i re\u0161iti potencijalne probleme u fazi dizajna softvera, smanjuju\u0107i verovatno\u0107u skupih gre\u0161aka i prepravki tokom kasnijih faza razvoja.<\/span>\u00a0<span data-contrast=\"none\">\u202f<\/span>\u00a0<\/p><p><span data-contrast=\"none\">Pored toga, SIL testiranje omogu\u0107ava sveobuhvatno pokrivanje testova omogu\u0107avaju\u0107i in\u017eenjerima da simuliraju \u0161irok spektar scenarija i grani\u010dnih slu\u010dajeva koji bi mogli biti neprakti\u010dni ili nesigurni za repliciranje u testiranju u stvarnom svetu.<\/span>\u00a0<\/p>\t\t\t\t\t\t\t\t<\/div>\n\t\t\t\t<\/div>\n\t\t\t\t<\/div>\n\t\t\t\t\t<\/div>\n\t\t\t\t<\/div>\n\t\t<div class=\"elementor-element elementor-element-3d11ea7 e-flex e-con-boxed e-con e-parent\" data-id=\"3d11ea7\" data-element_type=\"container\">\n\t\t\t\t\t<div class=\"e-con-inner\">\n\t\t<div class=\"elementor-element elementor-element-0ce121e e-con-full e-flex e-con e-child\" data-id=\"0ce121e\" data-element_type=\"container\">\n\t\t\t\t<div class=\"elementor-element elementor-element-6430faa elementor-widget elementor-widget-heading\" data-id=\"6430faa\" data-element_type=\"widget\" data-widget_type=\"heading.default\">\n\t\t\t\t<div class=\"elementor-widget-container\">\n\t\t\t\t\t<h2 class=\"elementor-heading-title elementor-size-default\">Testiranje baterijskih modula za elektri\u010dna vozila<\/h2>\t\t\t\t<\/div>\n\t\t\t\t<\/div>\n\t\t\t\t<div class=\"elementor-element elementor-element-4b4fc04 elementor-widget elementor-widget-text-editor\" data-id=\"4b4fc04\" data-element_type=\"widget\" data-widget_type=\"text-editor.default\">\n\t\t\t\t<div class=\"elementor-widget-container\">\n\t\t\t\t\t\t\t\t\t<p><span class=\"TextRun SCXO123778340 BCX0\" lang=\"DE-DE\" xml:lang=\"DE-DE\" data-contrast=\"none\"><span class=\"NormalTextRun SCXO123778340 BCX0\">Analiza rezultata elektri\u010dnih, mehani\u010dkih, bezbednosnih i dugotrajnih hardverskih testova. Svakodnevna saradnja sa OEM i Tier 1 dobavlja\u010dima u vezi sa zahtevima, rezultatima testiranja, predstoje\u0107im planovima testiranja i klju\u010dnim ta\u010dkama. Priprema nivoa izdanja (Nivo 1 do Nivo 4) i prezentovanje rezultata reviziji.<\/span><\/span><span class=\"EOP SCXO123778340 BCX0\">\u00a0<\/span><\/p>\t\t\t\t\t\t\t\t<\/div>\n\t\t\t\t<\/div>\n\t\t\t\t<\/div>\n\t\t<div class=\"elementor-element elementor-element-ec01838 e-con-full e-flex e-con e-child\" data-id=\"ec01838\" data-element_type=\"container\" data-settings=\"{&quot;background_background&quot;:&quot;classic&quot;}\">\n\t\t\t\t<div class=\"elementor-element elementor-element-d20176e elementor-widget elementor-widget-image\" data-id=\"d20176e\" data-element_type=\"widget\" data-widget_type=\"image.default\">\n\t\t\t\t<div class=\"elementor-widget-container\">\n\t\t\t\t\t\t\t\t\t\t\t\t\t\t\t<img loading=\"lazy\" decoding=\"async\" width=\"600\" height=\"400\" src=\"https:\/\/www.in4nova.com\/wp-content\/uploads\/2024\/08\/Battery-testing-image-600x400-2.jpg\" class=\"attachment-large size-large wp-image-782\" alt=\"\" srcset=\"https:\/\/www.in4nova.com\/wp-content\/uploads\/2024\/08\/Battery-testing-image-600x400-2.jpg 600w, https:\/\/www.in4nova.com\/wp-content\/uploads\/2024\/08\/Battery-testing-image-600x400-2-300x200.jpg 300w\" sizes=\"(max-width: 600px) 100vw, 600px\" \/>\t\t\t\t\t\t\t\t\t\t\t\t\t\t\t<\/div>\n\t\t\t\t<\/div>\n\t\t\t\t<\/div>\n\t\t\t\t\t<\/div>\n\t\t\t\t<\/div>\n\t\t<div class=\"elementor-element elementor-element-a50f896 e-flex e-con-boxed e-con e-parent\" data-id=\"a50f896\" data-element_type=\"container\">\n\t\t\t\t\t<div class=\"e-con-inner\">\n\t\t<div class=\"elementor-element elementor-element-fc7217a e-con-full e-flex e-con e-child\" data-id=\"fc7217a\" data-element_type=\"container\" data-settings=\"{&quot;background_background&quot;:&quot;classic&quot;}\">\n\t\t\t\t<div class=\"elementor-element elementor-element-4c64dd7 elementor-widget elementor-widget-image\" data-id=\"4c64dd7\" data-element_type=\"widget\" data-widget_type=\"image.default\">\n\t\t\t\t<div class=\"elementor-widget-container\">\n\t\t\t\t\t\t\t\t\t\t\t\t\t\t\t<img loading=\"lazy\" decoding=\"async\" width=\"1000\" height=\"563\" src=\"https:\/\/www.in4nova.com\/wp-content\/uploads\/2024\/08\/Infotainment-AI-Illustration-1024x576.webp\" class=\"attachment-large size-large wp-image-781\" alt=\"\" srcset=\"\" sizes=\"(max-width: 1000px) 100vw, 1000px\" data-srcset=\"\" \/>\t\t\t\t\t\t\t\t\t\t\t\t\t\t\t<\/div>\n\t\t\t\t<\/div>\n\t\t\t\t<\/div>\n\t\t<div class=\"elementor-element elementor-element-ff7ab27 e-con-full e-flex e-con e-child\" data-id=\"ff7ab27\" data-element_type=\"container\">\n\t\t\t\t<div class=\"elementor-element elementor-element-24bbe2f elementor-widget elementor-widget-heading\" data-id=\"24bbe2f\" data-element_type=\"widget\" data-widget_type=\"heading.default\">\n\t\t\t\t<div class=\"elementor-widget-container\">\n\t\t\t\t\t<h2 class=\"elementor-heading-title elementor-size-default\">Testiranje infotainment sistema<\/h2>\t\t\t\t<\/div>\n\t\t\t\t<\/div>\n\t\t\t\t<div class=\"elementor-element elementor-element-0e7f23a elementor-widget elementor-widget-text-editor\" data-id=\"0e7f23a\" data-element_type=\"widget\" data-widget_type=\"text-editor.default\">\n\t\t\t\t<div class=\"elementor-widget-container\">\n\t\t\t\t\t\t\t\t\t<p><span data-contrast=\"none\">Iskustvo u testiranju infotainment sistema za poznate OEM proizvo\u0111a\u010de.<\/span>\u00a0<\/p><p><span data-contrast=\"none\">Testiranje je obavljeno na ru\u010dni i automatski na\u010din.<\/span>\u00a0<\/p><p><span data-contrast=\"none\">Za ulogu u automatskom testiranju, posao je bio da se kreiraju i pokre\u0107u automatski test slu\u010dajevi koriste\u0107i Python.<\/span>\u00a0<\/p><p><span data-contrast=\"none\">Analizirati tragove gre\u0161ke i utvrditi uzrok buga, zatim proslediti ticket odgovornoj osobi koriste\u0107i alat za pra\u0107enje gre\u0161aka dobavlja\u010da.\"<\/span>\u00a0<\/p>\t\t\t\t\t\t\t\t<\/div>\n\t\t\t\t<\/div>\n\t\t\t\t<\/div>\n\t\t\t\t\t<\/div>\n\t\t\t\t<\/div>\n\t\t\t\t<\/div>","protected":false},"excerpt":{"rendered":"<p>IT Quality Testing HIL Testing Hardware-in-the-Loop (HIL) testing stands out as a pivotal technique that bridges the gap between theoretical simulations and [&hellip;]<\/p>","protected":false},"author":1,"featured_media":0,"parent":0,"menu_order":0,"comment_status":"closed","ping_status":"closed","template":"","meta":{"footnotes":""},"class_list":["post-563","page","type-page","status-publish","hentry"],"_links":{"self":[{"href":"https:\/\/www.in4nova.com\/sr\/wp-json\/wp\/v2\/pages\/563","targetHints":{"allow":["GET"]}}],"collection":[{"href":"https:\/\/www.in4nova.com\/sr\/wp-json\/wp\/v2\/pages"}],"about":[{"href":"https:\/\/www.in4nova.com\/sr\/wp-json\/wp\/v2\/types\/page"}],"author":[{"embeddable":true,"href":"https:\/\/www.in4nova.com\/sr\/wp-json\/wp\/v2\/users\/1"}],"replies":[{"embeddable":true,"href":"https:\/\/www.in4nova.com\/sr\/wp-json\/wp\/v2\/comments?post=563"}],"version-history":[{"count":58,"href":"https:\/\/www.in4nova.com\/sr\/wp-json\/wp\/v2\/pages\/563\/revisions"}],"predecessor-version":[{"id":1708,"href":"https:\/\/www.in4nova.com\/sr\/wp-json\/wp\/v2\/pages\/563\/revisions\/1708"}],"wp:attachment":[{"href":"https:\/\/www.in4nova.com\/sr\/wp-json\/wp\/v2\/media?parent=563"}],"curies":[{"name":"wp","href":"https:\/\/api.w.org\/{rel}","templated":true}]}}