{"id":723,"date":"2024-08-11T22:04:02","date_gmt":"2024-08-11T22:04:02","guid":{"rendered":"https:\/\/www.in4nova.com\/?page_id=723"},"modified":"2024-10-09T08:13:49","modified_gmt":"2024-10-09T08:13:49","slug":"careers","status":"publish","type":"page","link":"https:\/\/www.in4nova.com\/sr\/careers\/","title":{"rendered":"Karijera"},"content":{"rendered":"<div data-elementor-type=\"wp-page\" data-elementor-id=\"723\" class=\"elementor elementor-723\" data-elementor-settings=\"{&quot;element_pack_global_tooltip_width&quot;:{&quot;unit&quot;:&quot;px&quot;,&quot;size&quot;:&quot;&quot;,&quot;sizes&quot;:[]},&quot;element_pack_global_tooltip_width_tablet&quot;:{&quot;unit&quot;:&quot;px&quot;,&quot;size&quot;:&quot;&quot;,&quot;sizes&quot;:[]},&quot;element_pack_global_tooltip_width_mobile&quot;:{&quot;unit&quot;:&quot;px&quot;,&quot;size&quot;:&quot;&quot;,&quot;sizes&quot;:[]},&quot;element_pack_global_tooltip_padding&quot;:{&quot;unit&quot;:&quot;px&quot;,&quot;top&quot;:&quot;&quot;,&quot;right&quot;:&quot;&quot;,&quot;bottom&quot;:&quot;&quot;,&quot;left&quot;:&quot;&quot;,&quot;isLinked&quot;:true},&quot;element_pack_global_tooltip_padding_tablet&quot;:{&quot;unit&quot;:&quot;px&quot;,&quot;top&quot;:&quot;&quot;,&quot;right&quot;:&quot;&quot;,&quot;bottom&quot;:&quot;&quot;,&quot;left&quot;:&quot;&quot;,&quot;isLinked&quot;:true},&quot;element_pack_global_tooltip_padding_mobile&quot;:{&quot;unit&quot;:&quot;px&quot;,&quot;top&quot;:&quot;&quot;,&quot;right&quot;:&quot;&quot;,&quot;bottom&quot;:&quot;&quot;,&quot;left&quot;:&quot;&quot;,&quot;isLinked&quot;:true},&quot;element_pack_global_tooltip_border_radius&quot;:{&quot;unit&quot;:&quot;px&quot;,&quot;top&quot;:&quot;&quot;,&quot;right&quot;:&quot;&quot;,&quot;bottom&quot;:&quot;&quot;,&quot;left&quot;:&quot;&quot;,&quot;isLinked&quot;:true},&quot;element_pack_global_tooltip_border_radius_tablet&quot;:{&quot;unit&quot;:&quot;px&quot;,&quot;top&quot;:&quot;&quot;,&quot;right&quot;:&quot;&quot;,&quot;bottom&quot;:&quot;&quot;,&quot;left&quot;:&quot;&quot;,&quot;isLinked&quot;:true},&quot;element_pack_global_tooltip_border_radius_mobile&quot;:{&quot;unit&quot;:&quot;px&quot;,&quot;top&quot;:&quot;&quot;,&quot;right&quot;:&quot;&quot;,&quot;bottom&quot;:&quot;&quot;,&quot;left&quot;:&quot;&quot;,&quot;isLinked&quot;:true}}\" data-elementor-post-type=\"page\">\n\t\t\t\t\t\t<div class=\"elementor-section elementor-top-section elementor-element elementor-element-2e7491fe elementor-section-full_width elementor-section-height-default elementor-section-height-default\" data-id=\"2e7491fe\" data-element_type=\"section\" data-settings=\"{&quot;background_background&quot;:&quot;classic&quot;,&quot;shape_divider_bottom&quot;:&quot;curve&quot;}\">\n\t\t\t\t\t\t\t<div class=\"elementor-background-overlay\"><\/div>\n\t\t\t\t\t\t<div class=\"elementor-shape elementor-shape-bottom\" data-negative=\"false\">\n\t\t\t<svg xmlns=\"http:\/\/www.w3.org\/2000\/svg\" viewbox=\"0 0 1000 100\" preserveaspectratio=\"none\">\n    <path class=\"elementor-shape-fill\" d=\"M1000,4.3V0H0v4.3C0.9,23.1,126.7,99.2,500,100S1000,22.7,1000,4.3z\"\/>\n<\/svg>\t\t<\/div>\n\t\t\t\t\t<div class=\"elementor-container elementor-column-gap-default\">\n\t\t\t\t\t<div class=\"elementor-column elementor-col-50 elementor-top-column elementor-element elementor-element-5475f5e ui-col-align-left\" data-id=\"5475f5e\" data-element_type=\"column\">\n\t\t\t<div class=\"elementor-widget-wrap elementor-element-populated\">\n\t\t\t\t\t\t<div class=\"elementor-element elementor-element-7fe6fbc1  ui-split-animate elementor-widget-mobile__width-initial ui-splitby-chars elementor-widget elementor-widget-heading\" data-id=\"7fe6fbc1\" data-element_type=\"widget\" data-settings=\"{&quot;ui_animate_split&quot;:&quot;ui-split-animate&quot;,&quot;ui_animate_split_by&quot;:&quot;chars&quot;,&quot;ui_animate_split_style&quot;:&quot;fadeInUp&quot;}\" data-widget_type=\"heading.default\">\n\t\t\t\t<div class=\"elementor-widget-container\">\n\t\t\t\t\t<h2 class=\"elementor-heading-title elementor-size-default\">Karijera u IN4NOVA, prijavite se sada i pridru\u017eite se sjajnom timu! <\/h2>\t\t\t\t<\/div>\n\t\t\t\t<\/div>\n\t\t\t\t<div class=\"elementor-element elementor-element-270e0816 elementor-widget__width-initial animated-fast elementor-invisible elementor-widget elementor-widget-text-editor\" data-id=\"270e0816\" data-element_type=\"widget\" data-settings=\"{&quot;_animation&quot;:&quot;fadeInUp&quot;,&quot;_animation_delay&quot;:&quot;800&quot;}\" data-widget_type=\"text-editor.default\">\n\t\t\t\t<div class=\"elementor-widget-container\">\n\t\t\t\t\t\t\t\t\t<p><span style=\"font-size: inherit; color: var(--uicore-typography--p-c,'#070707'); font-family: var(--uicore-typography--p-f,'Inter'); font-style: var(--uicore-typography--p-st,'normal'); font-weight: var(--uicore-typography--p-w,'600'); letter-spacing: var(--uicore-typography--p-ls,'-0.027em'); text-transform: var(--uicore-typography--p-t,'none');\">Trenutno nemamo otvorenih pozicija, ali rado prihvatamo neformalne prijave ako verujete da biste bili dobar dodatak na\u0161em timu.<\/span><\/p>\t\t\t\t\t\t\t\t<\/div>\n\t\t\t\t<\/div>\n\t\t<div class=\"elementor-element elementor-element-59b4529 e-flex e-con-boxed e-con e-parent\" data-id=\"59b4529\" data-element_type=\"container\">\n\t\t\t\t\t<div class=\"e-con-inner\">\n\t\t\t\t<div class=\"elementor-element elementor-element-c2bcc0c animated-fast elementor-invisible elementor-widget elementor-widget-button\" data-id=\"c2bcc0c\" data-element_type=\"widget\" data-settings=\"{&quot;_animation&quot;:&quot;fadeInUp&quot;,&quot;_animation_delay&quot;:&quot;1000&quot;}\" data-widget_type=\"button.default\">\n\t\t\t\t<div class=\"elementor-widget-container\">\n\t\t\t\t\t\t\t\t\t<div class=\"elementor-button-wrapper\">\n\t\t\t\t\t<a class=\"elementor-button elementor-button-link elementor-size-sm\" href=\"mailto:contact@in4nova.com\">\n\t\t\t\t\t\t<span class=\"elementor-button-content-wrapper\">\n\t\t\t\t\t\t<span class=\"elementor-button-icon\">\n\t\t\t\t<svg aria-hidden=\"true\" class=\"e-font-icon-svg e-fas-envelope\" viewbox=\"0 0 512 512\" xmlns=\"http:\/\/www.w3.org\/2000\/svg\"><path d=\"M502.3 190.8c3.9-3.1 9.7-.2 9.7 4.7V400c0 26.5-21.5 48-48 48H48c-26.5 0-48-21.5-48-48V195.6c0-5 5.7-7.8 9.7-4.7 22.4 17.4 52.1 39.5 154.1 113.6 21.1 15.4 56.7 47.8 92.2 47.6 35.7.3 72-32.8 92.3-47.6 102-74.1 131.6-96.3 154-113.7zM256 320c23.2.4 56.6-29.2 73.4-41.4 132.7-96.3 142.8-104.7 173.4-128.7 5.8-4.5 9.2-11.5 9.2-18.9v-19c0-26.5-21.5-48-48-48H48C21.5 64 0 85.5 0 112v19c0 7.4 3.4 14.3 9.2 18.9 30.6 23.9 40.7 32.4 173.4 128.7 16.8 12.2 50.2 41.8 73.4 41.4z\"><\/path><\/svg>\t\t\t<\/span>\n\t\t\t\t\t\t\t\t\t<span class=\"elementor-button-text\">Prijavi se putem mejla<\/span>\n\t\t\t\t\t<\/span>\n\t\t\t\t\t<\/a>\n\t\t\t\t<\/div>\n\t\t\t\t\t\t\t\t<\/div>\n\t\t\t\t<\/div>\n\t\t\t\t<div class=\"elementor-element elementor-element-e030957 elementor-widget__width-auto bdt-reveal-preload bdt-reveal-effects-yes elementor-widget elementor-widget-text-editor\" data-id=\"e030957\" data-element_type=\"widget\" data-settings=\"{&quot;element_pack_reveal_effects_enable&quot;:&quot;yes&quot;,&quot;element_pack_reveal_effects_direction&quot;:&quot;bt&quot;,&quot;element_pack_reveal_effects_easing&quot;:&quot;easeOutCubic&quot;,&quot;element_pack_reveal_effects_speed&quot;:{&quot;unit&quot;:&quot;px&quot;,&quot;size&quot;:7,&quot;sizes&quot;:[]}}\" style=\"--ep-reveal-effects-init: 0;\" data-nnn=\"\" data-widget_type=\"text-editor.default\">\n\t\t\t\t<div class=\"elementor-widget-container\">\n\t\t\t\t\t\t\t\t\t<p>ili<\/p>\t\t\t\t\t\t\t\t<\/div>\n\t\t\t\t<\/div>\n\t\t\t\t<div class=\"elementor-element elementor-element-e548042 animated-fast elementor-invisible elementor-widget elementor-widget-button\" data-id=\"e548042\" data-element_type=\"widget\" data-settings=\"{&quot;_animation&quot;:&quot;fadeInUp&quot;,&quot;_animation_delay&quot;:1000}\" data-widget_type=\"button.default\">\n\t\t\t\t<div class=\"elementor-widget-container\">\n\t\t\t\t\t\t\t\t\t<div class=\"elementor-button-wrapper\">\n\t\t\t\t\t<a class=\"elementor-button elementor-button-link elementor-size-sm\" href=\"tel:00381645561678\">\n\t\t\t\t\t\t<span class=\"elementor-button-content-wrapper\">\n\t\t\t\t\t\t<span class=\"elementor-button-icon\">\n\t\t\t\t<svg aria-hidden=\"true\" class=\"e-font-icon-svg e-fas-phone\" viewbox=\"0 0 512 512\" xmlns=\"http:\/\/www.w3.org\/2000\/svg\"><path d=\"M493.4 24.6l-104-24c-11.3-2.6-22.9 3.3-27.5 13.9l-48 112c-4.2 9.8-1.4 21.3 6.9 28l60.6 49.6c-36 76.7-98.9 140.5-177.2 177.2l-49.6-60.6c-6.8-8.3-18.2-11.1-28-6.9l-112 48C3.9 366.5-2 378.1.6 389.4l24 104C27.1 504.2 36.7 512 48 512c256.1 0 464-207.5 464-464 0-11.2-7.7-20.9-18.6-23.4z\"><\/path><\/svg>\t\t\t<\/span>\n\t\t\t\t\t\t\t\t\t<span class=\"elementor-button-text\">Prijavi se putem telefona<\/span>\n\t\t\t\t\t<\/span>\n\t\t\t\t\t<\/a>\n\t\t\t\t<\/div>\n\t\t\t\t\t\t\t\t<\/div>\n\t\t\t\t<\/div>\n\t\t\t\t\t<\/div>\n\t\t\t\t<\/div>\n\t\t\t\t\t<\/div>\n\t\t<\/div>\n\t\t\t\t<div class=\"elementor-column elementor-col-50 elementor-top-column elementor-element elementor-element-644aaa25\" data-id=\"644aaa25\" data-element_type=\"column\">\n\t\t\t<div class=\"elementor-widget-wrap elementor-element-populated\">\n\t\t\t\t\t\t<div class=\"elementor-element elementor-element-797a956 elementor-invisible elementor-widget elementor-widget-image\" data-id=\"797a956\" data-element_type=\"widget\" data-settings=\"{&quot;_animation&quot;:&quot;fadeInRight&quot;,&quot;_animation_delay&quot;:&quot;400&quot;}\" data-widget_type=\"image.default\">\n\t\t\t\t<div class=\"elementor-widget-container\">\n\t\t\t\t\t\t\t\t\t\t\t\t\t\t\t<img fetchpriority=\"high\" decoding=\"async\" width=\"600\" height=\"551\" src=\"https:\/\/www.in4nova.com\/wp-content\/uploads\/2024\/08\/Careers-admin-ajax-copy.webp\" class=\"attachment-full size-full wp-image-727\" alt=\"\" srcset=\"https:\/\/www.in4nova.com\/wp-content\/uploads\/2024\/08\/Careers-admin-ajax-copy.webp 600w, https:\/\/www.in4nova.com\/wp-content\/uploads\/2024\/08\/Careers-admin-ajax-copy-300x276.webp 300w\" sizes=\"(max-width: 600px) 100vw, 600px\" \/>\t\t\t\t\t\t\t\t\t\t\t\t\t\t\t<\/div>\n\t\t\t\t<\/div>\n\t\t\t\t\t<\/div>\n\t\t<\/div>\n\t\t\t\t\t<\/div>\n\t\t<\/div>\n\t\t<div class=\"elementor-element elementor-element-52cb676 e-flex e-con-boxed e-con e-parent\" data-id=\"52cb676\" data-element_type=\"container\" data-settings=\"{&quot;background_background&quot;:&quot;classic&quot;}\">\n\t\t\t\t\t<div class=\"e-con-inner\">\n\t\t<div class=\"elementor-element elementor-element-76d77db e-con-full e-flex e-con e-child\" data-id=\"76d77db\" data-element_type=\"container\">\n\t\t\t\t<div class=\"elementor-element elementor-element-67be29e elementor-widget__width-initial ui-e-a-animate elementor-invisible elementor-widget elementor-widget-highlighted-text\" data-id=\"67be29e\" data-element_type=\"widget\" data-settings=\"{&quot;_animation&quot;:&quot;rotateInUpLeft&quot;,&quot;_animation_delay&quot;:300}\" data-widget_type=\"highlighted-text.default\">\n\t\t\t\t<div class=\"elementor-widget-container\">\n\t\t\t\t\t\t\t<h2 class=\"ui-e--highlighted-text\" >\n        <span class=\"ui-e-headline-text elementor-repeater-item-911f834\">Jer<\/span><span class=\"ui-e-headline-text elementor-repeater-item-60922a8 ui-e-headline-color\">\n\t\t\t\t\t\t\t\t\t<span class=\"whitespace\"> <\/span><span><span class=\"ui-e-headline-text ui-e-headline-highlighted\">kvalitet<\/span><span class=\"uicore-svg-wrapper\"><svg xmlns=\"http:\/\/www.w3.org\/2000\/svg\" viewbox=\"0 0 500 150\" preserveaspectratio=\"none\"><\/svg><\/span><\/span><span class=\"whitespace\"> <\/span><\/span><span class=\"ui-e-headline-text elementor-repeater-item-01b7d7e\">je na\u0161<\/span><span class=\"ui-e-headline-text elementor-repeater-item-ea296bf ui-e-headline-color\">\n\t\t\t\t\t\t\t\t\t<span class=\"whitespace\"> <\/span><span><span class=\"ui-e-headline-text ui-e-headline-highlighted\">za\u0161titni znak...<\/span><span class=\"uicore-svg-wrapper\"><svg xmlns=\"http:\/\/www.w3.org\/2000\/svg\" viewbox=\"0 0 500 150\" preserveaspectratio=\"none\"><\/svg><\/span><\/span><span class=\"whitespace\"> <\/span><\/span>        <\/h2>\n        \t\t\t\t<\/div>\n\t\t\t\t<\/div>\n\t\t\t\t<div class=\"elementor-element elementor-element-4703f51 elementor-invisible elementor-widget elementor-widget-text-editor\" data-id=\"4703f51\" data-element_type=\"widget\" data-settings=\"{&quot;_animation&quot;:&quot;rotateInUpLeft&quot;,&quot;_animation_delay&quot;:350}\" data-widget_type=\"text-editor.default\">\n\t\t\t\t<div class=\"elementor-widget-container\">\n\t\t\t\t\t\t\t\t\t<p>\u2026 a na\u0161 dobar kvalitet prvenstveno po\u010diva na na\u0161em fantasti\u010dnom timu! Svi smo razli\u010diti, ali delimo isti cilj \u2013 da radimo dobar posao za na\u0161e klijente i time obezbedimo trajni uspeh za IN4NOVA. Duboko verujemo u raznolikost i negovanje odnosa zasnovanih na poverenju i po\u0161tovanju.\u00a0<\/p><p>IN4NOVA je mesto gde se svako mo\u017ee ose\u0107ati prijatno i gde svako treba da ima priliku da maksimalno iskoristi svoje sposobnosti i izrazi svoju li\u010dnost. Uvereni smo da je to jedini na\u010din da stvorimo duh koji nam omogu\u0107ava da damo svoj maksimum za na\u0161e klijente.\u00a0<a href=\"https:\/\/www.in4nova.com\/sr\/company\/#quality\">\u201cQuality by IN4NOVA\u201d.<\/a><\/p>\t\t\t\t\t\t\t\t<\/div>\n\t\t\t\t<\/div>\n\t\t\t\t<\/div>\n\t\t<div class=\"elementor-element elementor-element-4d320db e-con-full e-flex e-con e-child\" data-id=\"4d320db\" data-element_type=\"container\">\n\t\t\t\t<div class=\"elementor-element elementor-element-5c3f775 elementor-widget elementor-widget-image\" data-id=\"5c3f775\" data-element_type=\"widget\" data-widget_type=\"image.default\">\n\t\t\t\t<div class=\"elementor-widget-container\">\n\t\t\t\t\t\t\t\t\t\t\t\t\t\t\t<img decoding=\"async\" width=\"1000\" height=\"667\" src=\"https:\/\/www.in4nova.com\/wp-content\/uploads\/2024\/08\/Standard-quality-control-collage.jpg\" class=\"attachment-large size-large wp-image-756\" alt=\"\" srcset=\"https:\/\/www.in4nova.com\/wp-content\/uploads\/2024\/08\/Standard-quality-control-collage.jpg 1000w, https:\/\/www.in4nova.com\/wp-content\/uploads\/2024\/08\/Standard-quality-control-collage-300x200.jpg 300w, https:\/\/www.in4nova.com\/wp-content\/uploads\/2024\/08\/Standard-quality-control-collage-768x512.jpg 768w, https:\/\/www.in4nova.com\/wp-content\/uploads\/2024\/08\/Standard-quality-control-collage-650x434.jpg 650w\" sizes=\"(max-width: 1000px) 100vw, 1000px\" \/>\t\t\t\t\t\t\t\t\t\t\t\t\t\t\t<\/div>\n\t\t\t\t<\/div>\n\t\t\t\t<\/div>\n\t\t\t\t\t<\/div>\n\t\t\t\t<\/div>\n\t\t\t\t<div class=\"elementor-section elementor-top-section elementor-element elementor-element-37fba024 elementor-section-boxed elementor-section-height-default elementor-section-height-default\" data-id=\"37fba024\" data-element_type=\"section\">\n\t\t\t\t\t\t<div class=\"elementor-container elementor-column-gap-default\">\n\t\t\t\t\t<div class=\"elementor-column elementor-col-100 elementor-top-column elementor-element elementor-element-7a1b846f\" data-id=\"7a1b846f\" data-element_type=\"column\">\n\t\t\t<div class=\"elementor-widget-wrap elementor-element-populated\">\n\t\t\t\t\t\t<section class=\"elementor-section elementor-inner-section elementor-element elementor-element-48a3b8e elementor-section-boxed elementor-section-height-default elementor-section-height-default\" data-id=\"48a3b8e\" data-element_type=\"section\">\n\t\t\t\t\t\t<div class=\"elementor-container elementor-column-gap-no\">\n\t\t\t\t\t<div class=\"elementor-column elementor-col-50 elementor-inner-column elementor-element elementor-element-708dbe85\" data-id=\"708dbe85\" data-element_type=\"column\">\n\t\t\t<div class=\"elementor-widget-wrap elementor-element-populated\">\n\t\t\t\t\t\t<div class=\"elementor-element elementor-element-7a0ef0c6 ui-e-a-animate elementor-invisible elementor-widget elementor-widget-highlighted-text\" data-id=\"7a0ef0c6\" data-element_type=\"widget\" data-settings=\"{&quot;_animation&quot;:&quot;rotateInUpLeft&quot;,&quot;_animation_delay&quot;:300}\" data-widget_type=\"highlighted-text.default\">\n\t\t\t\t<div class=\"elementor-widget-container\">\n\t\t\t\t\t\t\t<h2 class=\"ui-e--highlighted-text\" >\n        <span class=\"ui-e-headline-text elementor-repeater-item-911f834\">I to nije<\/span><span class=\"ui-e-headline-text elementor-repeater-item-60922a8 ui-e-headline-color\">\n\t\t\t\t\t\t\t\t\t<span class=\"whitespace\"> <\/span><span><span class=\"ui-e-headline-text ui-e-headline-highlighted\"> sve...<\/span><span class=\"uicore-svg-wrapper\"><svg xmlns=\"http:\/\/www.w3.org\/2000\/svg\" viewbox=\"0 0 500 150\" preserveaspectratio=\"none\"><\/svg><\/span><\/span><span class=\"whitespace\"> <\/span><\/span>        <\/h2>\n        \t\t\t\t<\/div>\n\t\t\t\t<\/div>\n\t\t\t\t<div class=\"elementor-element elementor-element-4f92a00d elementor-invisible elementor-widget elementor-widget-text-editor\" data-id=\"4f92a00d\" data-element_type=\"widget\" data-settings=\"{&quot;_animation&quot;:&quot;rotateInUpLeft&quot;,&quot;_animation_delay&quot;:350}\" data-widget_type=\"text-editor.default\">\n\t\t\t\t<div class=\"elementor-widget-container\">\n\t\t\t\t\t\t\t\t\t<p>Da bismo osigurali da svaki \u010dlan tima mo\u017ee da se razvija \u2013 profesionalno i li\u010dno \u2013 nudimo opse\u017ean i inspirativan program obuke kroz IN4NOVA akademiju, koji je uvek otvoren za ceo tim.<\/p><p>Da li tra\u017eite novi izazov u IT osiguranju kvaliteta? Da li vam se dopada na\u0161a filozofija? Da li ste spremni da preuzmete individualnu odgovornost i tra\u017eite vi\u0161e kreativne slobode? Tada biste mogli biti odli\u010dan dodatak na\u0161em timu \u2013 kao menad\u017eer testiranja, tester softvera, stru\u010dnjak za automatizaciju testiranja ili u nekoj drugoj funkciji koju mo\u017eda imate na umu.<\/p>\t\t\t\t\t\t\t\t<\/div>\n\t\t\t\t<\/div>\n\t\t\t\t\t<\/div>\n\t\t<\/div>\n\t\t\t\t<div class=\"elementor-column elementor-col-50 elementor-inner-column elementor-element elementor-element-3d3e966d\" data-id=\"3d3e966d\" data-element_type=\"column\">\n\t\t\t<div class=\"elementor-widget-wrap elementor-element-populated\">\n\t\t\t\t\t\t<div class=\"elementor-element elementor-element-6dd42ed animated-slow elementor-invisible elementor-widget elementor-widget-image\" data-id=\"6dd42ed\" data-element_type=\"widget\" data-settings=\"{&quot;_animation&quot;:&quot;fadeInRight&quot;}\" data-widget_type=\"image.default\">\n\t\t\t\t<div class=\"elementor-widget-container\">\n\t\t\t\t\t\t\t\t\t\t\t\t\t\t\t<img decoding=\"async\" width=\"1000\" height=\"840\" src=\"https:\/\/www.in4nova.com\/wp-content\/uploads\/2024\/08\/Corporate-Team-Mission-Image.webp\" class=\"attachment-large size-large wp-image-751\" alt=\"\" srcset=\"https:\/\/www.in4nova.com\/wp-content\/uploads\/2024\/08\/Corporate-Team-Mission-Image.webp 1000w, https:\/\/www.in4nova.com\/wp-content\/uploads\/2024\/08\/Corporate-Team-Mission-Image-300x252.webp 300w, https:\/\/www.in4nova.com\/wp-content\/uploads\/2024\/08\/Corporate-Team-Mission-Image-768x645.webp 768w, https:\/\/www.in4nova.com\/wp-content\/uploads\/2024\/08\/Corporate-Team-Mission-Image-650x546.webp 650w\" sizes=\"(max-width: 1000px) 100vw, 1000px\" \/>\t\t\t\t\t\t\t\t\t\t\t\t\t\t\t<\/div>\n\t\t\t\t<\/div>\n\t\t\t\t\t<\/div>\n\t\t<\/div>\n\t\t\t\t\t<\/div>\n\t\t<\/section>\n\t\t\t\t<section class=\"elementor-section elementor-inner-section elementor-element elementor-element-4f7fb737 elementor-section-boxed elementor-section-height-default elementor-section-height-default elementor-invisible\" data-id=\"4f7fb737\" data-element_type=\"section\" data-settings=\"{&quot;background_background&quot;:&quot;classic&quot;,&quot;animation&quot;:&quot;fadeInUp&quot;,&quot;animation_delay&quot;:250}\">\n\t\t\t\t\t\t<div class=\"elementor-container elementor-column-gap-default\">\n\t\t\t\t\t<div class=\"elementor-column elementor-col-33 elementor-inner-column elementor-element elementor-element-5990e7c3\" data-id=\"5990e7c3\" data-element_type=\"column\">\n\t\t\t<div class=\"elementor-widget-wrap elementor-element-populated\">\n\t\t\t\t\t\t<div class=\"elementor-element elementor-element-2748e336 bdt-icon-type-image elementor-position-top bdt-icon-effect-none elementor-widget elementor-widget-bdt-advanced-icon-box\" data-id=\"2748e336\" data-element_type=\"widget\" data-widget_type=\"bdt-advanced-icon-box.default\">\n\t\t\t\t<div class=\"elementor-widget-container\">\n\t\t\t\t\t\t\t<div class=\"bdt-ep-advanced-icon-box\">\r\n\r\n\t\t\t\t\t\t\t\r\n\t\t\t\t\t<div class=\"bdt-ep-advanced-icon-box-icon\">\r\n\t\t\t\t<span class=\"bdt-ep-advanced-icon-box-icon-wrap\">\r\n\r\n\r\n\t\t\t\t\t<img loading=\"lazy\" decoding=\"async\" width=\"96\" height=\"96\" src=\"https:\/\/www.in4nova.com\/wp-content\/uploads\/2024\/08\/Corporate-Team-Mission-Icon-1.webp\" class=\"attachment-full size-full\" alt=\"Drive innovation\" \/>\t\t\t\t<\/span>\r\n\t\t\t<\/div>\r\n\t\t\r\n\t\t\t\t\r\n\t\t\t<div class=\"bdt-ep-advanced-icon-box-content\">\r\n\r\n\t\t\t\t\t\t\t\t\t\r\n\t\t\t\t\t<h3 class=\"bdt-ep-advanced-icon-box-title ep-title-\">\r\n\t\t\t\t<span >\r\n\t\t\t\t\tPokrenite inovacije\t\t\t\t<\/span>\r\n\t\t\t<\/h3>\r\n\t\t\r\n\r\n\t\t\r\n\t\t\t\t\t\r\n\t\t\t\t\r\n\t\t\t\t\t\t\t\t\t<div class=\"bdt-ep-advanced-icon-box-description\">\r\n\t\t\t\t\t\tPionirska re\u0161enja koja redefini\u0161u tehnolo\u0161ki pejza\u017e i usmeravaju va\u0161e poslovanje prema neistra\u017eenim prilikama.\t\t\t\t\t<\/div>\r\n\t\t\t\t\r\n\t\t\t\t\t\t\t<\/div>\r\n\t\t<\/div>\r\n\r\n\t\t\r\n\t\t\r\n\t\t\t\t<\/div>\n\t\t\t\t<\/div>\n\t\t\t\t\t<\/div>\n\t\t<\/div>\n\t\t\t\t<div class=\"elementor-column elementor-col-33 elementor-inner-column elementor-element elementor-element-4bcf0798\" data-id=\"4bcf0798\" data-element_type=\"column\">\n\t\t\t<div class=\"elementor-widget-wrap elementor-element-populated\">\n\t\t\t\t\t\t<div class=\"elementor-element elementor-element-f1ec984 bdt-icon-type-image elementor-position-top bdt-icon-effect-none elementor-widget elementor-widget-bdt-advanced-icon-box\" data-id=\"f1ec984\" data-element_type=\"widget\" data-widget_type=\"bdt-advanced-icon-box.default\">\n\t\t\t\t<div class=\"elementor-widget-container\">\n\t\t\t\t\t\t\t<div class=\"bdt-ep-advanced-icon-box\">\r\n\r\n\t\t\t\t\t\t\t\r\n\t\t\t\t\t<div class=\"bdt-ep-advanced-icon-box-icon\">\r\n\t\t\t\t<span class=\"bdt-ep-advanced-icon-box-icon-wrap\">\r\n\r\n\r\n\t\t\t\t\t<img loading=\"lazy\" decoding=\"async\" width=\"97\" height=\"96\" src=\"https:\/\/www.in4nova.com\/wp-content\/uploads\/2024\/08\/Corporate-Team-Mission-Icon-2.webp\" class=\"attachment-full size-full\" alt=\"Empower businesses\" \/>\t\t\t\t<\/span>\r\n\t\t\t<\/div>\r\n\t\t\r\n\t\t\t\t\r\n\t\t\t<div class=\"bdt-ep-advanced-icon-box-content\">\r\n\r\n\t\t\t\t\t\t\t\t\t\r\n\t\t\t\t\t<h3 class=\"bdt-ep-advanced-icon-box-title ep-title-\">\r\n\t\t\t\t<span >\r\n\t\t\t\t\tOsna\u017eite poslovanje\t\t\t\t<\/span>\r\n\t\t\t<\/h3>\r\n\t\t\r\n\r\n\t\t\r\n\t\t\t\t\t\r\n\t\t\t\t\r\n\t\t\t\t\t\t\t\t\t<div class=\"bdt-ep-advanced-icon-box-description\">\r\n\t\t\t\t\t\tPru\u017eamo re\u0161enja koja nisu samo alati, ve\u0107 katalizatori koji ubrzavaju rast, stabilnost i uspeh va\u0161ih poduhvata.\t\t\t\t\t<\/div>\r\n\t\t\t\t\r\n\t\t\t\t\t\t\t<\/div>\r\n\t\t<\/div>\r\n\r\n\t\t\r\n\t\t\r\n\t\t\t\t<\/div>\n\t\t\t\t<\/div>\n\t\t\t\t\t<\/div>\n\t\t<\/div>\n\t\t\t\t<div class=\"elementor-column elementor-col-33 elementor-inner-column elementor-element elementor-element-161761fe\" data-id=\"161761fe\" data-element_type=\"column\">\n\t\t\t<div class=\"elementor-widget-wrap elementor-element-populated\">\n\t\t\t\t\t\t<div class=\"elementor-element elementor-element-241ef3ab bdt-icon-type-image elementor-position-top bdt-icon-effect-none elementor-widget elementor-widget-bdt-advanced-icon-box\" data-id=\"241ef3ab\" data-element_type=\"widget\" data-widget_type=\"bdt-advanced-icon-box.default\">\n\t\t\t\t<div class=\"elementor-widget-container\">\n\t\t\t\t\t\t\t<div class=\"bdt-ep-advanced-icon-box\">\r\n\r\n\t\t\t\t\t\t\t\r\n\t\t\t\t\t<div class=\"bdt-ep-advanced-icon-box-icon\">\r\n\t\t\t\t<span class=\"bdt-ep-advanced-icon-box-icon-wrap\">\r\n\r\n\r\n\t\t\t\t\t<img loading=\"lazy\" decoding=\"async\" width=\"97\" height=\"96\" src=\"https:\/\/www.in4nova.com\/wp-content\/uploads\/2024\/08\/Corporate-Team-Mission-Icon-3.webp\" class=\"attachment-full size-full\" alt=\"Sustainable future\" \/>\t\t\t\t<\/span>\r\n\t\t\t<\/div>\r\n\t\t\r\n\t\t\t\t\r\n\t\t\t<div class=\"bdt-ep-advanced-icon-box-content\">\r\n\r\n\t\t\t\t\t\t\t\t\t\r\n\t\t\t\t\t<h3 class=\"bdt-ep-advanced-icon-box-title ep-title-\">\r\n\t\t\t\t<span >\r\n\t\t\t\t\tOdr\u017eiva budu\u0107nost\t\t\t\t<\/span>\r\n\t\t\t<\/h3>\r\n\t\t\r\n\r\n\t\t\r\n\t\t\t\t\t\r\n\t\t\t\t\r\n\t\t\t\t\t\t\t\t\t<div class=\"bdt-ep-advanced-icon-box-description\">\r\n\t\t\t\t\t\tSa strategijom u ruci, sprovodimo re\u0161enja, osiguravaju\u0107i da svaka faza bude izvedena sa precizno\u0161\u0107u i efikasno\u0161\u0107u.\t\t\t\t\t<\/div>\r\n\t\t\t\t\r\n\t\t\t\t\t\t\t<\/div>\r\n\t\t<\/div>\r\n\r\n\t\t\r\n\t\t\r\n\t\t\t\t<\/div>\n\t\t\t\t<\/div>\n\t\t\t\t\t<\/div>\n\t\t<\/div>\n\t\t\t\t\t<\/div>\n\t\t<\/section>\n\t\t\t\t\t<\/div>\n\t\t<\/div>\n\t\t\t\t\t<\/div>\n\t\t<\/div>\n\t\t\t\t<\/div>","protected":false},"excerpt":{"rendered":"<p>Career at IN4NOVA, Apply now and join a great team! We currently don\u2019t have any specific vacancies, but we welcome unsolicited applications [&hellip;]<\/p>","protected":false},"author":1,"featured_media":0,"parent":0,"menu_order":0,"comment_status":"closed","ping_status":"closed","template":"","meta":{"footnotes":""},"class_list":["post-723","page","type-page","status-publish","hentry"],"_links":{"self":[{"href":"https:\/\/www.in4nova.com\/sr\/wp-json\/wp\/v2\/pages\/723","targetHints":{"allow":["GET"]}}],"collection":[{"href":"https:\/\/www.in4nova.com\/sr\/wp-json\/wp\/v2\/pages"}],"about":[{"href":"https:\/\/www.in4nova.com\/sr\/wp-json\/wp\/v2\/types\/page"}],"author":[{"embeddable":true,"href":"https:\/\/www.in4nova.com\/sr\/wp-json\/wp\/v2\/users\/1"}],"replies":[{"embeddable":true,"href":"https:\/\/www.in4nova.com\/sr\/wp-json\/wp\/v2\/comments?post=723"}],"version-history":[{"count":65,"href":"https:\/\/www.in4nova.com\/sr\/wp-json\/wp\/v2\/pages\/723\/revisions"}],"predecessor-version":[{"id":1704,"href":"https:\/\/www.in4nova.com\/sr\/wp-json\/wp\/v2\/pages\/723\/revisions\/1704"}],"wp:attachment":[{"href":"https:\/\/www.in4nova.com\/sr\/wp-json\/wp\/v2\/media?parent=723"}],"curies":[{"name":"wp","href":"https:\/\/api.w.org\/{rel}","templated":true}]}}