{"id":788,"date":"2024-08-11T23:57:46","date_gmt":"2024-08-11T23:57:46","guid":{"rendered":"https:\/\/www.in4nova.com\/?page_id=788"},"modified":"2024-10-09T08:21:51","modified_gmt":"2024-10-09T08:21:51","slug":"it-quality-testing","status":"publish","type":"page","link":"https:\/\/www.in4nova.com\/sr\/it-quality-testing\/","title":{"rendered":"IT Osiguranje Kvaliteta"},"content":{"rendered":"<div data-elementor-type=\"wp-page\" data-elementor-id=\"788\" class=\"elementor elementor-788\" data-elementor-settings=\"{&quot;element_pack_global_tooltip_width&quot;:{&quot;unit&quot;:&quot;px&quot;,&quot;size&quot;:&quot;&quot;,&quot;sizes&quot;:[]},&quot;element_pack_global_tooltip_width_tablet&quot;:{&quot;unit&quot;:&quot;px&quot;,&quot;size&quot;:&quot;&quot;,&quot;sizes&quot;:[]},&quot;element_pack_global_tooltip_width_mobile&quot;:{&quot;unit&quot;:&quot;px&quot;,&quot;size&quot;:&quot;&quot;,&quot;sizes&quot;:[]},&quot;element_pack_global_tooltip_padding&quot;:{&quot;unit&quot;:&quot;px&quot;,&quot;top&quot;:&quot;&quot;,&quot;right&quot;:&quot;&quot;,&quot;bottom&quot;:&quot;&quot;,&quot;left&quot;:&quot;&quot;,&quot;isLinked&quot;:true},&quot;element_pack_global_tooltip_padding_tablet&quot;:{&quot;unit&quot;:&quot;px&quot;,&quot;top&quot;:&quot;&quot;,&quot;right&quot;:&quot;&quot;,&quot;bottom&quot;:&quot;&quot;,&quot;left&quot;:&quot;&quot;,&quot;isLinked&quot;:true},&quot;element_pack_global_tooltip_padding_mobile&quot;:{&quot;unit&quot;:&quot;px&quot;,&quot;top&quot;:&quot;&quot;,&quot;right&quot;:&quot;&quot;,&quot;bottom&quot;:&quot;&quot;,&quot;left&quot;:&quot;&quot;,&quot;isLinked&quot;:true},&quot;element_pack_global_tooltip_border_radius&quot;:{&quot;unit&quot;:&quot;px&quot;,&quot;top&quot;:&quot;&quot;,&quot;right&quot;:&quot;&quot;,&quot;bottom&quot;:&quot;&quot;,&quot;left&quot;:&quot;&quot;,&quot;isLinked&quot;:true},&quot;element_pack_global_tooltip_border_radius_tablet&quot;:{&quot;unit&quot;:&quot;px&quot;,&quot;top&quot;:&quot;&quot;,&quot;right&quot;:&quot;&quot;,&quot;bottom&quot;:&quot;&quot;,&quot;left&quot;:&quot;&quot;,&quot;isLinked&quot;:true},&quot;element_pack_global_tooltip_border_radius_mobile&quot;:{&quot;unit&quot;:&quot;px&quot;,&quot;top&quot;:&quot;&quot;,&quot;right&quot;:&quot;&quot;,&quot;bottom&quot;:&quot;&quot;,&quot;left&quot;:&quot;&quot;,&quot;isLinked&quot;:true}}\" data-elementor-post-type=\"page\">\n\t\t\t\t\t\t<div class=\"elementor-section elementor-top-section elementor-element elementor-element-4077f722 elementor-section-boxed elementor-section-height-default elementor-section-height-default\" data-id=\"4077f722\" data-element_type=\"section\" data-e-type=\"section\" data-settings=\"{&quot;background_background&quot;:&quot;classic&quot;}\">\n\t\t\t\t\t\t\t<div class=\"elementor-background-overlay\"><\/div>\n\t\t\t\t\t\t\t<div class=\"elementor-container elementor-column-gap-default\">\n\t\t\t\t\t<div class=\"elementor-column elementor-col-50 elementor-top-column elementor-element elementor-element-5da41acb\" data-id=\"5da41acb\" data-element_type=\"column\" data-e-type=\"column\">\n\t\t\t<div class=\"elementor-widget-wrap elementor-element-populated\">\n\t\t\t\t<div class=\"elementor-element elementor-element-edf1e6f e-flex e-con-boxed e-con e-parent\" data-id=\"edf1e6f\" data-element_type=\"container\" data-e-type=\"container\">\n\t\t\t\t\t<div class=\"e-con-inner\">\n\t\t\t\t<div class=\"elementor-element elementor-element-2d98a97 elementor-widget__width-auto elementor-invisible elementor-widget elementor-widget-heading\" data-id=\"2d98a97\" data-element_type=\"widget\" data-e-type=\"widget\" data-settings=\"{&quot;_animation&quot;:&quot;fadeInUp&quot;,&quot;_animation_delay&quot;:600}\" data-widget_type=\"heading.default\">\n\t\t\t\t<div class=\"elementor-widget-container\">\n\t\t\t\t\t<h6 class=\"elementor-heading-title elementor-size-default\">IT Osiguranje Kvaliteta<\/h6>\t\t\t\t<\/div>\n\t\t\t\t<\/div>\n\t\t\t\t<div class=\"elementor-element elementor-element-fd82978  ui-split-animate ui-e-a-animate ui-splitby-chars elementor-widget elementor-widget-highlighted-text\" data-id=\"fd82978\" data-element_type=\"widget\" data-e-type=\"widget\" data-settings=\"{&quot;_animation&quot;:&quot;none&quot;,&quot;_animation_delay&quot;:200,&quot;ui_animate_split&quot;:&quot;ui-split-animate&quot;,&quot;ui_animate_split_by&quot;:&quot;chars&quot;,&quot;ui_animate_split_style&quot;:&quot;fadeInUp&quot;}\" data-widget_type=\"highlighted-text.default\">\n\t\t\t\t<div class=\"elementor-widget-container\">\n\t\t\t\t\t\t\t<h2 class=\"ui-e--highlighted-text\" >\n        <span class=\"ui-e-headline-text elementor-repeater-item-911f834\">Usluge koje<br><\/span><span class=\"ui-e-headline-text elementor-repeater-item-60922a8 ui-e-headline-color\">\n\t\t\t\t\t\t\t\t\t<span class=\"whitespace\"> <\/span><span><span class=\"ui-e-headline-text ui-e-headline-highlighted\">garantuju kvalitet<\/span><span class=\"uicore-svg-wrapper\"><svg xmlns=\"http:\/\/www.w3.org\/2000\/svg\" viewbox=\"0 0 500 150\" preserveaspectratio=\"none\"><\/svg><\/span><\/span><span class=\"whitespace\"> <\/span><\/span>        <\/h2>\n        \t\t\t\t<\/div>\n\t\t\t\t<\/div>\n\t\t\t\t<div class=\"elementor-element elementor-element-1ea9e0b elementor-widget elementor-widget-spacer\" data-id=\"1ea9e0b\" data-element_type=\"widget\" data-e-type=\"widget\" data-widget_type=\"spacer.default\">\n\t\t\t\t<div class=\"elementor-widget-container\">\n\t\t\t\t\t\t\t<div class=\"elementor-spacer\">\r\n\t\t\t<div class=\"elementor-spacer-inner\"><\/div>\r\n\t\t<\/div>\r\n\t\t\t\t\t\t<\/div>\n\t\t\t\t<\/div>\n\t\t\t\t<div class=\"elementor-element elementor-element-9ce1f02 elementor-widget__width-initial elementor-widget-tablet__width-initial elementor-widget-mobile__width-inherit elementor-invisible elementor-widget elementor-widget-text-editor\" data-id=\"9ce1f02\" data-element_type=\"widget\" data-e-type=\"widget\" data-settings=\"{&quot;_animation&quot;:&quot;fadeInUp&quot;,&quot;_animation_delay&quot;:200}\" data-widget_type=\"text-editor.default\">\n\t\t\t\t<div class=\"elementor-widget-container\">\n\t\t\t\t\t\t\t\t\t<p>Koristimo agilne i automatizovane procese testiranja kako bismo osigurali kvalitet softvera, smanjili rizik i ubrzali razvojne cikluse.<\/p>\t\t\t\t\t\t\t\t<\/div>\n\t\t\t\t<\/div>\n\t\t\t\t\t<\/div>\n\t\t\t\t<\/div>\n\t\t\t\t\t<\/div>\n\t\t<\/div>\n\t\t\t\t<div class=\"elementor-column elementor-col-50 elementor-top-column elementor-element elementor-element-48a7bcf\" data-id=\"48a7bcf\" data-element_type=\"column\" data-e-type=\"column\">\n\t\t\t<div class=\"elementor-widget-wrap elementor-element-populated\">\n\t\t\t\t<div class=\"elementor-element elementor-element-a6a892b e-flex e-con-boxed e-con e-parent\" data-id=\"a6a892b\" data-element_type=\"container\" data-e-type=\"container\">\n\t\t\t\t\t<div class=\"e-con-inner\">\n\t\t\t\t<div class=\"elementor-element elementor-element-300aa0b elementor-invisible elementor-widget elementor-widget-image\" data-id=\"300aa0b\" data-element_type=\"widget\" data-e-type=\"widget\" data-settings=\"{&quot;_animation&quot;:&quot;fadeInUp&quot;,&quot;_animation_delay&quot;:300}\" data-widget_type=\"image.default\">\n\t\t\t\t<div class=\"elementor-widget-container\">\n\t\t\t\t\t\t\t\t\t\t\t\t\t\t\t<img fetchpriority=\"high\" decoding=\"async\" width=\"1702\" height=\"1240\" src=\"https:\/\/www.in4nova.com\/wp-content\/uploads\/2024\/09\/Screenshot-2024-09-04-at-18.44.27.png\" class=\"attachment-full size-full wp-image-1121\" alt=\"\" srcset=\"https:\/\/www.in4nova.com\/wp-content\/uploads\/2024\/09\/Screenshot-2024-09-04-at-18.44.27.png 1702w, https:\/\/www.in4nova.com\/wp-content\/uploads\/2024\/09\/Screenshot-2024-09-04-at-18.44.27-300x219.png 300w, https:\/\/www.in4nova.com\/wp-content\/uploads\/2024\/09\/Screenshot-2024-09-04-at-18.44.27-1024x746.png 1024w, https:\/\/www.in4nova.com\/wp-content\/uploads\/2024\/09\/Screenshot-2024-09-04-at-18.44.27-768x560.png 768w, https:\/\/www.in4nova.com\/wp-content\/uploads\/2024\/09\/Screenshot-2024-09-04-at-18.44.27-1536x1119.png 1536w, https:\/\/www.in4nova.com\/wp-content\/uploads\/2024\/09\/Screenshot-2024-09-04-at-18.44.27-16x12.png 16w, https:\/\/www.in4nova.com\/wp-content\/uploads\/2024\/09\/Screenshot-2024-09-04-at-18.44.27-650x474.png 650w\" sizes=\"(max-width: 1702px) 100vw, 1702px\" \/>\t\t\t\t\t\t\t\t\t\t\t\t\t\t\t<\/div>\n\t\t\t\t<\/div>\n\t\t\t\t\t<\/div>\n\t\t\t\t<\/div>\n\t\t\t\t\t<\/div>\n\t\t<\/div>\n\t\t\t\t\t<\/div>\n\t\t<\/div>\n\t\t\t\t<div class=\"elementor-section elementor-top-section elementor-element elementor-element-99b21db elementor-section-boxed elementor-section-height-default elementor-section-height-default\" data-id=\"99b21db\" data-element_type=\"section\" data-e-type=\"section\">\n\t\t\t\t\t\t<div class=\"elementor-container elementor-column-gap-no\">\n\t\t\t\t\t<div class=\"elementor-column elementor-col-100 elementor-top-column elementor-element elementor-element-3c8ad190\" data-id=\"3c8ad190\" data-element_type=\"column\" data-e-type=\"column\">\n\t\t\t<div class=\"elementor-widget-wrap elementor-element-populated\">\n\t\t\t\t\t\t<div class=\"elementor-element elementor-element-395b3383 elementor-widget__width-auto elementor-invisible elementor-widget elementor-widget-heading\" data-id=\"395b3383\" data-element_type=\"widget\" data-e-type=\"widget\" data-settings=\"{&quot;_animation&quot;:&quot;rotateInUpLeft&quot;,&quot;_animation_delay&quot;:&quot;300&quot;}\" data-widget_type=\"heading.default\">\n\t\t\t\t<div class=\"elementor-widget-container\">\n\t\t\t\t\t<h6 class=\"elementor-heading-title elementor-size-default\">Usluge testiranja kvaliteta IT sistema<\/h6>\t\t\t\t<\/div>\n\t\t\t\t<\/div>\n\t\t\t\t<div class=\"elementor-element elementor-element-509999db ui-e-a-animate elementor-invisible elementor-widget elementor-widget-highlighted-text\" data-id=\"509999db\" data-element_type=\"widget\" data-e-type=\"widget\" data-settings=\"{&quot;_animation&quot;:&quot;fadeInUp&quot;,&quot;_animation_delay&quot;:&quot;450&quot;}\" data-widget_type=\"highlighted-text.default\">\n\t\t\t\t<div class=\"elementor-widget-container\">\n\t\t\t\t\t\t\t<h2 class=\"ui-e--highlighted-text\" >\n        <span class=\"ui-e-headline-text elementor-repeater-item-911f834\">Isporu\u010dujemo<\/span><span class=\"ui-e-headline-text elementor-repeater-item-60922a8 ui-e-headline-color\">\n\t\t\t\t\t\t\t\t\t<span class=\"whitespace\"> <\/span><span><span class=\"ui-e-headline-text ui-e-headline-highlighted\">vrednost<\/span><span class=\"uicore-svg-wrapper\"><svg xmlns=\"http:\/\/www.w3.org\/2000\/svg\" viewbox=\"0 0 500 150\" preserveaspectratio=\"none\"><\/svg><\/span><\/span><span class=\"whitespace\"> <\/span><\/span><span class=\"ui-e-headline-text elementor-repeater-item-01b7d7e\">u razli\u010ditim oblastima<\/span>        <\/h2>\n        \t\t\t\t<\/div>\n\t\t\t\t<\/div>\n\t\t\t\t<div class=\"elementor-element elementor-element-2dcb1a8a elementor-widget__width-initial elementor-widget-tablet__width-initial elementor-widget-mobile__width-inherit elementor-invisible elementor-widget elementor-widget-text-editor\" data-id=\"2dcb1a8a\" data-element_type=\"widget\" data-e-type=\"widget\" data-settings=\"{&quot;_animation&quot;:&quot;fadeInUp&quot;,&quot;_animation_delay&quot;:&quot;600&quot;}\" data-widget_type=\"text-editor.default\">\n\t\t\t\t<div class=\"elementor-widget-container\">\n\t\t\t\t\t\t\t\t\tNa\u0161 raznovrstan portfolio zadovoljava potrebe preduze\u0107a svih veli\u010dina, osiguravaju\u0107i efikasnost, skalabilnost i konkurentsku prednost.\t\t\t\t\t\t\t\t<\/div>\n\t\t\t\t<\/div>\n\t\t\t\t<section class=\"elementor-section elementor-inner-section elementor-element elementor-element-3e063d7d elementor-section-boxed elementor-section-height-default elementor-section-height-default\" data-id=\"3e063d7d\" data-element_type=\"section\" data-e-type=\"section\">\n\t\t\t\t\t\t<div class=\"elementor-container elementor-column-gap-default\">\n\t\t\t\t\t<div class=\"elementor-column elementor-col-50 elementor-inner-column elementor-element elementor-element-7472a3ff elementor-invisible\" data-id=\"7472a3ff\" data-element_type=\"column\" data-e-type=\"column\" data-settings=\"{&quot;animation&quot;:&quot;zoomOutDown&quot;,&quot;animation_delay&quot;:400}\">\n\t\t\t<div class=\"elementor-widget-wrap elementor-element-populated\">\n\t\t\t\t\t\t<div class=\"elementor-element elementor-element-12a80215 bdt-flip-box-effect-fade bdt-flip-box-easing-ease-out elementor-widget elementor-widget-bdt-flip-box\" data-id=\"12a80215\" data-element_type=\"widget\" data-e-type=\"widget\" data-widget_type=\"bdt-flip-box.default\">\n\t\t\t\t<div class=\"elementor-widget-container\">\n\t\t\t\t\t\t\t<div class=\"bdt-flip-box\" data-settings=\"{&quot;flipTrigger&quot;:&quot;hover&quot;}\">\r\n\t\t\t<div class=\"bdt-flip-box-layer bdt-flip-box-front\">\r\n\t\t\t\t<div class=\"bdt-flip-box-layer-overlay\">\r\n\t\t\t\t\t<div class=\"bdt-flip-box-layer-inner\">\r\n\t\t\t\t\t\t\t\t\t\t\t\t\t<div class=\"bdt-flip-box-image\">\r\n\t\t\t\t\t\t\t\t<img decoding=\"async\" width=\"84\" height=\"84\" src=\"https:\/\/www.in4nova.com\/wp-content\/uploads\/2024\/08\/Corporate-Services-Image-1.webp\" class=\"attachment-full size-full wp-image-798\" alt=\"\" \/>\t\t\t\t\t\t\t<\/div>\r\n\t\t\t\t\t\t\r\n\t\t\t\t\t\t\t\t\t\t\t\t\t<h4 class=\"bdt-flip-box-layer-title\">\r\n\t\t\t\t\t\t\t\tIT testovi optere\u0107enja &amp; Test performansi \t\t\t\t\t\t\t<\/h4>\r\n\t\t\t\t\t\t\r\n\t\t\t\t\t\t\t\t\t\t\t<\/div>\r\n\t\t\t\t<\/div>\r\n\t\t\t<\/div>\r\n\t\t\t<div class=\"bdt-flip-box-layer bdt-flip-box-back\">\r\n\t\t\t\t<div class=\"bdt-flip-box-layer-overlay\">\r\n\t\t\t\t\t<div class=\"bdt-flip-box-layer-inner\">\r\n\t\t\t\t\t\t\t\t\t\t\t\t\t<h3 class=\"bdt-flip-box-layer-title\">\r\n\t\t\t\t\t\t\t\tIT testovi optere\u0107enja &amp; Test performansi \t\t\t\t\t\t\t<\/h3>\r\n\t\t\t\t\t\t\r\n\t\t\t\t\t\t\t\t\t\t\t\t\t<div class=\"bdt-flip-box-layer-desc\">\r\n\t\t\t\t\t\t\t\tIN4NOVA analizira pona\u0161anje IT sistema pod razli\u010ditim scenarijima optere\u0107enja i osigurava aspekte kao \u0161to su stabilnost aplikacija.\t\t\t\t\t\t\t<\/div>\r\n\t\t\t\t\t\t\r\n\t\t\t\t\t\t\t\t\t\t\t\t\t<a class=\"bdt-flip-box-button elementor-button elementor-size-sm\" href=\"https:\/\/www.in4nova.com\/sr\/it-test-loads\/\">\r\n\t\t\t\t\t\t\t\tSaznajte vi\u0161e\t\t\t\t\t\t\t<\/a>\r\n\t\t\t\t\t\t\t\t\t\t\t<\/div>\r\n\t\t\t\t<\/div>\r\n\t\t\t<\/div>\r\n\t\t<\/div>\r\n\t\t\t\t\t<\/div>\n\t\t\t\t<\/div>\n\t\t\t\t\t<\/div>\n\t\t<\/div>\n\t\t\t\t<div class=\"elementor-column elementor-col-50 elementor-inner-column elementor-element elementor-element-4a74b786 elementor-invisible\" data-id=\"4a74b786\" data-element_type=\"column\" data-e-type=\"column\" data-settings=\"{&quot;animation&quot;:&quot;zoomOutDown&quot;,&quot;animation_delay&quot;:500}\">\n\t\t\t<div class=\"elementor-widget-wrap elementor-element-populated\">\n\t\t\t\t\t\t<div class=\"elementor-element elementor-element-7e863406 bdt-flip-box-effect-fade bdt-flip-box-easing-ease-out elementor-widget elementor-widget-bdt-flip-box\" data-id=\"7e863406\" data-element_type=\"widget\" data-e-type=\"widget\" data-widget_type=\"bdt-flip-box.default\">\n\t\t\t\t<div class=\"elementor-widget-container\">\n\t\t\t\t\t\t\t<div class=\"bdt-flip-box\" data-settings=\"{&quot;flipTrigger&quot;:&quot;hover&quot;}\">\r\n\t\t\t<div class=\"bdt-flip-box-layer bdt-flip-box-front\">\r\n\t\t\t\t<div class=\"bdt-flip-box-layer-overlay\">\r\n\t\t\t\t\t<div class=\"bdt-flip-box-layer-inner\">\r\n\t\t\t\t\t\t\t\t\t\t\t\t\t<div class=\"bdt-flip-box-image\">\r\n\t\t\t\t\t\t\t\t<img decoding=\"async\" width=\"84\" height=\"84\" src=\"https:\/\/www.in4nova.com\/wp-content\/uploads\/2024\/08\/Corporate-Services-Image-3.webp\" class=\"attachment-full size-full wp-image-800\" alt=\"\" \/>\t\t\t\t\t\t\t<\/div>\r\n\t\t\t\t\t\t\r\n\t\t\t\t\t\t\t\t\t\t\t\t\t<h4 class=\"bdt-flip-box-layer-title\">\r\n\t\t\t\t\t\t\t\tRe\u0161enja za sajber bezbednost\t\t\t\t\t\t\t<\/h4>\r\n\t\t\t\t\t\t\r\n\t\t\t\t\t\t\t\t\t\t\t<\/div>\r\n\t\t\t\t<\/div>\r\n\t\t\t<\/div>\r\n\t\t\t<div class=\"bdt-flip-box-layer bdt-flip-box-back\">\r\n\t\t\t\t<div class=\"bdt-flip-box-layer-overlay\">\r\n\t\t\t\t\t<div class=\"bdt-flip-box-layer-inner\">\r\n\t\t\t\t\t\t\t\t\t\t\t\t\t<h3 class=\"bdt-flip-box-layer-title\">\r\n\t\t\t\t\t\t\t\tRe\u0161enja za sajber bezbednost\t\t\t\t\t\t\t<\/h3>\r\n\t\t\t\t\t\t\r\n\t\t\t\t\t\t\t\t\t\t\t\t\t<div class=\"bdt-flip-box-layer-desc\">\r\n\t\t\t\t\t\t\t\tNivo bezbednosti potreban za aplikacije i sisteme raste. Na\u0161 paket usluga testiranja bezbednosti nudi klijentima niz usluga koje se fokusiraju na razli\u010dite faze \u017eivotnog ciklusa softvera.\t\t\t\t\t\t\t<\/div>\r\n\t\t\t\t\t\t\r\n\t\t\t\t\t\t\t\t\t\t\t\t\t<a class=\"bdt-flip-box-button elementor-button elementor-size-sm\" href=\"https:\/\/www.in4nova.com\/sr\/cyber-security\/\">\r\n\t\t\t\t\t\t\t\tSaznajte vi\u0161e\t\t\t\t\t\t\t<\/a>\r\n\t\t\t\t\t\t\t\t\t\t\t<\/div>\r\n\t\t\t\t<\/div>\r\n\t\t\t<\/div>\r\n\t\t<\/div>\r\n\t\t\t\t\t<\/div>\n\t\t\t\t<\/div>\n\t\t\t\t\t<\/div>\n\t\t<\/div>\n\t\t\t\t\t<\/div>\n\t\t<\/section>\n\t\t\t\t<section class=\"elementor-section elementor-inner-section elementor-element elementor-element-33ccbac2 elementor-section-boxed elementor-section-height-default elementor-section-height-default\" data-id=\"33ccbac2\" data-element_type=\"section\" data-e-type=\"section\">\n\t\t\t\t\t\t<div class=\"elementor-container elementor-column-gap-default\">\n\t\t\t\t\t<div class=\"elementor-column elementor-col-50 elementor-inner-column elementor-element elementor-element-36310be7 elementor-invisible\" data-id=\"36310be7\" data-element_type=\"column\" data-e-type=\"column\" data-settings=\"{&quot;animation&quot;:&quot;zoomOutUp&quot;,&quot;animation_delay&quot;:600}\">\n\t\t\t<div class=\"elementor-widget-wrap elementor-element-populated\">\n\t\t\t\t\t\t<div class=\"elementor-element elementor-element-78593a88 bdt-flip-box-effect-fade bdt-flip-box-easing-ease-out elementor-widget elementor-widget-bdt-flip-box\" data-id=\"78593a88\" data-element_type=\"widget\" data-e-type=\"widget\" data-widget_type=\"bdt-flip-box.default\">\n\t\t\t\t<div class=\"elementor-widget-container\">\n\t\t\t\t\t\t\t<div class=\"bdt-flip-box\" data-settings=\"{&quot;flipTrigger&quot;:&quot;hover&quot;}\">\r\n\t\t\t<div class=\"bdt-flip-box-layer bdt-flip-box-front\">\r\n\t\t\t\t<div class=\"bdt-flip-box-layer-overlay\">\r\n\t\t\t\t\t<div class=\"bdt-flip-box-layer-inner\">\r\n\t\t\t\t\t\t\t\t\t\t\t\t\t<div class=\"bdt-flip-box-image\">\r\n\t\t\t\t\t\t\t\t<img loading=\"lazy\" decoding=\"async\" width=\"84\" height=\"84\" src=\"https:\/\/www.in4nova.com\/wp-content\/uploads\/2024\/08\/Corporate-Services-Image-2.webp\" class=\"attachment-full size-full wp-image-804\" alt=\"\" \/>\t\t\t\t\t\t\t<\/div>\r\n\t\t\t\t\t\t\r\n\t\t\t\t\t\t\t\t\t\t\t\t\t<h4 class=\"bdt-flip-box-layer-title\">\r\n\t\t\t\t\t\t\t\tUpravljanje testovima \t\t\t\t\t\t\t<\/h4>\r\n\t\t\t\t\t\t\r\n\t\t\t\t\t\t\t\t\t\t\t<\/div>\r\n\t\t\t\t<\/div>\r\n\t\t\t<\/div>\r\n\t\t\t<div class=\"bdt-flip-box-layer bdt-flip-box-back\">\r\n\t\t\t\t<div class=\"bdt-flip-box-layer-overlay\">\r\n\t\t\t\t\t<div class=\"bdt-flip-box-layer-inner\">\r\n\t\t\t\t\t\t\t\t\t\t\t\t\t<h3 class=\"bdt-flip-box-layer-title\">\r\n\t\t\t\t\t\t\t\tUpravljanje testovima\t\t\t\t\t\t\t<\/h3>\r\n\t\t\t\t\t\t\r\n\t\t\t\t\t\t\t\t\t\t\t\t\t<div class=\"bdt-flip-box-layer-desc\">\r\n\t\t\t\t\t\t\t\tKoristimo agilne i automatizovane procese testiranja kako bismo osigurali kvalitet softvera, smanjili rizik i ubrzali razvojne cikluse. \t\t\t\t\t\t\t<\/div>\r\n\t\t\t\t\t\t\r\n\t\t\t\t\t\t\t\t\t\t\t\t\t<a class=\"bdt-flip-box-button elementor-button elementor-size-sm\" href=\"https:\/\/www.in4nova.com\/sr\/test-management\/\">\r\n\t\t\t\t\t\t\t\tSaznajte vi\u0161e\t\t\t\t\t\t\t<\/a>\r\n\t\t\t\t\t\t\t\t\t\t\t<\/div>\r\n\t\t\t\t<\/div>\r\n\t\t\t<\/div>\r\n\t\t<\/div>\r\n\t\t\t\t\t<\/div>\n\t\t\t\t<\/div>\n\t\t\t\t\t<\/div>\n\t\t<\/div>\n\t\t\t\t<div class=\"elementor-column elementor-col-50 elementor-inner-column elementor-element elementor-element-46a6092 elementor-invisible\" data-id=\"46a6092\" data-element_type=\"column\" data-e-type=\"column\" data-settings=\"{&quot;animation&quot;:&quot;zoomOutDown&quot;,&quot;animation_delay&quot;:600}\">\n\t\t\t<div class=\"elementor-widget-wrap elementor-element-populated\">\n\t\t\t\t\t\t<div class=\"elementor-element elementor-element-8e84f74 bdt-flip-box-effect-fade bdt-flip-box-easing-ease-out elementor-widget elementor-widget-bdt-flip-box\" data-id=\"8e84f74\" data-element_type=\"widget\" data-e-type=\"widget\" data-widget_type=\"bdt-flip-box.default\">\n\t\t\t\t<div class=\"elementor-widget-container\">\n\t\t\t\t\t\t\t<div class=\"bdt-flip-box\" data-settings=\"{&quot;flipTrigger&quot;:&quot;hover&quot;}\">\r\n\t\t\t<div class=\"bdt-flip-box-layer bdt-flip-box-front\">\r\n\t\t\t\t<div class=\"bdt-flip-box-layer-overlay\">\r\n\t\t\t\t\t<div class=\"bdt-flip-box-layer-inner\">\r\n\t\t\t\t\t\t\t\t\t\t\t\t\t<div class=\"bdt-flip-box-image\">\r\n\t\t\t\t\t\t\t\t<img loading=\"lazy\" decoding=\"async\" width=\"84\" height=\"84\" src=\"https:\/\/www.in4nova.com\/wp-content\/uploads\/2024\/08\/Corporate-Services-Image-4.webp\" class=\"attachment-full size-full wp-image-802\" alt=\"\" \/>\t\t\t\t\t\t\t<\/div>\r\n\t\t\t\t\t\t\r\n\t\t\t\t\t\t\t\t\t\t\t\t\t<h4 class=\"bdt-flip-box-layer-title\">\r\n\t\t\t\t\t\t\t\tHIL - SIL testiranje\t\t\t\t\t\t\t<\/h4>\r\n\t\t\t\t\t\t\r\n\t\t\t\t\t\t\t\t\t\t\t<\/div>\r\n\t\t\t\t<\/div>\r\n\t\t\t<\/div>\r\n\t\t\t<div class=\"bdt-flip-box-layer bdt-flip-box-back\">\r\n\t\t\t\t<div class=\"bdt-flip-box-layer-overlay\">\r\n\t\t\t\t\t<div class=\"bdt-flip-box-layer-inner\">\r\n\t\t\t\t\t\t\t\t\t\t\t\t\t<h3 class=\"bdt-flip-box-layer-title\">\r\n\t\t\t\t\t\t\t\tHIL\/SIL testiranje\t\t\t\t\t\t\t<\/h3>\r\n\t\t\t\t\t\t\r\n\t\t\t\t\t\t\t\t\t\t\t\t\t<div class=\"bdt-flip-box-layer-desc\">\r\n\t\t\t\t\t\t\t\tUbrzajte razvoj svog proizvoda uz na\u0161e HIL (Hardware-in-the-Loop) i SIL (Software-in-the-Loop) usluge testiranja. Osigurajte pouzdanu i efikasnu validaciju sistema simulacijom uslova iz stvarnog sveta i identifikovanjem potencijalnih problema u ranoj fazi razvojnog ciklusa.\t\t\t\t\t\t\t<\/div>\r\n\t\t\t\t\t\t\r\n\t\t\t\t\t\t\t\t\t\t\t\t\t<a class=\"bdt-flip-box-button elementor-button elementor-size-sm\" href=\"https:\/\/www.in4nova.com\/sr\/hil-sil-testing\/\">\r\n\t\t\t\t\t\t\t\tSaznajte vi\u0161e\t\t\t\t\t\t\t<\/a>\r\n\t\t\t\t\t\t\t\t\t\t\t<\/div>\r\n\t\t\t\t<\/div>\r\n\t\t\t<\/div>\r\n\t\t<\/div>\r\n\t\t\t\t\t<\/div>\n\t\t\t\t<\/div>\n\t\t\t\t\t<\/div>\n\t\t<\/div>\n\t\t\t\t\t<\/div>\n\t\t<\/section>\n\t\t\t\t\t<\/div>\n\t\t<\/div>\n\t\t\t\t\t<\/div>\n\t\t<\/div>\n\t\t\t\t<\/div>","protected":false},"excerpt":{"rendered":"<p>IT Quality Testing Services that Guarantee Quality We use efficient, agile and automated testing processes to manage your software quality in order [&hellip;]<\/p>","protected":false},"author":1,"featured_media":0,"parent":0,"menu_order":0,"comment_status":"closed","ping_status":"closed","template":"","meta":{"footnotes":""},"class_list":["post-788","page","type-page","status-publish","hentry"],"_links":{"self":[{"href":"https:\/\/www.in4nova.com\/sr\/wp-json\/wp\/v2\/pages\/788","targetHints":{"allow":["GET"]}}],"collection":[{"href":"https:\/\/www.in4nova.com\/sr\/wp-json\/wp\/v2\/pages"}],"about":[{"href":"https:\/\/www.in4nova.com\/sr\/wp-json\/wp\/v2\/types\/page"}],"author":[{"embeddable":true,"href":"https:\/\/www.in4nova.com\/sr\/wp-json\/wp\/v2\/users\/1"}],"replies":[{"embeddable":true,"href":"https:\/\/www.in4nova.com\/sr\/wp-json\/wp\/v2\/comments?post=788"}],"version-history":[{"count":35,"href":"https:\/\/www.in4nova.com\/sr\/wp-json\/wp\/v2\/pages\/788\/revisions"}],"predecessor-version":[{"id":1714,"href":"https:\/\/www.in4nova.com\/sr\/wp-json\/wp\/v2\/pages\/788\/revisions\/1714"}],"wp:attachment":[{"href":"https:\/\/www.in4nova.com\/sr\/wp-json\/wp\/v2\/media?parent=788"}],"curies":[{"name":"wp","href":"https:\/\/api.w.org\/{rel}","templated":true}]}}